{"id":630,"date":"2023-10-31T22:16:53","date_gmt":"2023-10-31T22:16:53","guid":{"rendered":"https:\/\/sietecolores.co\/?product=limon"},"modified":"2023-11-23T19:10:19","modified_gmt":"2023-11-23T19:10:19","slug":"limon","status":"publish","type":"product","link":"https:\/\/sietecolores.co\/?product=limon","title":{"rendered":"Lim\u00f3n"},"content":{"rendered":"<p>(Citrus lim\u00f3n, limonero)<\/p>\n<p>-LIBERA EL ESP\u00cdRITU PERMITIENDO SU EXPRESI\u00d3N TOTAL. Extracci\u00f3n consciente no industrializada<\/p>\n<p>CARACTER\u00cdSTICAS<br \/>\n&#8211; Es un \u00e1rbol con espinas, es originario de Asia, pero se ha extendido por todo el mundo. Tiene un alto contenido de vitamina C.<\/p>\n<p>&#8211; El aceite esencial se obtiene por prensado en fr\u00edo de la c\u00e1scara de limones frescos.<\/p>\n<p>PROPIEDADES F\u00cdSICAS TERAP\u00c9UTICAS<\/p>\n<p>&#8211; T\u00f3nico sistema circulatorio<br \/>\n&#8211; Cicatrizante<br \/>\n&#8211; Tiene propiedades astringente<br \/>\n&#8211; Purifica el ambiente<br \/>\n&#8211; Repelente de insectos<br \/>\n&#8211; Antis\u00e9ptico, bactericida, antiviral<br \/>\n&#8211; Diur\u00e9tico<br \/>\n&#8211; Estimulante sistema inmunol\u00f3gico<br \/>\n&#8211; Expectorante, usado en resfriados, bronquitis, sinusitis, asma y en general enfermedades respiratorias<br \/>\n&#8211; Estimulante controlando la ansiedad<br \/>\n&#8211; Hepatoprotector<br \/>\n&#8211; Hipotensor<br \/>\n&#8211; Por su acci\u00f3n sedante es \u00fatil en migra\u00f1as y dolores de cabeza persistentes<br \/>\n&#8211; Act\u00faa en el SPM, como analg\u00e9sico haciendo masaje en el abdomen bajo<br \/>\n&#8211; Contrarresta el efecto de envejecimiento en la piel<br \/>\n&#8211; Sistema digestivo: obesidad, p\u00e9rdida de apetito. Estimula producci\u00f3n de jugos pancre\u00e1tico y g\u00e1strico<br \/>\n&#8211; Este aceite es fotosensible por lo que no debe usarse cuando se recibe sol.<\/p>\n<p>PROPIEDADES TERAP\u00c9UTICAS ENERG\u00c9TICAS<\/p>\n<p>&#8211; Libera energ\u00edas bloqueadas<br \/>\n&#8211; Estimula la creatividad<br \/>\n&#8211; Mejora la memoria e induce la concentraci\u00f3n<br \/>\n&#8211; Promueve la alegr\u00eda y el optimismo<br \/>\n&#8211; Favorece el buen humor y el entusiasmo<br \/>\n&#8211; Promueve el hacer, tener actividad proactiva y eficaz<br \/>\n&#8211; Alivia la fatiga mental<br \/>\n&#8211; Acondiciona los espacios creando un ambiente positivo y limpiando energ\u00edas densas<br \/>\n&#8211; Libera el esp\u00edritu permitiendo que r\u00edas, que juegues, que seas libre en la manifestaci\u00f3n de la alegr\u00eda y la dicha de la vida. Esto te permite ser creativo y despertar tu intuici\u00f3n, lleva tu nivel de inteligencia a un nivel m\u00e1s all\u00e1 del racional<\/p>\n","protected":false},"excerpt":{"rendered":"<p>LIBERA EL ESP\u00cdRITU PERMITIENDO SU EXPRESI\u00d3N TOTAL. Extracci\u00f3n consciente no industrializada<\/p>\n<p>\u00datil en migra\u00f1as y dolores de cabeza persistentes. Estimula la creatividad<\/p>\n","protected":false},"featured_media":175,"comment_status":"open","ping_status":"closed","template":"","meta":{"_monsterinsights_skip_tracking":false,"_monsterinsights_sitenote_active":false,"_monsterinsights_sitenote_note":"","_monsterinsights_sitenote_category":0,"_joinchat":[]},"product_brand":[],"product_cat":[26],"product_tag":[],"class_list":{"0":"post-630","1":"product","2":"type-product","3":"status-publish","4":"has-post-thumbnail","6":"product_cat-aceites-sagrados","8":"first","9":"onbackorder","10":"shipping-taxable","11":"purchasable","12":"product-type-simple"},"aioseo_notices":[],"_links":{"self":[{"href":"https:\/\/sietecolores.co\/index.php?rest_route=\/wp\/v2\/product\/630","targetHints":{"allow":["GET"]}}],"collection":[{"href":"https:\/\/sietecolores.co\/index.php?rest_route=\/wp\/v2\/product"}],"about":[{"href":"https:\/\/sietecolores.co\/index.php?rest_route=\/wp\/v2\/types\/product"}],"replies":[{"embeddable":true,"href":"https:\/\/sietecolores.co\/index.php?rest_route=%2Fwp%2Fv2%2Fcomments&post=630"}],"wp:featuredmedia":[{"embeddable":true,"href":"https:\/\/sietecolores.co\/index.php?rest_route=\/wp\/v2\/media\/175"}],"wp:attachment":[{"href":"https:\/\/sietecolores.co\/index.php?rest_route=%2Fwp%2Fv2%2Fmedia&parent=630"}],"wp:term":[{"taxonomy":"product_brand","embeddable":true,"href":"https:\/\/sietecolores.co\/index.php?rest_route=%2Fwp%2Fv2%2Fproduct_brand&post=630"},{"taxonomy":"product_cat","embeddable":true,"href":"https:\/\/sietecolores.co\/index.php?rest_route=%2Fwp%2Fv2%2Fproduct_cat&post=630"},{"taxonomy":"product_tag","embeddable":true,"href":"https:\/\/sietecolores.co\/index.php?rest_route=%2Fwp%2Fv2%2Fproduct_tag&post=630"}],"curies":[{"name":"wp","href":"https:\/\/api.w.org\/{rel}","templated":true}]}}