{"id":631,"date":"2023-10-31T22:16:53","date_gmt":"2023-10-31T22:16:53","guid":{"rendered":"https:\/\/sietecolores.co\/?product=limoncillo"},"modified":"2023-11-23T19:10:36","modified_gmt":"2023-11-23T19:10:36","slug":"limoncillo","status":"publish","type":"product","link":"https:\/\/sietecolores.co\/?product=limoncillo","title":{"rendered":"Limoncillo"},"content":{"rendered":"<p>(Cymbopogon Citratus)<\/p>\n<p>-APACIGUA, CONTIENE Y CALMA. \u00a0Extracci\u00f3n consciente no industrializada.<\/p>\n<p>&#8211; Es un pasto que se cultiva por sus hojas arom\u00e1ticas y tallos que se utilizan como saborizante. Es natural de la Asia meridional. En la actualidad se la cultiva como planta medicinal en zonas tropicales y subtropicales de todo el planeta.Muy usado en la cocina asi\u00e1tica.<\/p>\n<p>&#8211; Conocido como Lemongrass, hierba lim\u00f3n, hierba Luisa. Se extrae por destilaci\u00f3n a vapor de sus brotes j\u00f3venes y tiene un aroma fresco, punzante y alimonado con notas especiadas y herbales. Es un aceite herbal, aunque su aroma parezca c\u00edtrico.<\/p>\n<p>PROPIEDADES TERAP\u00c9UTICAS F\u00cdSICAS<\/p>\n<p>&#8211; Analg\u00e9sico<br \/>\n&#8211; Antiinflamatorio<br \/>\n&#8211; Antidepresivo<br \/>\n&#8211; Antibi\u00f3tico, antis\u00e9ptico, bactericida, fungicida<br \/>\n&#8211; Antipir\u00e9tico<br \/>\n&#8211; Astringente sobre la piel, tratar poros abiertos, acn\u00e9<br \/>\n&#8211; Desodorante<br \/>\n&#8211; Diur\u00e9tico<br \/>\n&#8211; T\u00f3nico del Sistema digestivo<br \/>\n&#8211; Galactogogo: aumenta la producci\u00f3n de leche materna<br \/>\n&#8211; Combate el estr\u00e9s y el agotamiento nervioso ya que regula las funciones neurovegetativas y activa la producci\u00f3n de serotonina.<br \/>\n&#8211; Estimula secreciones glandulares<br \/>\n&#8211; Tonifica y estimula sistema circulatorio<br \/>\n&#8211; Repelente de insectos<br \/>\n&#8211; Excelente en el control de pulgas, garrapatas y piojos<\/p>\n<p>PROPIEDADES TERAP\u00c9UTICAS ENERG\u00c9TICAS<\/p>\n<p>&#8211; Vigoriza emociones d\u00e9biles<br \/>\n&#8211; Impulsa la concreci\u00f3n de ideas<br \/>\n&#8211; Tranquiliza la excitaci\u00f3n nerviosa inmotivada<br \/>\n&#8211; Despeja la mente<br \/>\n&#8211; Hace desaparecer las turbulencias emocionales y ayuda a ver las cosas con m\u00e1s claridad<br \/>\n&#8211; Nos mantiene tranquilos pero despiertos<br \/>\n&#8211; Eleva el esp\u00edritu y hace que las cosas sucedan<br \/>\n&#8211; Establece la paz y la tranquilidad donde hab\u00eda enfrentamiento<\/p>\n<p>&nbsp;<\/p>\n","protected":false},"excerpt":{"rendered":"<p>APACIGUA, CONTIENE Y CALMA. Extracci\u00f3n consciente no industrializada.<br \/>\nConocido como Lemongrass, hierba lim\u00f3n, hierba Luisa.<\/p>\n","protected":false},"featured_media":174,"comment_status":"open","ping_status":"closed","template":"","meta":{"_monsterinsights_skip_tracking":false,"_monsterinsights_sitenote_active":false,"_monsterinsights_sitenote_note":"","_monsterinsights_sitenote_category":0,"_joinchat":[]},"product_brand":[],"product_cat":[26],"product_tag":[],"class_list":{"0":"post-631","1":"product","2":"type-product","3":"status-publish","4":"has-post-thumbnail","6":"product_cat-aceites-sagrados","8":"first","9":"onbackorder","10":"shipping-taxable","11":"purchasable","12":"product-type-simple"},"aioseo_notices":[],"_links":{"self":[{"href":"https:\/\/sietecolores.co\/index.php?rest_route=\/wp\/v2\/product\/631","targetHints":{"allow":["GET"]}}],"collection":[{"href":"https:\/\/sietecolores.co\/index.php?rest_route=\/wp\/v2\/product"}],"about":[{"href":"https:\/\/sietecolores.co\/index.php?rest_route=\/wp\/v2\/types\/product"}],"replies":[{"embeddable":true,"href":"https:\/\/sietecolores.co\/index.php?rest_route=%2Fwp%2Fv2%2Fcomments&post=631"}],"wp:featuredmedia":[{"embeddable":true,"href":"https:\/\/sietecolores.co\/index.php?rest_route=\/wp\/v2\/media\/174"}],"wp:attachment":[{"href":"https:\/\/sietecolores.co\/index.php?rest_route=%2Fwp%2Fv2%2Fmedia&parent=631"}],"wp:term":[{"taxonomy":"product_brand","embeddable":true,"href":"https:\/\/sietecolores.co\/index.php?rest_route=%2Fwp%2Fv2%2Fproduct_brand&post=631"},{"taxonomy":"product_cat","embeddable":true,"href":"https:\/\/sietecolores.co\/index.php?rest_route=%2Fwp%2Fv2%2Fproduct_cat&post=631"},{"taxonomy":"product_tag","embeddable":true,"href":"https:\/\/sietecolores.co\/index.php?rest_route=%2Fwp%2Fv2%2Fproduct_tag&post=631"}],"curies":[{"name":"wp","href":"https:\/\/api.w.org\/{rel}","templated":true}]}}