{"id":632,"date":"2023-10-31T22:16:53","date_gmt":"2023-10-31T22:16:53","guid":{"rendered":"https:\/\/sietecolores.co\/?product=roll-on-intenso-alivio-celeste"},"modified":"2024-12-16T23:53:14","modified_gmt":"2024-12-16T23:53:14","slug":"roll-on-intenso-alivio-celeste","status":"publish","type":"product","link":"https:\/\/sietecolores.co\/?product=roll-on-intenso-alivio-celeste","title":{"rendered":"Roll-on Intenso \u2013 Alivio Celeste"},"content":{"rendered":"<p>Dile adi\u00f3s a la tensi\u00f3n y al cansancio f\u00edsico que tu cuerpo ha acumulado durante a\u00f1os. Perfecto para llevar a todas partes y aplicar en cualquier momento.<\/p>\n<p>&#8211; Es un aceite m\u00e1s concentrado para usar en puntos energ\u00e9ticos de acuerdo al prop\u00f3sito: alas de la nariz, entrecejo, sienes, detr\u00e1s de las orejas, interior de codos, mu\u00f1ecas, rodillas y tobillos, en puntos f\u00edsicos de chacras como coronilla, entrecejo, garganta a nivel de tiroides, centro de estern\u00f3n coraz\u00f3n, plexo solar arriba del ombligo, chacra 2 abajo del ombligo.<\/p>\n<p>&#8211; El aceite vehicular y portador vegetal es el Aceite de Aguacate, es un aceite m\u00e1s denso que se localiza y permanece por m\u00e1s tiempo para permitir a los aceites esenciales su acci\u00f3n.<\/p>\n<p>&#8211; Ideal para masajes y fricci\u00f3n de acuerdo al prop\u00f3sito. El aceite vehicular y portador vegetal es el aceite de jojoba que tiene r\u00e1pida absorci\u00f3n en piel y no te deja sensaci\u00f3n grasosa.<\/p>\n<p>&#8211; Descubre en esta importante selecci\u00f3n de aceites esenciales, energizados con cristales de sodalita, la mixtura necesaria para controlar los dolores , revitalizarte y encontrarte de nuevo con tu cuerpo sano.<\/p>\n<p>&#8211; En consecuencia controla dolores como la migra\u00f1a, articulares y musculares. Siente un efecto analg\u00e9sico y relajante sin efectos secundarios.<\/p>\n<p>Principales componentes:<br \/>\n&#8211; Ylang Ylang, Eucalipto Menta, \u00c1rbol de t\u00e9, Romero, Cal\u00e9ndula, \u00c1rnica, Cannabis, Pronto Alivio, Or\u00e9gano, Jengibre, Winter Green, C\u00farcuma, Pimienta negra y cristales de Sodalita y Celestita.<\/p>\n<p>Usos:<br \/>\n&#8211; T\u00f3pico. Inhalaci\u00f3n.<br \/>\n&#8211; Aplica sobre las sienes, cuello, detr\u00e1s de las orejas, entrecejo y coronilla.<br \/>\n&#8211; Su inhalaci\u00f3n o aplicaci\u00f3n a trav\u00e9s de masaje corporal activa puntos cerebrales que se encargan de armonizar y controlar la percepci\u00f3n de dolor.<\/p>\n<p>&#8211; Aplica sobre puntos energ\u00e9ticos para una sensaci\u00f3n de bienestar y alivio.<\/p>\n<p>Presentaci\u00f3n:<br \/>\n&#8211; Intenso Roll-On Prop\u00f3sito Maestro x 10 ml<\/p>\n<p>&#8211; Por su alta concentraci\u00f3n de los aceites seleccionados, la presentaci\u00f3n roll-on te permitir\u00e1 disfrutar de una mezcla intensa y con mayor densidad, que podr\u00e1s aplicar de manera f\u00e1cil y sin riesgo de derrames, en los puntos energ\u00e9ticos de tu cuerpo.<\/p>\n<p>Otras Presentaciones:<br \/>\nAceite Prop\u00f3sito Maestro x 5 ml<br \/>\nEsencia Ambiente x 70 ml<br \/>\nAceite Corporal x 30 ml<br \/>\nBruma x30 ml<\/p>\n<p>Aroma:<\/p>\n<p>&#8211; Frescura campestre.<\/p>\n<p>Modo de extracci\u00f3n:<\/p>\n<p>&#8211; Destilaci\u00f3n o extracci\u00f3n por arrastre de vapor.<\/p>\n<p>Recomendaciones:<\/p>\n<p>&#8211; No lo ingieras o pongas en contacto con los ojos u otras mucosas. Mantenlo fuera del alcance de los ni\u00f1os.<\/p>\n","protected":false},"excerpt":{"rendered":"<p>Dile adi\u00f3s a la tensi\u00f3n y al cansancio f\u00edsico que tu cuerpo ha acumulado durante a\u00f1os. \u00a0Perfecto para llevar a todas partes y aplicar en cualquier momento.<\/p>\n","protected":false},"featured_media":220,"comment_status":"open","ping_status":"closed","template":"","meta":{"_monsterinsights_skip_tracking":false,"_monsterinsights_sitenote_active":false,"_monsterinsights_sitenote_note":"","_monsterinsights_sitenote_category":0,"_joinchat":[]},"product_brand":[],"product_cat":[34,25,39],"product_tag":[],"class_list":{"0":"post-632","1":"product","2":"type-product","3":"status-publish","4":"has-post-thumbnail","6":"product_cat-alivio-celeste","7":"product_cat-propositos-maestros","8":"product_cat-roll-on-intenso","10":"first","11":"instock","12":"purchasable","13":"product-type-simple"},"aioseo_notices":[],"_links":{"self":[{"href":"https:\/\/sietecolores.co\/index.php?rest_route=\/wp\/v2\/product\/632","targetHints":{"allow":["GET"]}}],"collection":[{"href":"https:\/\/sietecolores.co\/index.php?rest_route=\/wp\/v2\/product"}],"about":[{"href":"https:\/\/sietecolores.co\/index.php?rest_route=\/wp\/v2\/types\/product"}],"replies":[{"embeddable":true,"href":"https:\/\/sietecolores.co\/index.php?rest_route=%2Fwp%2Fv2%2Fcomments&post=632"}],"wp:featuredmedia":[{"embeddable":true,"href":"https:\/\/sietecolores.co\/index.php?rest_route=\/wp\/v2\/media\/220"}],"wp:attachment":[{"href":"https:\/\/sietecolores.co\/index.php?rest_route=%2Fwp%2Fv2%2Fmedia&parent=632"}],"wp:term":[{"taxonomy":"product_brand","embeddable":true,"href":"https:\/\/sietecolores.co\/index.php?rest_route=%2Fwp%2Fv2%2Fproduct_brand&post=632"},{"taxonomy":"product_cat","embeddable":true,"href":"https:\/\/sietecolores.co\/index.php?rest_route=%2Fwp%2Fv2%2Fproduct_cat&post=632"},{"taxonomy":"product_tag","embeddable":true,"href":"https:\/\/sietecolores.co\/index.php?rest_route=%2Fwp%2Fv2%2Fproduct_tag&post=632"}],"curies":[{"name":"wp","href":"https:\/\/api.w.org\/{rel}","templated":true}]}}