{"id":633,"date":"2023-10-31T22:16:54","date_gmt":"2023-10-31T22:16:54","guid":{"rendered":"https:\/\/sietecolores.co\/?product=roll-on-intenso-equilibrio-ambar"},"modified":"2024-12-16T23:38:39","modified_gmt":"2024-12-16T23:38:39","slug":"roll-on-intenso-equilibrio-ambar","status":"publish","type":"product","link":"https:\/\/sietecolores.co\/?product=roll-on-intenso-equilibrio-ambar","title":{"rendered":"Roll-on Intenso \u2013 Equilibrio Ambar"},"content":{"rendered":"<p>&#8211; Controla ansiedades, depresiones, fobias y adicciones. Perfecto para llevar a todas partes y aplicar en cualquier momento.<\/p>\n<p>&#8211; Es un aceite m\u00e1s concentrado para usar en puntos energ\u00e9ticos de acuerdo al prop\u00f3sito: alas de la nariz, entrecejo, sienes, detr\u00e1s de las orejas, interior de codos, mu\u00f1ecas, rodillas y tobillos, en puntos f\u00edsicos de chacras como coronilla, entrecejo, garganta a nivel de tiroides, centro de estern\u00f3n coraz\u00f3n, plexo solar arriba del ombligo, chacra 2 abajo del ombligo.<\/p>\n<p>&#8211; El aceite vehicular y portador vegetal es el Aceite de Aguacate, es un aceite m\u00e1s denso que se localiza y permanece por m\u00e1s tiempo para permitir a los aceites esenciales su acci\u00f3n.<\/p>\n<p>La poderosa combinaci\u00f3n de los aceites esenciales seleccionados para este prop\u00f3sito, energizados con cristales de Obsidiana, brindan el equilibrio que tu cuerpo y mente necesitan para sentirse en armon\u00eda y estabilidad, elevando tu conciencia, disminuyendo tus niveles de ansiedad y los altibajos emocionales.<\/p>\n<p>&#8211; Programa tus sentidos para encontrar la armon\u00eda con tu entorno y conectarte de nuevo con tu energ\u00eda vital. Controla ansiedades, depresiones, fobias y adicciones.<\/p>\n<p>Principales componentes:<br \/>\n&#8211; Salvia, Rosa, Bergamota, Naranja, Limoncillo, Ylang Ylang, Romero, Jazm\u00edn, Patchouli, Incienso, Albahaca, \u00c1rbol de t\u00e9, S\u00e1ndalo, Neroli, An\u00eds, C\u00farcuma, Tomillo, Vainilla, Mirra, Cipr\u00e9s Eucalipto.<\/p>\n<p>Usos:<\/p>\n<p>&#8211; T\u00f3pico. Inhalaci\u00f3n.<br \/>\n&#8211; Aplica sobre las sienes, cuello, detr\u00e1s de las orejas, entrecejo y coronilla.<br \/>\n&#8211; A trav\u00e9s del masaje corporal, la inhalaci\u00f3n o la aplicaci\u00f3n en puntos energ\u00e9ticos, reconforta y te da una sensaci\u00f3n de bienestar y tranquilidad. Ayuda a armonizar el tercer chakra o plexo solar como punto vital.<\/p>\n<p>&#8211; Te recomendamos usar Equilibrio \u00c1mbar en el centro energ\u00e9tico de tu cuerpo, alrededor del ombligo.<\/p>\n<p>Aroma:<\/p>\n<p>&#8211; Resinoso, dulce, profundo y le\u00f1oso.<\/p>\n<p>Modo de extracci\u00f3n:<\/p>\n<p>&#8211; Destilaci\u00f3n o extracci\u00f3n por arrastre de vapor.<\/p>\n<p>Recomendaciones:<\/p>\n<p>&#8211; No lo ingieras o pongas en contacto con los ojos u otras mucosas. Mantenlo fuera del alcance de los ni\u00f1os.<\/p>\n<p>Presentaci\u00f3n:<\/p>\n<p>&#8211; Intenso Roll-On Prop\u00f3sito Maestro x 10 ml<\/p>\n<p>&#8211; Con una alta concentraci\u00f3n de los aceites seleccionados, la presentaci\u00f3n roll-on te permitir\u00e1 disfrutar de una mezcla intensa y con mayor densidad, que podr\u00e1s aplicar de manera f\u00e1cil y sin riesgo de derrames, en los puntos energ\u00e9ticos de tu cuerpo.<\/p>\n<p>Otras Presentaciones:<\/p>\n<p>Aceite Prop\u00f3sito Maestro x 5 ml<\/p>\n<p>Esencia Ambiente x 70 ml<\/p>\n<p>Aceite Corporal x 30 ml<\/p>\n<p>Bruma x30 ml<\/p>\n","protected":false},"excerpt":{"rendered":"<p>Controla ansiedades, depresiones, fobias y adicciones. Perfecto para llevar a todas partes y aplicar en cualquier momento.<\/p>\n","protected":false},"featured_media":222,"comment_status":"open","ping_status":"closed","template":"","meta":{"_monsterinsights_skip_tracking":false,"_monsterinsights_sitenote_active":false,"_monsterinsights_sitenote_note":"","_monsterinsights_sitenote_category":0,"_joinchat":[]},"product_brand":[],"product_cat":[36,25,39],"product_tag":[],"class_list":{"0":"post-633","1":"product","2":"type-product","3":"status-publish","4":"has-post-thumbnail","6":"product_cat-equilibrio-ambar","7":"product_cat-propositos-maestros","8":"product_cat-roll-on-intenso","10":"first","11":"instock","12":"shipping-taxable","13":"purchasable","14":"product-type-simple"},"aioseo_notices":[],"_links":{"self":[{"href":"https:\/\/sietecolores.co\/index.php?rest_route=\/wp\/v2\/product\/633","targetHints":{"allow":["GET"]}}],"collection":[{"href":"https:\/\/sietecolores.co\/index.php?rest_route=\/wp\/v2\/product"}],"about":[{"href":"https:\/\/sietecolores.co\/index.php?rest_route=\/wp\/v2\/types\/product"}],"replies":[{"embeddable":true,"href":"https:\/\/sietecolores.co\/index.php?rest_route=%2Fwp%2Fv2%2Fcomments&post=633"}],"wp:featuredmedia":[{"embeddable":true,"href":"https:\/\/sietecolores.co\/index.php?rest_route=\/wp\/v2\/media\/222"}],"wp:attachment":[{"href":"https:\/\/sietecolores.co\/index.php?rest_route=%2Fwp%2Fv2%2Fmedia&parent=633"}],"wp:term":[{"taxonomy":"product_brand","embeddable":true,"href":"https:\/\/sietecolores.co\/index.php?rest_route=%2Fwp%2Fv2%2Fproduct_brand&post=633"},{"taxonomy":"product_cat","embeddable":true,"href":"https:\/\/sietecolores.co\/index.php?rest_route=%2Fwp%2Fv2%2Fproduct_cat&post=633"},{"taxonomy":"product_tag","embeddable":true,"href":"https:\/\/sietecolores.co\/index.php?rest_route=%2Fwp%2Fv2%2Fproduct_tag&post=633"}],"curies":[{"name":"wp","href":"https:\/\/api.w.org\/{rel}","templated":true}]}}