{"id":635,"date":"2023-10-31T22:16:54","date_gmt":"2023-10-31T22:16:54","guid":{"rendered":"https:\/\/sietecolores.co\/?product=roll-on-intenso-sueno-violeta"},"modified":"2024-12-16T23:50:29","modified_gmt":"2024-12-16T23:50:29","slug":"roll-on-intenso-sueno-violeta","status":"publish","type":"product","link":"https:\/\/sietecolores.co\/?product=roll-on-intenso-sueno-violeta","title":{"rendered":"Roll-on Intenso \u2013 Sue\u00f1o Violeta"},"content":{"rendered":"<p>&#8211; Su prop\u00f3sito es inducir a un sue\u00f1o reparador y un completo descanso. Cuando duermes le entregas al universo tus sue\u00f1os y anhelos. Perfecto para llevar a todas partes y aplicar en cualquier momento.<\/p>\n<p>&#8211; Es un aceite m\u00e1s concentrado para usar en puntos energ\u00e9ticos de acuerdo al prop\u00f3sito: alas de la nariz, entrecejo, sienes, detr\u00e1s de las orejas, interior de codos, mu\u00f1ecas, rodillas y tobillos, en puntos f\u00edsicos de chacras como coronilla, entrecejo, garganta a nivel de tiroides, centro de estern\u00f3n coraz\u00f3n, plexo solar arriba del ombligo, chacra 2 abajo del ombligo.<\/p>\n<p>&#8211; El aceite vehicular y portador vegetal es el Aceite de Aguacate, es un aceite m\u00e1s denso que se localiza y permanece por m\u00e1s tiempo para permitir a los aceites esenciales su acci\u00f3n.<\/p>\n<p>&#8211; Ideal para masajes y fricci\u00f3n de acuerdo al prop\u00f3sito. El aceite vehicular y portador vegetal es el aceite de jojoba que tiene r\u00e1pida absorci\u00f3n en piel y no te deja sensaci\u00f3n grasosa.<\/p>\n<p>&#8211; Mezcla de aceites esenciales seleccionados y extractados cuidadosamente de manera artesanal y energizados con cristales de amatista, para inducir a un sue\u00f1o reparador y un completo descanso.<\/p>\n<p>&#8211; Cuando duermes le entregas al universo tus sue\u00f1os y anhelos.<\/p>\n<p>&#8211; Con Sue\u00f1o Violeta podr\u00e1s conectarte con lo que el universo tiene planeado para ti.<\/p>\n<p>&#8211; Mezcla de Aceites esenciales de: Lavanda, Romero, Vainilla, Cedro, Mirra, Neroli, Jazm\u00edn, Cannabis.<\/p>\n<p>Aroma:<\/p>\n<p>&#8211; Fresco, dulce y amaderado.<\/p>\n<p>Usos y aplicaci\u00f3n:<\/p>\n<p>&#8211; Para uso t\u00f3pico. Inhalaci\u00f3n. Aplica sobre las alas de la nariz, entrecejo, sienes, detr\u00e1s de las orejas, interior de codos, mu\u00f1ecas, rodillas y tobillos y en puntos f\u00edsicos de tus chacras.<\/p>\n<p>Modo de extracci\u00f3n:<\/p>\n<p>&#8211; Destilaci\u00f3n o extracci\u00f3n por arrastre de vapor.<\/p>\n<p>Recomendaciones:<\/p>\n<p>&#8211; No lo ingieras o pongas en contacto con los ojos u otras mucosas. Mantenlo fuera del alcance de los ni\u00f1os.<\/p>\n<p>Presentaci\u00f3n:<\/p>\n<p>&#8211; Intenso Roll-On Prop\u00f3sito Maestro x 10 ml<\/p>\n<p>&#8211; Con una alta concentraci\u00f3n de los aceites seleccionados, la presentaci\u00f3n roll-on te permitir\u00e1 disfrutar de una mezcla intensa y con mayor densidad, que podr\u00e1s aplicar de manera f\u00e1cil y sin riesgo de derrames, en los puntos energ\u00e9ticos de tu cuerpo.<\/p>\n<p>Otras Presentaciones:<\/p>\n<p>Aceite Prop\u00f3sito Maestro x 5 ml<br \/>\nEsencia Ambiente x 70 ml<br \/>\nAceite Corporal x 30 ml<br \/>\nBruma x30 ml<\/p>\n","protected":false},"excerpt":{"rendered":"<p>Su prop\u00f3sito es inducir a un sue\u00f1o reparador y un completo descanso. Cuando duermes le entregas al universo tus sue\u00f1os y anhelos. Perfecto para llevar a todas partes y aplicar en cualquier momento.<\/p>\n","protected":false},"featured_media":225,"comment_status":"open","ping_status":"closed","template":"","meta":{"_monsterinsights_skip_tracking":false,"_monsterinsights_sitenote_active":false,"_monsterinsights_sitenote_note":"","_monsterinsights_sitenote_category":0,"_joinchat":[]},"product_brand":[],"product_cat":[25,39,35],"product_tag":[],"class_list":{"0":"post-635","1":"product","2":"type-product","3":"status-publish","4":"has-post-thumbnail","6":"product_cat-propositos-maestros","7":"product_cat-roll-on-intenso","8":"product_cat-sueno-violeta","10":"first","11":"instock","12":"purchasable","13":"product-type-simple"},"aioseo_notices":[],"_links":{"self":[{"href":"https:\/\/sietecolores.co\/index.php?rest_route=\/wp\/v2\/product\/635","targetHints":{"allow":["GET"]}}],"collection":[{"href":"https:\/\/sietecolores.co\/index.php?rest_route=\/wp\/v2\/product"}],"about":[{"href":"https:\/\/sietecolores.co\/index.php?rest_route=\/wp\/v2\/types\/product"}],"replies":[{"embeddable":true,"href":"https:\/\/sietecolores.co\/index.php?rest_route=%2Fwp%2Fv2%2Fcomments&post=635"}],"wp:featuredmedia":[{"embeddable":true,"href":"https:\/\/sietecolores.co\/index.php?rest_route=\/wp\/v2\/media\/225"}],"wp:attachment":[{"href":"https:\/\/sietecolores.co\/index.php?rest_route=%2Fwp%2Fv2%2Fmedia&parent=635"}],"wp:term":[{"taxonomy":"product_brand","embeddable":true,"href":"https:\/\/sietecolores.co\/index.php?rest_route=%2Fwp%2Fv2%2Fproduct_brand&post=635"},{"taxonomy":"product_cat","embeddable":true,"href":"https:\/\/sietecolores.co\/index.php?rest_route=%2Fwp%2Fv2%2Fproduct_cat&post=635"},{"taxonomy":"product_tag","embeddable":true,"href":"https:\/\/sietecolores.co\/index.php?rest_route=%2Fwp%2Fv2%2Fproduct_tag&post=635"}],"curies":[{"name":"wp","href":"https:\/\/api.w.org\/{rel}","templated":true}]}}