{"id":636,"date":"2023-10-31T22:16:54","date_gmt":"2023-10-31T22:16:54","guid":{"rendered":"https:\/\/sietecolores.co\/?product=roll-on-intenso-vitalidad-granate"},"modified":"2024-12-12T14:25:27","modified_gmt":"2024-12-12T14:25:27","slug":"roll-on-intenso-vitalidad-granate","status":"publish","type":"product","link":"https:\/\/sietecolores.co\/?product=roll-on-intenso-vitalidad-granate","title":{"rendered":"Roll-on Intenso \u2013 Vitalidad Granate"},"content":{"rendered":"<p>&#8211; La fusi\u00f3n de estos aceites esenciales y la energ\u00eda del cristal de Jaspe rojo, te dar\u00e1n la energ\u00eda y la concentraci\u00f3n que requieres para rendir de manera efectiva en tus actividades diarias.<\/p>\n<p>&#8211; Te dar\u00e1 la energ\u00eda y la concentraci\u00f3n que requieres para rendir de manera efectiva en tus actividades diarias. Perfecto para llevar a todas partes y aplicar en cualquier momento.<\/p>\n<p>&#8211; Reactiva las fibras interiores de tu ser y transf\u00f3rmalas en una malla energ\u00e9tica que se nutre de todo lo que el universo nos ofrece.<\/p>\n<p>&#8211; Permite que tus chacras se recarguen de la energ\u00eda vital para mantener tu cuerpo en \u00f3ptimas condiciones y \u00e9ste pueda ser el veh\u00edculo de tus experiencias en el plano f\u00edsico, para lograr de manera arm\u00f3nica, los aprendizajes que como almas eternas, debemos tener.<\/p>\n<p>Uso y aplicaci\u00f3n:<\/p>\n<p>&#8211; T\u00f3pico. Inhalaci\u00f3n.<br \/>\n&#8211; Aplica sobre las sienes, cuello, detr\u00e1s de las orejas, entrecejo y coronilla.<\/p>\n<p>Modo de extracci\u00f3n:<\/p>\n<p>&#8211; Destilaci\u00f3n o extracci\u00f3n por arrastre de vapor.<\/p>\n<p>Presentaci\u00f3n:<\/p>\n<p>&#8211; Intenso Roll-On Prop\u00f3sito Maestro x 10 ml<br \/>\nCon una alta concentraci\u00f3n de los aceites seleccionados, la presentaci\u00f3n roll-on te permitir\u00e1 disfrutar de una mezcla intensa y con mayor densidad, que podr\u00e1s aplicar de manera f\u00e1cil y sin riesgo de derrames, en los puntos energ\u00e9ticos de tu cuerpo.<\/p>\n<p>Otras Presentaciones:<\/p>\n<p>Aceite Prop\u00f3sito Maestro x 5 ml<br \/>\nEsencia Ambiente x 70 ml<br \/>\nAceite Corporal x 30 ml<br \/>\nBruma x30 ml<\/p>\n<p>Recomendaciones:<\/p>\n<p>&#8211; No lo ingieras o pongas en contacto con los ojos u otras mucosas. Mantenlo fuera del alcance de los ni\u00f1os.<\/p>\n","protected":false},"excerpt":{"rendered":"<p>Te dar\u00e1 la energ\u00eda y la concentraci\u00f3n que requieres para rendir de manera efectiva en tus actividades diarias. Perfecto para llevar a todas partes y aplicar en cualquier momento.<\/p>\n","protected":false},"featured_media":226,"comment_status":"open","ping_status":"closed","template":"","meta":{"_monsterinsights_skip_tracking":false,"_monsterinsights_sitenote_active":false,"_monsterinsights_sitenote_note":"","_monsterinsights_sitenote_category":0,"_joinchat":[]},"product_brand":[],"product_cat":[25,39,37],"product_tag":[],"class_list":{"0":"post-636","1":"product","2":"type-product","3":"status-publish","4":"has-post-thumbnail","6":"product_cat-propositos-maestros","7":"product_cat-roll-on-intenso","8":"product_cat-vitalidad-granate","10":"first","11":"instock","12":"shipping-taxable","13":"purchasable","14":"product-type-simple"},"aioseo_notices":[],"_links":{"self":[{"href":"https:\/\/sietecolores.co\/index.php?rest_route=\/wp\/v2\/product\/636","targetHints":{"allow":["GET"]}}],"collection":[{"href":"https:\/\/sietecolores.co\/index.php?rest_route=\/wp\/v2\/product"}],"about":[{"href":"https:\/\/sietecolores.co\/index.php?rest_route=\/wp\/v2\/types\/product"}],"replies":[{"embeddable":true,"href":"https:\/\/sietecolores.co\/index.php?rest_route=%2Fwp%2Fv2%2Fcomments&post=636"}],"wp:featuredmedia":[{"embeddable":true,"href":"https:\/\/sietecolores.co\/index.php?rest_route=\/wp\/v2\/media\/226"}],"wp:attachment":[{"href":"https:\/\/sietecolores.co\/index.php?rest_route=%2Fwp%2Fv2%2Fmedia&parent=636"}],"wp:term":[{"taxonomy":"product_brand","embeddable":true,"href":"https:\/\/sietecolores.co\/index.php?rest_route=%2Fwp%2Fv2%2Fproduct_brand&post=636"},{"taxonomy":"product_cat","embeddable":true,"href":"https:\/\/sietecolores.co\/index.php?rest_route=%2Fwp%2Fv2%2Fproduct_cat&post=636"},{"taxonomy":"product_tag","embeddable":true,"href":"https:\/\/sietecolores.co\/index.php?rest_route=%2Fwp%2Fv2%2Fproduct_tag&post=636"}],"curies":[{"name":"wp","href":"https:\/\/api.w.org\/{rel}","templated":true}]}}