{"id":637,"date":"2023-10-31T22:16:55","date_gmt":"2023-10-31T22:16:55","guid":{"rendered":"https:\/\/sietecolores.co\/?product=difusor-ambiente-alivio-celeste"},"modified":"2024-12-12T14:19:26","modified_gmt":"2024-12-12T14:19:26","slug":"difusor-ambiente-alivio-celeste","status":"publish","type":"product","link":"https:\/\/sietecolores.co\/?product=difusor-ambiente-alivio-celeste","title":{"rendered":"Difusor Ambiente \u2013 Alivio Celeste"},"content":{"rendered":"<p>Dile adi\u00f3s a la tensi\u00f3n y al cansancio f\u00edsico que tu cuerpo ha acumulado durante a\u00f1os. Ub\u00edcalo como un ambientador poderoso en tus espacios.<\/p>\n<p>&#8211; Este frasco de 70 ml con 7 palitos de bamb\u00fa llenar\u00e1 con su aroma el espacio de influencia de acuerdo al prop\u00f3sito, puedes ponerlo en tu mesa de noche, en la habitaci\u00f3n de los ni\u00f1os, en el \u00e1rea de trabajo, en el escritorio de la oficina, el consultorio terap\u00e9utico, en el lugar que quieras. A los palitos se les da vuelta cada vez que quieras que el aroma se difunda, ellos absorben los aceites y los liberan cuando se les da la vuelta. El aceite vehicular y portador vegetal de Esencia Ambiente es el aceite de Palma que permite retener el aceite esencial para que no se volatilice r\u00e1pidamente y as\u00ed asegurar su rendimiento en el tiempo.<\/p>\n<p>&#8211; Es un aceite para masajes y fricci\u00f3n de acuerdo al prop\u00f3sito. El aceite vehicular y portador vegetal es el aceite de jojoba que tiene r\u00e1pida absorci\u00f3n en piel y no te deja sensaci\u00f3n grasosa.<\/p>\n<p>Descubre en esta importante selecci\u00f3n de aceites esenciales, energizados con cristales de sodalita, la mixtura necesaria para controlar los dolores , revitalizarte y encontrarte de nuevo con tu cuerpo sano.<\/p>\n<p>Dile adi\u00f3s a la tensi\u00f3n y al cansancio f\u00edsico que tu cuerpo ha acumulado durante a\u00f1os, convirti\u00e9ndolo en dolor y permite que la magia de la bot\u00e1nica te libere de todo aquello que te limita.<\/p>\n<p>&#8211; Controla dolores como la migra\u00f1a, articulares y musculares. Siente un efecto analg\u00e9sico y relajante sin efectos secundarios.<\/p>\n<p>Principales componentes:<\/p>\n<p>&#8211; Ylang Ylang, Eucalipto Menta, \u00c1rbol de t\u00e9, Romero, Cal\u00e9ndula, \u00c1rnica, Cannabis, Pronto Alivio, Or\u00e9gano, Jengibre, Winter Green, C\u00farcuma, Pimienta negra y cristales de Sodalita y Celestita.<\/p>\n<p>Usos:<\/p>\n<p>&#8211; A los palitos se les da vuelta cada vez que quieras que el aroma se difunda, ellos absorben los aceites y los liberan cuando se les da la vuelta.<\/p>\n<p>Presentaci\u00f3n:<\/p>\n<p>&#8211; Difusor Esencia Ambiente Prop\u00f3sito Maestro x 70 ml. La botella difusora y las varitas de bamb\u00fa te permitir\u00e1n ambientar tus espacios favoritos. Gira las varitas y deja que los aceites esenciales dispersen el aroma de tu elecci\u00f3n para armonizar tu hogar u oficina.<\/p>\n<p>Otras Presentaciones:<\/p>\n<p>-Intenso Roll-On Prop\u00f3sito Maestro x 10 ml<br \/>\n&#8211; Aceite Prop\u00f3sito Maestro x 5 ml<br \/>\n&#8211; Aceite Corporal x 30 ml<br \/>\n&#8211; Bruma x30 ml<\/p>\n<p>Aroma:<\/p>\n<p>&#8211; Frescura campestre.<\/p>\n<p>Modo de extracci\u00f3n:<\/p>\n<p>&#8211; Destilaci\u00f3n o extracci\u00f3n por arrastre de vapor.<\/p>\n<p>Recomendaciones:<\/p>\n<p>&#8211; No lo ingieras o pongas en contacto con los ojos u otras mucosas. Mantenlo fuera del alcance de los ni\u00f1os.<\/p>\n","protected":false},"excerpt":{"rendered":"<p>Dile adi\u00f3s a la tensi\u00f3n y al cansancio f\u00edsico que tu cuerpo ha acumulado durante a\u00f1os. Ub\u00edcalo como un ambientador poderoso en tus espacios.<\/p>\n<p>&nbsp;<\/p>\n","protected":false},"featured_media":206,"comment_status":"open","ping_status":"closed","template":"","meta":{"_monsterinsights_skip_tracking":false,"_monsterinsights_sitenote_active":false,"_monsterinsights_sitenote_note":"","_monsterinsights_sitenote_category":0,"_joinchat":[]},"product_brand":[],"product_cat":[34,40,25],"product_tag":[],"class_list":{"0":"post-637","1":"product","2":"type-product","3":"status-publish","4":"has-post-thumbnail","6":"product_cat-alivio-celeste","7":"product_cat-difusor-ambiente","8":"product_cat-propositos-maestros","10":"first","11":"instock","12":"shipping-taxable","13":"purchasable","14":"product-type-simple"},"aioseo_notices":[],"_links":{"self":[{"href":"https:\/\/sietecolores.co\/index.php?rest_route=\/wp\/v2\/product\/637","targetHints":{"allow":["GET"]}}],"collection":[{"href":"https:\/\/sietecolores.co\/index.php?rest_route=\/wp\/v2\/product"}],"about":[{"href":"https:\/\/sietecolores.co\/index.php?rest_route=\/wp\/v2\/types\/product"}],"replies":[{"embeddable":true,"href":"https:\/\/sietecolores.co\/index.php?rest_route=%2Fwp%2Fv2%2Fcomments&post=637"}],"wp:featuredmedia":[{"embeddable":true,"href":"https:\/\/sietecolores.co\/index.php?rest_route=\/wp\/v2\/media\/206"}],"wp:attachment":[{"href":"https:\/\/sietecolores.co\/index.php?rest_route=%2Fwp%2Fv2%2Fmedia&parent=637"}],"wp:term":[{"taxonomy":"product_brand","embeddable":true,"href":"https:\/\/sietecolores.co\/index.php?rest_route=%2Fwp%2Fv2%2Fproduct_brand&post=637"},{"taxonomy":"product_cat","embeddable":true,"href":"https:\/\/sietecolores.co\/index.php?rest_route=%2Fwp%2Fv2%2Fproduct_cat&post=637"},{"taxonomy":"product_tag","embeddable":true,"href":"https:\/\/sietecolores.co\/index.php?rest_route=%2Fwp%2Fv2%2Fproduct_tag&post=637"}],"curies":[{"name":"wp","href":"https:\/\/api.w.org\/{rel}","templated":true}]}}