{"id":638,"date":"2023-10-31T22:16:55","date_gmt":"2023-10-31T22:16:55","guid":{"rendered":"https:\/\/sietecolores.co\/?product=difusor-ambiente-equilibrio-ambar"},"modified":"2023-11-21T16:24:57","modified_gmt":"2023-11-21T16:24:57","slug":"difusor-ambiente-equilibrio-ambar","status":"publish","type":"product","link":"https:\/\/sietecolores.co\/?product=difusor-ambiente-equilibrio-ambar","title":{"rendered":"Difusor Ambiente \u2013 Equilibrio Ambar"},"content":{"rendered":"<p>&#8211; Controla ansiedades, depresiones, fobias y adicciones. Ub\u00edcalo como un ambientador poderoso en tus espacios.<\/p>\n<p>Este frasco de 70 ml con 7 palitos de bamb\u00fa llenar\u00e1 con su aroma el espacio de influencia de acuerdo al prop\u00f3sito, puedes ponerlo en tu mesa de noche, en la habitaci\u00f3n de los ni\u00f1os, en el \u00e1rea de trabajo, en el escritorio de la oficina, el consultorio terap\u00e9utico, en el lugar que quieras.<\/p>\n<p>&#8211; A los palitos se les da vuelta cada vez que quieras que el aroma se difunda, ellos absorben los aceites y los liberan cuando se les da la vuelta. El aceite vehicular y portador vegetal de Esencia Ambiente es el aceite de Palma que permite retener el aceite esencial para que no se volatilice r\u00e1pidamente y as\u00ed asegurar su rendimiento en el tiempo.<\/p>\n<p>&#8211; La poderosa combinaci\u00f3n de los aceites esenciales seleccionados para este prop\u00f3sito, energizados con cristales de Obsidiana, brindan el equilibrio que tu cuerpo y mente necesitan para sentirse en armon\u00eda y estabilidad, elevando tu conciencia, disminuyendo tus niveles de ansiedad y los altibajos emocionales.<\/p>\n<p>Programa tus sentidos para encontrar la armon\u00eda con tu entorno y conectarte de nuevo con tu energ\u00eda vital. Controla ansiedades, depresiones, fobias y adicciones.<\/p>\n<p>&#8211; Expande tu consciencia, estabiliza tu plexo solar controlando tu ansiedad y tus emociones permitiendo una relaci\u00f3n arm\u00f3nica con tu entorno.<\/p>\n<p>Principales componentes:<\/p>\n<p>Salvia, Rosa, Bergamota, Naranja, Limoncillo, Ylang Ylang, Romero, Jazm\u00edn, Patchouli, Incienso, Albahaca, \u00c1rbol de t\u00e9, S\u00e1ndalo, Neroli, An\u00eds, C\u00farcuma, Tomillo, Vainilla, Mirra, Cipr\u00e9s Eucalipto.<\/p>\n<p>Uso:<\/p>\n<p>A los palitos se les da vuelta cada vez que quieras que el aroma se difunda, ellos absorben los aceites y los liberan cuando se les da la vuelta.<\/p>\n<p>Modo de extracci\u00f3n:<\/p>\n<p>&#8211; Destilaci\u00f3n o extracci\u00f3n por arrastre de vapor.<\/p>\n<p>Presentaci\u00f3n:<\/p>\n<p>&#8211; Difusor Esencia Ambiente Prop\u00f3sito Maestro x 70 ml. La botella difusora y las varitas de bamb\u00fa te permitir\u00e1n ambientar tus espacios favoritos. Gira las varitas y deja que los aceites esenciales dispersen el aroma de tu elecci\u00f3n para armonizar tu hogar u oficina.<\/p>\n<p>Otras Presentaciones:<\/p>\n<p>&#8211; Intenso Roll-On Prop\u00f3sito Maestro x 10 ml<br \/>\n&#8211; Aceite Prop\u00f3sito Maestro x 5 ml<br \/>\n&#8211; Aceite Corporal Prop\u00f3sito Maestro x 30 ml<br \/>\n&#8211; Bruma Prop\u00f3sito Maestro x 30 ml<\/p>\n<p>Recomendaciones:<\/p>\n<p>&#8211; No lo ingieras o pongas en contacto con los ojos u otras mucosas. Mant\u00e9nlo fuera del alcance de los ni\u00f1os.<\/p>\n","protected":false},"excerpt":{"rendered":"<p>Controla ansiedades, depresiones, fobias y adicciones. Ub\u00edcalo como un ambientador poderoso en tus espacios.<\/p>\n<p>Este frasco de 70 ml con 7 palitos de bamb\u00fa llenar\u00e1 con su aroma el espacio de influencia, puedes ponerlo en tu mesa de noche, en la habitaci\u00f3n de los ni\u00f1os, en el \u00e1rea de trabajo, en el escritorio de la oficina, el consultorio terap\u00e9utico, en el lugar que quieras.<\/p>\n","protected":false},"featured_media":208,"comment_status":"open","ping_status":"closed","template":"","meta":{"_monsterinsights_skip_tracking":false,"_monsterinsights_sitenote_active":false,"_monsterinsights_sitenote_note":"","_monsterinsights_sitenote_category":0,"_joinchat":[]},"product_brand":[],"product_cat":[40,36,25],"product_tag":[],"class_list":{"0":"post-638","1":"product","2":"type-product","3":"status-publish","4":"has-post-thumbnail","6":"product_cat-difusor-ambiente","7":"product_cat-equilibrio-ambar","8":"product_cat-propositos-maestros","10":"first","11":"instock","12":"shipping-taxable","13":"purchasable","14":"product-type-simple"},"aioseo_notices":[],"_links":{"self":[{"href":"https:\/\/sietecolores.co\/index.php?rest_route=\/wp\/v2\/product\/638","targetHints":{"allow":["GET"]}}],"collection":[{"href":"https:\/\/sietecolores.co\/index.php?rest_route=\/wp\/v2\/product"}],"about":[{"href":"https:\/\/sietecolores.co\/index.php?rest_route=\/wp\/v2\/types\/product"}],"replies":[{"embeddable":true,"href":"https:\/\/sietecolores.co\/index.php?rest_route=%2Fwp%2Fv2%2Fcomments&post=638"}],"wp:featuredmedia":[{"embeddable":true,"href":"https:\/\/sietecolores.co\/index.php?rest_route=\/wp\/v2\/media\/208"}],"wp:attachment":[{"href":"https:\/\/sietecolores.co\/index.php?rest_route=%2Fwp%2Fv2%2Fmedia&parent=638"}],"wp:term":[{"taxonomy":"product_brand","embeddable":true,"href":"https:\/\/sietecolores.co\/index.php?rest_route=%2Fwp%2Fv2%2Fproduct_brand&post=638"},{"taxonomy":"product_cat","embeddable":true,"href":"https:\/\/sietecolores.co\/index.php?rest_route=%2Fwp%2Fv2%2Fproduct_cat&post=638"},{"taxonomy":"product_tag","embeddable":true,"href":"https:\/\/sietecolores.co\/index.php?rest_route=%2Fwp%2Fv2%2Fproduct_tag&post=638"}],"curies":[{"name":"wp","href":"https:\/\/api.w.org\/{rel}","templated":true}]}}