{"id":641,"date":"2023-10-31T22:16:56","date_gmt":"2023-10-31T22:16:56","guid":{"rendered":"https:\/\/sietecolores.co\/?product=difusor-ambiente-vitalidad-granate"},"modified":"2023-11-21T16:30:13","modified_gmt":"2023-11-21T16:30:13","slug":"difusor-ambiente-vitalidad-granate","status":"publish","type":"product","link":"https:\/\/sietecolores.co\/?product=difusor-ambiente-vitalidad-granate","title":{"rendered":"Difusor Ambiente \u2013 Vitalidad Granate"},"content":{"rendered":"<p>&#8211; Te dar\u00e1 la energ\u00eda y la concentraci\u00f3n que requieres para rendir de manera efectiva en tus actividades diarias. Ub\u00edcalo como un ambientador poderoso en tus espacios.<\/p>\n<p>&#8211; Este frasco de 70 ml con 7 palitos de bamb\u00fa llenar\u00e1 con su aroma el espacio de influencia de acuerdo al prop\u00f3sito, puedes ponerlo en tu mesa de noche, en la habitaci\u00f3n de los ni\u00f1os, en el \u00e1rea de trabajo, en el escritorio de la oficina, el consultorio terap\u00e9utico, en el lugar que quieras. A los palitos se les da vuelta cada vez que quieras que el aroma se difunda, ellos absorben los aceites y los liberan cuando se les da la vuelta. El aceite vehicular y portador vegetal de Esencia Ambiente es el aceite de Palma que permite retener el aceite esencial para que no se volatilice r\u00e1pidamente y as\u00ed asegurar su rendimiento en el tiempo.<\/p>\n<p>&#8211; La fusi\u00f3n de estos aceites esenciales y la energ\u00eda del cristal de Jaspe rojo, te dar\u00e1n la energ\u00eda y la concentraci\u00f3n que requieres para rendir de manera efectiva en tus actividades diarias. Aumenta tu energ\u00eda y tu enfoque; y permite que aumente adem\u00e1s tu concentraci\u00f3n. Con\u00e9ctate de manera consciente con el universo y deja que se desvanezcan tus miedos y dudas.<\/p>\n<p>&#8211; Reactiva las fibras interiores de tu ser y transformarlas en una malla energ\u00e9tica que se nutre de todo lo que el universo nos ofrece. Permite que tus chacras se recarguen de la energ\u00eda vital para mantener tu cuerpo en \u00f3ptimas condiciones y \u00e9ste pueda ser el veh\u00edculo de tus experiencias en el plano f\u00edsico, para lograr de manera arm\u00f3nica, los aprendizajes que como almas eternas, debemos tener.<\/p>\n<p>Uso:<\/p>\n<p>&#8211; A los palitos se les da vuelta cada vez que quieras que el aroma se difunda, ellos absorben los aceites y los liberan cuando se les da la vuelta.<\/p>\n<p>Modo de extracci\u00f3n:<\/p>\n<p>&#8211; Destilaci\u00f3n o extracci\u00f3n por arrastre de vapor.<\/p>\n<p>Presentaci\u00f3n:<\/p>\n<p>&#8211; Difusor Esencia Ambiente Prop\u00f3sito Maestro x 70 ml. La botella difusora y las varitas de bamb\u00fa te permitir\u00e1n ambientar tus espacios favoritos. Gira las varitas y deja que los aceites esenciales dispersen el aroma de tu elecci\u00f3n para armonizar tu hogar u oficina.<\/p>\n<p>Otras Presentaciones:<\/p>\n<p>&#8211; Intenso Roll-On Prop\u00f3sito Maestro x 10 ml<br \/>\n&#8211; Aceite Prop\u00f3sito Maestro x 5 ml<br \/>\n&#8211; Aceite Corporal Prop\u00f3sito Maestro x 30 ml<br \/>\n&#8211; Bruma Prop\u00f3sito Maestro x 30 ml<\/p>\n<p>Recomendaciones:<\/p>\n<p>&#8211; No lo ingieras o pongas en contacto con los ojos u otras mucosas. Mant\u00e9nlo fuera del alcance de los ni\u00f1os.<\/p>\n","protected":false},"excerpt":{"rendered":"<p>Te dar\u00e1 la energ\u00eda y la concentraci\u00f3n que requieres para rendir de manera efectiva en tus actividades diarias. Ub\u00edcalo como un ambientador poderoso en tus espacios.<\/p>\n","protected":false},"featured_media":212,"comment_status":"open","ping_status":"closed","template":"","meta":{"_monsterinsights_skip_tracking":false,"_monsterinsights_sitenote_active":false,"_monsterinsights_sitenote_note":"","_monsterinsights_sitenote_category":0,"_joinchat":[]},"product_brand":[],"product_cat":[40,25,37],"product_tag":[],"class_list":{"0":"post-641","1":"product","2":"type-product","3":"status-publish","4":"has-post-thumbnail","6":"product_cat-difusor-ambiente","7":"product_cat-propositos-maestros","8":"product_cat-vitalidad-granate","10":"first","11":"instock","12":"shipping-taxable","13":"purchasable","14":"product-type-simple"},"aioseo_notices":[],"_links":{"self":[{"href":"https:\/\/sietecolores.co\/index.php?rest_route=\/wp\/v2\/product\/641","targetHints":{"allow":["GET"]}}],"collection":[{"href":"https:\/\/sietecolores.co\/index.php?rest_route=\/wp\/v2\/product"}],"about":[{"href":"https:\/\/sietecolores.co\/index.php?rest_route=\/wp\/v2\/types\/product"}],"replies":[{"embeddable":true,"href":"https:\/\/sietecolores.co\/index.php?rest_route=%2Fwp%2Fv2%2Fcomments&post=641"}],"wp:featuredmedia":[{"embeddable":true,"href":"https:\/\/sietecolores.co\/index.php?rest_route=\/wp\/v2\/media\/212"}],"wp:attachment":[{"href":"https:\/\/sietecolores.co\/index.php?rest_route=%2Fwp%2Fv2%2Fmedia&parent=641"}],"wp:term":[{"taxonomy":"product_brand","embeddable":true,"href":"https:\/\/sietecolores.co\/index.php?rest_route=%2Fwp%2Fv2%2Fproduct_brand&post=641"},{"taxonomy":"product_cat","embeddable":true,"href":"https:\/\/sietecolores.co\/index.php?rest_route=%2Fwp%2Fv2%2Fproduct_cat&post=641"},{"taxonomy":"product_tag","embeddable":true,"href":"https:\/\/sietecolores.co\/index.php?rest_route=%2Fwp%2Fv2%2Fproduct_tag&post=641"}],"curies":[{"name":"wp","href":"https:\/\/api.w.org\/{rel}","templated":true}]}}