{"id":762,"date":"2023-11-02T16:02:31","date_gmt":"2023-11-02T16:02:31","guid":{"rendered":"https:\/\/sietecolores.co\/?post_type=product&#038;p=762"},"modified":"2023-11-02T16:09:53","modified_gmt":"2023-11-02T16:09:53","slug":"aceite-vegetal-de-arroz","status":"publish","type":"product","link":"https:\/\/sietecolores.co\/?product=aceite-vegetal-de-arroz","title":{"rendered":"ACEITE VEGETAL DE ARROZ"},"content":{"rendered":"<p>(Oryza sativa)<\/p>\n<p>Orden: Poales<br \/>\nFamilia: Poaceas(gram\u00edneas)<br \/>\nG\u00e9nero: Oryza<br \/>\nEspecie: O. Sativa<\/p>\n<p>Es una planta anual, son dos especies el arroz asi\u00e1tico(O.Sativa) y el arroz africano(O.Glaberrima) El aceite de arroz es una sustancia que se extrae de la c\u00e1scara y del<br \/>\ngermen de la planta, por lo que le aporta gran valor nutritivo, por su gran contenido en vitamina E.<\/p>\n<p>El aceite de arroz promueve la circulaci\u00f3n sangu\u00ednea, que favorece en la eliminaci\u00f3n de ojeras y bolsas debajo de los ojos. Gracias a su acci\u00f3n antioxidante, previene el envejecimiento de la piel y act\u00faa contra los radicales libres.<\/p>\n<p>Activa la producci\u00f3n de col\u00e1geno, restaurando la humedad natural de la piel. Por su contenido en orizanol (antioxidante), ofrece protecci\u00f3n contra<br \/>\nlos rayos del sol. El aceite de arroz ayuda a reducir la producci\u00f3n de sebo y a su vez, favorece a que la piel se regenere y desarrolle correctamente.\u00a0 Con lo<br \/>\nque se logra tener una piel m\u00e1s sana Entre las propiedades para el cabello que posee el aceite de arroz es que gracias su contenido en prote\u00ednas, incrementan la elasticidad del\u00a0cabello, reafirmando la fibra capilar, lo que conlleva a que el volumen del cabello aumente, eliminando las puntas abiertas, d\u00e1ndole una apariencia m\u00e1s saludable al cabello.<\/p>\n","protected":false},"excerpt":{"rendered":"<p>El aceite de arroz promueve la circulaci\u00f3n sangu\u00ednea, que favorece en la eliminaci\u00f3n de ojeras y bolsas debajo de los ojos. Gracias a su acci\u00f3n antioxidante, previene el envejecimiento de la piel y act\u00faa contra los radicales libres.<\/p>\n","protected":false},"featured_media":157,"comment_status":"open","ping_status":"closed","template":"","meta":{"_monsterinsights_skip_tracking":false,"_monsterinsights_sitenote_active":false,"_monsterinsights_sitenote_note":"","_monsterinsights_sitenote_category":0,"_joinchat":[]},"product_brand":[],"product_cat":[15,21],"product_tag":[],"class_list":{"0":"post-762","1":"product","2":"type-product","3":"status-publish","4":"has-post-thumbnail","6":"product_cat-uncategorized","7":"product_cat-aceites-vegetales","9":"first","10":"instock","11":"shipping-taxable","12":"purchasable","13":"product-type-simple"},"aioseo_notices":[],"_links":{"self":[{"href":"https:\/\/sietecolores.co\/index.php?rest_route=\/wp\/v2\/product\/762","targetHints":{"allow":["GET"]}}],"collection":[{"href":"https:\/\/sietecolores.co\/index.php?rest_route=\/wp\/v2\/product"}],"about":[{"href":"https:\/\/sietecolores.co\/index.php?rest_route=\/wp\/v2\/types\/product"}],"replies":[{"embeddable":true,"href":"https:\/\/sietecolores.co\/index.php?rest_route=%2Fwp%2Fv2%2Fcomments&post=762"}],"wp:featuredmedia":[{"embeddable":true,"href":"https:\/\/sietecolores.co\/index.php?rest_route=\/wp\/v2\/media\/157"}],"wp:attachment":[{"href":"https:\/\/sietecolores.co\/index.php?rest_route=%2Fwp%2Fv2%2Fmedia&parent=762"}],"wp:term":[{"taxonomy":"product_brand","embeddable":true,"href":"https:\/\/sietecolores.co\/index.php?rest_route=%2Fwp%2Fv2%2Fproduct_brand&post=762"},{"taxonomy":"product_cat","embeddable":true,"href":"https:\/\/sietecolores.co\/index.php?rest_route=%2Fwp%2Fv2%2Fproduct_cat&post=762"},{"taxonomy":"product_tag","embeddable":true,"href":"https:\/\/sietecolores.co\/index.php?rest_route=%2Fwp%2Fv2%2Fproduct_tag&post=762"}],"curies":[{"name":"wp","href":"https:\/\/api.w.org\/{rel}","templated":true}]}}