{"id":763,"date":"2023-11-02T16:04:55","date_gmt":"2023-11-02T16:04:55","guid":{"rendered":"https:\/\/sietecolores.co\/?post_type=product&#038;p=763"},"modified":"2023-11-07T16:24:06","modified_gmt":"2023-11-07T16:24:06","slug":"aceite-vegetal-de-zanahoria","status":"publish","type":"product","link":"https:\/\/sietecolores.co\/?product=aceite-vegetal-de-zanahoria","title":{"rendered":"ACEITE VEGETAL DE ZANAHORIA"},"content":{"rendered":"<p>(Daucus carota)<\/p>\n<p>Orden: Apiales<br \/>\nFamilia: Apiaceas<br \/>\nG\u00e9nero: Daucus<br \/>\nEspecie: D. Carota<\/p>\n<p>Es una planta cuya ra\u00edz es la zanahoria, color naranja por la presencia de carotenos, un compuesto antioxidante que se transforma en vitamina A. Rico tambi\u00e9n en vitamina E, y vitaminas del grupo B. Es posible que los antepasados silvestres de la zanahoria provengan de Ir\u00e1n; inicialmente era cultivada por sus hojas y no por su ra\u00edz; en el tiempo la especie se fue\u00a0 transformando hasta llegar a la zanahoria actual.<\/p>\n<p>El Aceite de Zanahoria es un excelente aceite para el cuidado de la piel; contiene de forma natural \u00df-caroteno y vitaminas A y E. El aceite de zanahoria acrecienta la producci\u00f3n seb\u00e1cea de forma moderada y, por ello es \u00fatil en preparados solares con efecto regenerador para las pieles m\u00e1s secas y escamosas. Tiene m\u00faltiples propiedades cosm\u00e9ticas: antienvejecimiento, foto protecci\u00f3n, reparador d\u00e9rmico, acelerador del bronceado, emoliente y suavizante. Con este aceite rejuvenecer\u00e1s, hidratar\u00e1s y ayudar\u00e1s a tu piel a broncearse. Es un bronceador natural; \u00fasalo con precauci\u00f3n cuando te expongas directamente al sol porque contiene aceites esenciales\u00a0fotosensibilizantes. Puedes usarlo durante la noche para mejorar el bronceado al d\u00eda siguiente.<\/p>\n","protected":false},"excerpt":{"rendered":"<p>El Aceite de Zanahoria es un excelente aceite para el cuidado de la piel, contiene de forma natural\u00a0\u03b2-caroteno \u00a0y vitaminas A y E, acrecienta la producci\u00f3n seb\u00e1cea de forma moderada y, por ello es \u00fatil en preparados solares con efecto regenerador para las pieles m\u00e1s secas y escamosas.<\/p>\n","protected":false},"featured_media":164,"comment_status":"open","ping_status":"closed","template":"","meta":{"_monsterinsights_skip_tracking":false,"_monsterinsights_sitenote_active":false,"_monsterinsights_sitenote_note":"","_monsterinsights_sitenote_category":0,"_joinchat":[]},"product_brand":[],"product_cat":[15,21],"product_tag":[],"class_list":{"0":"post-763","1":"product","2":"type-product","3":"status-publish","4":"has-post-thumbnail","6":"product_cat-uncategorized","7":"product_cat-aceites-vegetales","9":"first","10":"instock","11":"shipping-taxable","12":"purchasable","13":"product-type-simple"},"aioseo_notices":[],"_links":{"self":[{"href":"https:\/\/sietecolores.co\/index.php?rest_route=\/wp\/v2\/product\/763","targetHints":{"allow":["GET"]}}],"collection":[{"href":"https:\/\/sietecolores.co\/index.php?rest_route=\/wp\/v2\/product"}],"about":[{"href":"https:\/\/sietecolores.co\/index.php?rest_route=\/wp\/v2\/types\/product"}],"replies":[{"embeddable":true,"href":"https:\/\/sietecolores.co\/index.php?rest_route=%2Fwp%2Fv2%2Fcomments&post=763"}],"wp:featuredmedia":[{"embeddable":true,"href":"https:\/\/sietecolores.co\/index.php?rest_route=\/wp\/v2\/media\/164"}],"wp:attachment":[{"href":"https:\/\/sietecolores.co\/index.php?rest_route=%2Fwp%2Fv2%2Fmedia&parent=763"}],"wp:term":[{"taxonomy":"product_brand","embeddable":true,"href":"https:\/\/sietecolores.co\/index.php?rest_route=%2Fwp%2Fv2%2Fproduct_brand&post=763"},{"taxonomy":"product_cat","embeddable":true,"href":"https:\/\/sietecolores.co\/index.php?rest_route=%2Fwp%2Fv2%2Fproduct_cat&post=763"},{"taxonomy":"product_tag","embeddable":true,"href":"https:\/\/sietecolores.co\/index.php?rest_route=%2Fwp%2Fv2%2Fproduct_tag&post=763"}],"curies":[{"name":"wp","href":"https:\/\/api.w.org\/{rel}","templated":true}]}}