{"id":918,"date":"2023-11-22T21:57:06","date_gmt":"2023-11-22T21:57:06","guid":{"rendered":"https:\/\/sietecolores.co\/?post_type=product&#038;p=918"},"modified":"2023-11-28T17:21:06","modified_gmt":"2023-11-28T17:21:06","slug":"ylang-ylang","status":"publish","type":"product","link":"https:\/\/sietecolores.co\/?product=ylang-ylang","title":{"rendered":"Ylang Ylang"},"content":{"rendered":"<p><b>YLANG YLANG (Cananga odorata)<\/b><\/p>\n<p><b>RECONCILIACI\u00d3N<\/b><\/p>\n<p><span style=\"font-weight: 400;\">Orden: Magnoliales<\/span><\/p>\n<p><span style=\"font-weight: 400;\">Familia: Annonaceae<\/span><\/p>\n<p><span style=\"font-weight: 400;\">G\u00e9nero: Cananga<\/span><\/p>\n<p><span style=\"font-weight: 400;\">Especie: C. odorata<\/span><\/p>\n<p>&nbsp;<\/p>\n<p><span style=\"font-weight: 400;\">Es un \u00e1rbol oriundo de India, Java y Filipinas, pero ya se ha extendido a muchos pa\u00edses en especial a Centroam\u00e9rica y el norte de Suram\u00e9rica, muy abundante en las regiones c\u00e1lidas de Venezuela.<\/span><\/p>\n<p><span style=\"font-weight: 400;\">Su mayor productor son las Islas Comoras en el Pac\u00edfico<\/span><\/p>\n<p><span style=\"font-weight: 400;\">Es un \u00e1rbol de crecimiento r\u00e1pido que va m\u00e1s all\u00e1 de los 5 metros al a\u00f1o y llega a los 12 metros cuando su crecimiento est\u00e1 completo. Prefiere tierras \u00e1cidas porque son m\u00e1s felices en la selva tropical.\u00a0<\/span><\/p>\n<p><span style=\"font-weight: 400;\">Las hojas son largas, suaves y esplendorosas. \u00a0 La flor es verdosa amarillenta. Sus flores duran mucho tiempo y van cambiando de color a medida que se desarrollan.\u00a0 Al principio son amarillo verdosas y se convierten en amarillo lim\u00f3n brillantes.\u00a0 Sus flores miden unos 5 cm de ancho con p\u00e9talos estrechos, alargados y rizados.<\/span><\/p>\n<p><span style=\"font-weight: 400;\">Su aroma es m\u00e1s intenso en la noche.<\/span><\/p>\n<p><span style=\"font-weight: 400;\">Produce frutos que se vuelven negros cuando maduran y son fuente de alimento para aves y peque\u00f1os mam\u00edferos.<\/span><\/p>\n<p><span style=\"font-weight: 400;\">Sus flores se ponen en lechos nupciales en Indonesia.<\/span><\/p>\n<p><span style=\"font-weight: 400;\">Su aceite esencial se obtiene por destilaci\u00f3n de las flores. La destilaci\u00f3n se realiza en diferentes fases de acuerdo al tiempo de destilaci\u00f3n: oscila entre 30 minutos y 24 horas; dando como <\/span><span style=\"font-weight: 400;\">resultado: extra, superior, extra, complet\u00f3, II y III.<\/span><\/p>\n<p><span style=\"font-weight: 400;\">El que se usa en Aromaterapia es el Ylang Ylang completo y su aroma es dulz\u00f3n y floral <\/span><span style=\"font-weight: 400;\">pero no suele crear unanimidad <\/span><span style=\"font-weight: 400;\">as\u00ed que es necesario familiarizarse poco a poco con \u00e9l.<\/span><\/p>\n<p>&nbsp;<\/p>\n<p><b>PROPIEDADES TERAP\u00c9UTICAS F\u00cdSICAS<\/b><\/p>\n<ul>\n<li aria-level=\"1\"><span style=\"font-weight: 400;\">Mejora la circulaci\u00f3n sangu\u00ednea<\/span><\/li>\n<\/ul>\n<ul>\n<li aria-level=\"1\"><span style=\"font-weight: 400;\">Tiene efecto relajante reduciendo el estr\u00e9s<\/span><\/li>\n<\/ul>\n<ul>\n<li aria-level=\"1\"><span style=\"font-weight: 400;\">Combate el insomnio<\/span><\/li>\n<\/ul>\n<ul>\n<li aria-level=\"1\"><span style=\"font-weight: 400;\">Regula el cabello graso<\/span><\/li>\n<\/ul>\n<ul>\n<li aria-level=\"1\"><span style=\"font-weight: 400;\">Es afrodis\u00edaco<\/span><\/li>\n<\/ul>\n<ul>\n<li aria-level=\"1\"><span style=\"font-weight: 400;\">Poderoso analg\u00e9sico<\/span><\/li>\n<\/ul>\n<ul>\n<li aria-level=\"1\"><span style=\"font-weight: 400;\">Excelentes resultados en reacciones d\u00e9rmicas debidas al estr\u00e9s, por eso se dice que tiene propiedades neurocosm\u00e9ticas.<\/span><\/li>\n<\/ul>\n<ul>\n<li aria-level=\"1\"><span style=\"font-weight: 400;\">Regula los latidos del coraz\u00f3n.<\/span><\/li>\n<\/ul>\n<p>&nbsp;<\/p>\n<p><b>PROPIEDADES TERAP\u00c9UTICAS ENERG\u00c9TICAS<\/b><\/p>\n<ul>\n<li style=\"font-weight: 400;\" aria-level=\"1\"><span style=\"font-weight: 400;\">Favorece sentimientos positivos<\/span><\/li>\n<li style=\"font-weight: 400;\" aria-level=\"1\"><span style=\"font-weight: 400;\">Calma en estados reactivos de ira, rabia, p\u00e1nico, temor, celos.<\/span><\/li>\n<li style=\"font-weight: 400;\" aria-level=\"1\"><span style=\"font-weight: 400;\">Estimula la creatividad<\/span><\/li>\n<li style=\"font-weight: 400;\" aria-level=\"1\"><span style=\"font-weight: 400;\">Estimula la intuici\u00f3n<\/span><\/li>\n<li style=\"font-weight: 400;\" aria-level=\"1\"><span style=\"font-weight: 400;\">Comprensi\u00f3n para apreciarnos y apreciar a las personas que amamos.<\/span><\/li>\n<li style=\"font-weight: 400;\" aria-level=\"1\"><span style=\"font-weight: 400;\">Apacigua la frustraci\u00f3n.<\/span><\/li>\n<li style=\"font-weight: 400;\" aria-level=\"1\"><span style=\"font-weight: 400;\">Simboliza la serenidad y la alegr\u00eda de los sentidos.<\/span><\/li>\n<li style=\"font-weight: 400;\" aria-level=\"1\"><span style=\"font-weight: 400;\">Favorece la reconciliaci\u00f3n, disoluci\u00f3n de disputas incluso las propias.<\/span><\/li>\n<li style=\"font-weight: 400;\" aria-level=\"1\"><span style=\"font-weight: 400;\">Abraza la feminidad<\/span><\/li>\n<li style=\"font-weight: 400;\" aria-level=\"1\"><span style=\"font-weight: 400;\">Activa la fertilidad<\/span><\/li>\n<\/ul>\n<p>&nbsp;<\/p>\n<p><b>RECONCILIACI\u00d3N<\/b><\/p>\n","protected":false},"excerpt":{"rendered":"<p><span style=\"font-weight: 400;\"><b>RECONCILIACI\u00d3N.\u00a0<\/b>Combate el insomnio.\u00a0<\/span><span style=\"font-weight: 400;\">Abraza la feminidad<\/span><\/p>\n","protected":false},"featured_media":919,"comment_status":"open","ping_status":"closed","template":"","meta":{"_monsterinsights_skip_tracking":false,"_monsterinsights_sitenote_active":false,"_monsterinsights_sitenote_note":"","_monsterinsights_sitenote_category":0,"_joinchat":[]},"product_brand":[],"product_cat":[26],"product_tag":[],"class_list":{"0":"post-918","1":"product","2":"type-product","3":"status-publish","4":"has-post-thumbnail","6":"product_cat-aceites-sagrados","8":"first","9":"instock","10":"shipping-taxable","11":"purchasable","12":"product-type-simple"},"aioseo_notices":[],"_links":{"self":[{"href":"https:\/\/sietecolores.co\/index.php?rest_route=\/wp\/v2\/product\/918","targetHints":{"allow":["GET"]}}],"collection":[{"href":"https:\/\/sietecolores.co\/index.php?rest_route=\/wp\/v2\/product"}],"about":[{"href":"https:\/\/sietecolores.co\/index.php?rest_route=\/wp\/v2\/types\/product"}],"replies":[{"embeddable":true,"href":"https:\/\/sietecolores.co\/index.php?rest_route=%2Fwp%2Fv2%2Fcomments&post=918"}],"wp:featuredmedia":[{"embeddable":true,"href":"https:\/\/sietecolores.co\/index.php?rest_route=\/wp\/v2\/media\/919"}],"wp:attachment":[{"href":"https:\/\/sietecolores.co\/index.php?rest_route=%2Fwp%2Fv2%2Fmedia&parent=918"}],"wp:term":[{"taxonomy":"product_brand","embeddable":true,"href":"https:\/\/sietecolores.co\/index.php?rest_route=%2Fwp%2Fv2%2Fproduct_brand&post=918"},{"taxonomy":"product_cat","embeddable":true,"href":"https:\/\/sietecolores.co\/index.php?rest_route=%2Fwp%2Fv2%2Fproduct_cat&post=918"},{"taxonomy":"product_tag","embeddable":true,"href":"https:\/\/sietecolores.co\/index.php?rest_route=%2Fwp%2Fv2%2Fproduct_tag&post=918"}],"curies":[{"name":"wp","href":"https:\/\/api.w.org\/{rel}","templated":true}]}}