{"id":922,"date":"2023-11-23T02:10:13","date_gmt":"2023-11-23T02:10:13","guid":{"rendered":"https:\/\/sietecolores.co\/?post_type=product&#038;p=922"},"modified":"2023-11-23T19:04:46","modified_gmt":"2023-11-23T19:04:46","slug":"menta-mentha","status":"publish","type":"product","link":"https:\/\/sietecolores.co\/?product=menta-mentha","title":{"rendered":"Menta"},"content":{"rendered":"<p><b>MENTA (Mentha piperita)<\/b><\/p>\n<p>&nbsp;<\/p>\n<p><span style=\"font-weight: 400;\">Orden: L\u00e1miales<\/span><\/p>\n<p><span style=\"font-weight: 400;\">Familia: Lamiaceas (Labiadas)<\/span><\/p>\n<p><span style=\"font-weight: 400;\">G\u00e9nero: Mentha<\/span><\/p>\n<p><span style=\"font-weight: 400;\">Especie: Mentha Piperita<\/span><\/p>\n<p>&nbsp;<\/p>\n<p><b>CARACTER\u00cdSTICAS<\/b><\/p>\n<p><span style=\"font-weight: 400;\">Es una planta con tallos muy ramificados que alcanza hasta 70 cm de altura.\u00a0 Las hojas son opuestas, peque\u00f1as, con m\u00e1rgenes dentados. Tanto hojas como tallos son ligeramente vellosos.\u00a0 Las flores son en espiga peque\u00f1as de color rosa o purpura.<\/span><\/p>\n<p><span style=\"font-weight: 400;\">Es una planta est\u00e9ril ya que fue obtenida del cruce de dos especies.<\/span><\/p>\n<p><span style=\"font-weight: 400;\">Prefiere suelos h\u00famedos, f\u00e9rtiles y no tolera el exceso de sol.<\/span><\/p>\n<p><span style=\"font-weight: 400;\">Su aceite esencial se extrae por destilaci\u00f3n de vapor de toda la planta antes de que florezca.<\/span><\/p>\n<p>&nbsp;<\/p>\n<p><b>PROPIEDADES TERAP\u00c9UTICAS F\u00cdSICAS<\/b><\/p>\n<ul>\n<li style=\"font-weight: 400;\" aria-level=\"1\"><span style=\"font-weight: 400;\">Facilita la digesti\u00f3n, es aperitiva y carminativa, pues estimula la producci\u00f3n de bilis, facilita la absorci\u00f3n de nutrientes y calma los espasmos gastrointestinales, las n\u00e1useas y la hinchaz\u00f3n abdominal, adem\u00e1s de evitar la formaci\u00f3n de gases y las flatulencias<\/span><\/li>\n<\/ul>\n<p>&nbsp;<\/p>\n<ul>\n<li style=\"font-weight: 400;\" aria-level=\"1\"><span style=\"font-weight: 400;\">Suaviza las jaquecas nerviosas o relacionadas con trastornos digestivos y hep\u00e1ticos<\/span><\/li>\n<li style=\"font-weight: 400;\" aria-level=\"1\"><span style=\"font-weight: 400;\">Analg\u00e9sica, antiinflamatoria y antiespasm\u00f3dica ayudando a calmar dolores musculares, menstruales y articulares<\/span><\/li>\n<li style=\"font-weight: 400;\" aria-level=\"1\"><span style=\"font-weight: 400;\">Reduce la producci\u00f3n de grasa en la piel por esto es buena para el acn\u00e9 y la celulitis<\/span><\/li>\n<li style=\"font-weight: 400;\" aria-level=\"1\"><span style=\"font-weight: 400;\">Reduce la p\u00e9rdida de cabello<\/span><\/li>\n<li style=\"font-weight: 400;\" aria-level=\"1\"><span style=\"font-weight: 400;\">Desodorante<\/span><\/li>\n<\/ul>\n<p>&nbsp;<\/p>\n<p><b>PROPIEDADES TERAP\u00c9UTICAS ENERG\u00c9TICAS<\/b><\/p>\n<ul>\n<li style=\"font-weight: 400;\" aria-level=\"1\"><span style=\"font-weight: 400;\">Protege durante el sue\u00f1o de ataques, pesadillas y presencias negativas.\u00a0<\/span><\/li>\n<li style=\"font-weight: 400;\" aria-level=\"1\"><span style=\"font-weight: 400;\">Induce sue\u00f1os premonitorios y poderes ps\u00edquicos<\/span><\/li>\n<li style=\"font-weight: 400;\" aria-level=\"1\"><span style=\"font-weight: 400;\">Estimula la concentraci\u00f3n y la memoria<\/span><\/li>\n<li style=\"font-weight: 400;\" aria-level=\"1\"><span style=\"font-weight: 400;\">Acelera la curaci\u00f3n del cuerpo y la mente<\/span><\/li>\n<li style=\"font-weight: 400;\" aria-level=\"1\"><span style=\"font-weight: 400;\">Planeta regente mercurio<\/span><\/li>\n<li style=\"font-weight: 400;\" aria-level=\"1\"><span style=\"font-weight: 400;\">Pertenece al g\u00e9nero masculino<\/span><\/li>\n<li style=\"font-weight: 400;\" aria-level=\"1\"><span style=\"font-weight: 400;\">Elemento aire y fuego<\/span><\/li>\n<\/ul>\n<p>&nbsp;<\/p>\n<p><b>PURIFICA<\/b><\/p>\n","protected":false},"excerpt":{"rendered":"<p>MENTA (Mentha piperita) &nbsp; Orden: L\u00e1miales Familia: Lamiaceas (Labiadas) G\u00e9nero: Mentha Especie: Mentha Piperita &nbsp; CARACTER\u00cdSTICAS Es una planta con tallos muy ramificados que alcanza hasta 70 cm de altura.\u00a0 Las hojas son opuestas, peque\u00f1as, con m\u00e1rgenes dentados. Tanto hojas como tallos son ligeramente vellosos.\u00a0 Las flores son en espiga peque\u00f1as de color rosa o [&hellip;]<\/p>\n","protected":false},"featured_media":0,"comment_status":"open","ping_status":"closed","template":"","meta":{"_monsterinsights_skip_tracking":false,"_monsterinsights_sitenote_active":false,"_monsterinsights_sitenote_note":"","_monsterinsights_sitenote_category":0,"_joinchat":[]},"product_brand":[],"product_cat":[26],"product_tag":[],"class_list":{"0":"post-922","1":"product","2":"type-product","3":"status-publish","5":"product_cat-aceites-sagrados","7":"first","8":"instock","9":"shipping-taxable","10":"purchasable","11":"product-type-simple"},"aioseo_notices":[],"_links":{"self":[{"href":"https:\/\/sietecolores.co\/index.php?rest_route=\/wp\/v2\/product\/922","targetHints":{"allow":["GET"]}}],"collection":[{"href":"https:\/\/sietecolores.co\/index.php?rest_route=\/wp\/v2\/product"}],"about":[{"href":"https:\/\/sietecolores.co\/index.php?rest_route=\/wp\/v2\/types\/product"}],"replies":[{"embeddable":true,"href":"https:\/\/sietecolores.co\/index.php?rest_route=%2Fwp%2Fv2%2Fcomments&post=922"}],"wp:attachment":[{"href":"https:\/\/sietecolores.co\/index.php?rest_route=%2Fwp%2Fv2%2Fmedia&parent=922"}],"wp:term":[{"taxonomy":"product_brand","embeddable":true,"href":"https:\/\/sietecolores.co\/index.php?rest_route=%2Fwp%2Fv2%2Fproduct_brand&post=922"},{"taxonomy":"product_cat","embeddable":true,"href":"https:\/\/sietecolores.co\/index.php?rest_route=%2Fwp%2Fv2%2Fproduct_cat&post=922"},{"taxonomy":"product_tag","embeddable":true,"href":"https:\/\/sietecolores.co\/index.php?rest_route=%2Fwp%2Fv2%2Fproduct_tag&post=922"}],"curies":[{"name":"wp","href":"https:\/\/api.w.org\/{rel}","templated":true}]}}