{"id":927,"date":"2023-11-23T02:19:32","date_gmt":"2023-11-23T02:19:32","guid":{"rendered":"https:\/\/sietecolores.co\/?post_type=product&#038;p=927"},"modified":"2023-11-28T18:12:22","modified_gmt":"2023-11-28T18:12:22","slug":"albahaca-ocimum","status":"publish","type":"product","link":"https:\/\/sietecolores.co\/?product=albahaca-ocimum","title":{"rendered":"Albahaca"},"content":{"rendered":"<p><b>ALBAHACA (Ocimun basilicum)<\/b><\/p>\n<p><b>AUTENTICIDAD Y ABUNDANCIA<\/b><\/p>\n<p><span style=\"font-weight: 400;\">Orden: L\u00e1miales<\/span><\/p>\n<p><span style=\"font-weight: 400;\">Familia: L\u00e1miaseas o labiadas<\/span><\/p>\n<p><span style=\"font-weight: 400;\">G\u00e9nero: Ocimun<\/span><\/p>\n<p><span style=\"font-weight: 400;\">Especie: O. basilicum<\/span><\/p>\n<p>&nbsp;<\/p>\n<p><span style=\"font-weight: 400;\">La albahaca o Alh\u00e1bega o albahaca dulce es una hierba arom\u00e1tica anual que se cultiva hace milenios, la planta alcanza 50 cm de altura,\u00a0 sus hojas anchas, tienen un color verde intenso sedoso, m\u00e1s intenso en la parte superior de la planta.\u00a0 Sus flores nacen agrupadas color blanco o lavanda.<\/span><\/p>\n<p><span style=\"font-weight: 400;\">Hay 150 especies dentro del g\u00e9nero y tambi\u00e9n hay subespecies; estas incluyen plantas anuales, perenne y arbustos.<\/span><\/p>\n<p><span style=\"font-weight: 400;\">Originaria de \u00c1frica y Asia<\/span><\/p>\n<p><span style=\"font-weight: 400;\">Basillicum significa\u201d Planta real, Majestuosa\u201d.<\/span><\/p>\n<p><span style=\"font-weight: 400;\">Las diferentes especies de Ocimun son ricas en aceites vol\u00e1tiles que pueden variar en la misma especie y de acuerdo a las condiciones de cultivo.<\/span><\/p>\n<p><span style=\"font-weight: 400;\">Requiere suelos f\u00e9rtiles permeables y h\u00famedos.\u00a0 Es muy sensible a las heladas y al fr\u00edo extremo.\u00a0 Requiere del sol, pero resiste un poco de sombra<\/span><b>.<\/b><\/p>\n<p><span style=\"font-weight: 400;\">Esta hierba vers\u00e1til con un aroma intenso e innumerables usos en la cocina\u00a0comenz\u00f3 a cultivarse hace unos 5000 a\u00f1os en el sudeste asi\u00e1tico<\/span><b>, <\/b><span style=\"font-weight: 400;\">y en particular en la India y Asia tropical, aunque algunas pruebas escritas del 807 d de C sugieren que la albahaca dulce, en ese momento, ya se usaba en la regi\u00f3n china de Hunan. Desde Asia, la planta viajar\u00eda alrededor del mundo, primero migrando a <\/span><b>\u00a0<\/b><span style=\"font-weight: 400;\">Oriente<\/span> <span style=\"font-weight: 400;\">Medio\u00a0gracias a los comerciantes de especias, en pa\u00edses con un clima ideal como Ir\u00e1n y Egipto; luego alrededor del 350 a de C en\u00a0Grecia e Italia<\/span><b>,<\/b><span style=\"font-weight: 400;\"> probablemente gracias al ej\u00e9rcito de Carlomagno que se mud\u00f3 al este con eruditos a cuestas, y finalmente despu\u00e9s del siglo XVI en Inglaterra y Am\u00e9rica. La fascinante historia y difusi\u00f3n de la albahaca se caracteriza por\u00a0diferentes usos en diferentes culturas, no solo como alimento sino tambi\u00e9n como\u00a0planta curativa o con propiedades m\u00e1gicas<\/span><b>.<\/b><\/p>\n<p><span style=\"font-weight: 400;\">Se dice que esta planta originaria de la India creci\u00f3 alrededor de la tumba de Cristo despu\u00e9s de su resurrecci\u00f3n. Y en algunas iglesias ortodoxas griegas la usan para preparar su agua sagrada y ponen floreros de albahacas debajo de los altares.<\/span><\/p>\n<p>&nbsp;<\/p>\n<p><span style=\"font-weight: 400;\">Es m\u00e1s, se cree que su nombre es una abreviatura de Basilikon phuton (en ingl\u00e9s albahaca es basil), expresi\u00f3n griega que significa hierba majestuosa.<\/span><\/p>\n<p><span style=\"font-weight: 400;\">Por ejemplo, la albahaca se ha relacionado durante mucho tiempo con las antiguas hierbas medicinales tradicionales, incluido el\u00a0Ayurveda, la antigua medicina tradicional India. En el\u00a0antiguo Egipto\u00a0es probable que la planta se asociara con propiedades antibacterianas y de conservaci\u00f3n y por esta raz\u00f3n se us\u00f3 en el proceso de momificaci\u00f3n, y se encontr\u00f3 dentro de las tumbas. Incluso para los antiguos griegos y romanos, la albahaca estaba envuelta en tradiciones y creencias. Los\u00a0griegos, por ejemplo, le atribuyeron un valor negativo, considerado un s\u00edmbolo de odio y duelo, mientras que los\u00a0antiguos romanos lo consideraban una planta m\u00e1gica y sagrada que<\/span><b>\u00a0<\/b><span style=\"font-weight: 400;\">se recolectaba siguiendo rituales precisos.\u00a0<\/span><\/p>\n<p><span style=\"font-weight: 400;\">El famoso naturalista romano Plinio tambi\u00e9n describi\u00f3 sus propiedades afrodis\u00edacas fortalecedoras. M\u00e1s tarde, gracias a estas creencias, se convirti\u00f3 en el verdadero\u00a0s\u00edmbolo de los amantes\u00a0de varios pueblos. En Portugal, por ejemplo, las plantas de albahaca todav\u00eda se donan a un amante o ser querido, junto con un poema, durante ciertas fiestas religiosas.<\/span><\/p>\n<p>&nbsp;<\/p>\n<p><b>PROPIEDADES TERAP\u00c9UTICAS F\u00cdSICAS<\/b><\/p>\n<ul>\n<li style=\"font-weight: 400;\" aria-level=\"1\"><span style=\"font-weight: 400;\">Digestiva: favorece la digesti\u00f3n y evita los espasmos g\u00e1stricos, siendo muy \u00fatil en los casos de gastritis, de hernia de hiato, etc.<\/span><\/li>\n<li style=\"font-weight: 400;\" aria-level=\"1\"><span style=\"font-weight: 400;\">Estimulante digestivo y l\u00e1ctico: la esencia de la planta abre el apetito y estimula la producci\u00f3n de leche en mujeres lactantes.<\/span><\/li>\n<li style=\"font-weight: 400;\" aria-level=\"1\"><span style=\"font-weight: 400;\">Antiem\u00e9tica: en caso de tener sensaci\u00f3n de v\u00f3mitos o malestar intestinal.<\/span><\/li>\n<li style=\"font-weight: 400;\" aria-level=\"1\"><span style=\"font-weight: 400;\">Problemas nerviosos: refuerza el sistema nervioso y tranquiliza sus manifestaciones adversas en el est\u00f3mago.<\/span><\/li>\n<li style=\"font-weight: 400;\" aria-level=\"1\"><span style=\"font-weight: 400;\">Carminativo: disminuci\u00f3n en la generaci\u00f3n de gases en el aparato digestivo<\/span><\/li>\n<li style=\"font-weight: 400;\" aria-level=\"1\"><span style=\"font-weight: 400;\">Mal de altura: su contenido en eugenol le otorga propiedades anticoagulantes, muy adecuadas para mejorar la circulaci\u00f3n sangu\u00ednea. Esta propiedad puede ser aprovechada para evitar el mal de altura o mejorar sus s\u00edntomas.<\/span><\/li>\n<li style=\"font-weight: 400;\" aria-level=\"1\"><span style=\"font-weight: 400;\">Antis\u00e9ptico bucal: cuando aparecen problemas en la boca, como inflamaciones, llagas o mal aliento.<\/span><\/li>\n<li style=\"font-weight: 400;\" aria-level=\"1\"><span style=\"font-weight: 400;\">Favorece la expulsi\u00f3n de c\u00e1lculos renales por su afinidad renal<\/span><\/li>\n<li style=\"font-weight: 400;\" aria-level=\"1\"><span style=\"font-weight: 400;\">Previene triglic\u00e9ridos y colesterol<\/span><\/li>\n<\/ul>\n<p>&nbsp;<\/p>\n<p><b>PROPIEDADES TERAP\u00c9UTICAS ENERG\u00c9TICAS<\/b><\/p>\n<ul>\n<li aria-level=\"1\"><span style=\"font-weight: 400;\">Act\u00faa como pacificador e integrador de la familia.<\/span><\/li>\n<\/ul>\n<ul>\n<li aria-level=\"1\"><span style=\"font-weight: 400;\">Transmuta la energ\u00eda agresiva convirti\u00e9ndola en voluntad y fuerza\u00a0<\/span><\/li>\n<\/ul>\n<ul>\n<li aria-level=\"1\"><span style=\"font-weight: 400;\">Calma a ni\u00f1os agresivos<\/span><\/li>\n<\/ul>\n<ul>\n<li aria-level=\"1\"><span style=\"font-weight: 400;\">Ayuda a liberar amor a las personas muy contenidas<\/span><\/li>\n<\/ul>\n<ul>\n<li aria-level=\"1\"><span style=\"font-weight: 400;\">S\u00edmbolo de abundancia y prosperidad<\/span><\/li>\n<\/ul>\n<ul>\n<li aria-level=\"1\"><span style=\"font-weight: 400;\">Atrae el dinero<\/span><\/li>\n<\/ul>\n<ul>\n<li aria-level=\"1\"><span style=\"font-weight: 400;\">Favorece la prosperidad en los negocios y el \u00e9xito laboral<\/span><\/li>\n<\/ul>\n<ul>\n<li style=\"font-weight: 400;\" aria-level=\"1\"><span style=\"font-weight: 400;\">Integra la sexualidad con la espiritualidad<\/span><\/li>\n<li style=\"font-weight: 400;\" aria-level=\"1\"><span style=\"font-weight: 400;\">Permite la manifestaci\u00f3n del oro espiritual en el oro material.<\/span><\/li>\n<li style=\"font-weight: 400;\" aria-level=\"1\"><span style=\"font-weight: 400;\">Define el valor de lo aut\u00e9ntico permitiendo el flujo de la manifestaci\u00f3n de lo real, pr\u00f3spero y abundante en el plano f\u00edsico<\/span><\/li>\n<\/ul>\n<p>&nbsp;<\/p>\n<p>&nbsp;<\/p>\n","protected":false},"excerpt":{"rendered":"<p><b>AUTENTICIDAD Y ABUNDANCIA.\u00a0<\/b><span style=\"font-weight: 400;\">Act\u00faa como pacificador e integrador de la familia.\u00a0<\/span><span style=\"font-weight: 400;\">Transmuta la energ\u00eda agresiva convirti\u00e9ndola en voluntad y fuerza.\u00a0<\/span><\/p>\n","protected":false},"featured_media":928,"comment_status":"open","ping_status":"closed","template":"","meta":{"_monsterinsights_skip_tracking":false,"_monsterinsights_sitenote_active":false,"_monsterinsights_sitenote_note":"","_monsterinsights_sitenote_category":0,"_joinchat":[]},"product_brand":[],"product_cat":[26],"product_tag":[],"class_list":{"0":"post-927","1":"product","2":"type-product","3":"status-publish","4":"has-post-thumbnail","6":"product_cat-aceites-sagrados","8":"first","9":"instock","10":"shipping-taxable","11":"purchasable","12":"product-type-simple"},"aioseo_notices":[],"_links":{"self":[{"href":"https:\/\/sietecolores.co\/index.php?rest_route=\/wp\/v2\/product\/927","targetHints":{"allow":["GET"]}}],"collection":[{"href":"https:\/\/sietecolores.co\/index.php?rest_route=\/wp\/v2\/product"}],"about":[{"href":"https:\/\/sietecolores.co\/index.php?rest_route=\/wp\/v2\/types\/product"}],"replies":[{"embeddable":true,"href":"https:\/\/sietecolores.co\/index.php?rest_route=%2Fwp%2Fv2%2Fcomments&post=927"}],"wp:featuredmedia":[{"embeddable":true,"href":"https:\/\/sietecolores.co\/index.php?rest_route=\/wp\/v2\/media\/928"}],"wp:attachment":[{"href":"https:\/\/sietecolores.co\/index.php?rest_route=%2Fwp%2Fv2%2Fmedia&parent=927"}],"wp:term":[{"taxonomy":"product_brand","embeddable":true,"href":"https:\/\/sietecolores.co\/index.php?rest_route=%2Fwp%2Fv2%2Fproduct_brand&post=927"},{"taxonomy":"product_cat","embeddable":true,"href":"https:\/\/sietecolores.co\/index.php?rest_route=%2Fwp%2Fv2%2Fproduct_cat&post=927"},{"taxonomy":"product_tag","embeddable":true,"href":"https:\/\/sietecolores.co\/index.php?rest_route=%2Fwp%2Fv2%2Fproduct_tag&post=927"}],"curies":[{"name":"wp","href":"https:\/\/api.w.org\/{rel}","templated":true}]}}