{"id":929,"date":"2023-11-23T02:23:48","date_gmt":"2023-11-23T02:23:48","guid":{"rendered":"https:\/\/sietecolores.co\/?post_type=product&#038;p=929"},"modified":"2023-11-28T18:10:48","modified_gmt":"2023-11-28T18:10:48","slug":"anis-pimpinella","status":"publish","type":"product","link":"https:\/\/sietecolores.co\/?product=anis-pimpinella","title":{"rendered":"Anis"},"content":{"rendered":"<p><b>AN\u00cdS (Pimpinella anisum)<\/b><\/p>\n<p><b>FLEXIBILIDAD<\/b><\/p>\n<p><span style=\"font-weight: 400;\">Orden: Apiales<\/span><\/p>\n<p><span style=\"font-weight: 400;\">Familia: <\/span><span style=\"font-weight: 400;\">Apiaceae<\/span><\/p>\n<p><span style=\"font-weight: 400;\">G\u00e9nero: Pimpinella<\/span><\/p>\n<p><span style=\"font-weight: 400;\">Especie: P. Anisum\u00a0\u00a0\u00a0\u00a0<\/span><\/p>\n<p><span style=\"font-weight: 400;\">Es una hierba originaria de Asia y de la cuenca del Mediterr\u00e1neo. Puede alcanzar 60 o 80 cent\u00edmetros de altura. Es una planta originaria de Oriente y llevada por los \u00e1rabes a los pa\u00edses mediterr\u00e1neos.<\/span><\/p>\n<p><span style=\"font-weight: 400;\">M\u00e1s del 90 % del contenido en el aceite esencial es el Anetol, y es su componente arom\u00e1tico m\u00e1s potente.\u00a0 Se encuentra en el an\u00eds y tambi\u00e9n en una especie no relacionada y originaria del norte de China llamada An\u00eds Estrellado (Illicium verum) muy utilizado en la gastronom\u00eda asi\u00e1tica.\u00a0 El aceite esencial de an\u00eds estrellado es menos costoso de producir y ha ido desplazando al aceite esencial de P. anisum en los mercados occidentales.<\/span><\/p>\n<p>&nbsp;<\/p>\n<p><b>PROPIEDADES TERAP\u00c9UTICAS F\u00cdSICAS<\/b><\/p>\n<ul>\n<li aria-level=\"1\"><span style=\"font-weight: 400;\">Sedante<\/span><\/li>\n<\/ul>\n<ul>\n<li aria-level=\"1\"><span style=\"font-weight: 400;\">Antiespasm\u00f3dico y carminativo<\/span><\/li>\n<\/ul>\n<ul>\n<li aria-level=\"1\"><span style=\"font-weight: 400;\">Combate gases, dolores intestinales, acidez, indigesti\u00f3n, gastritis<\/span><\/li>\n<\/ul>\n<ul>\n<li aria-level=\"1\"><span style=\"font-weight: 400;\">Favorece una adecuada digesti\u00f3n<\/span><\/li>\n<\/ul>\n<ul>\n<li aria-level=\"1\"><span style=\"font-weight: 400;\">Antiinflamatorio<\/span><\/li>\n<\/ul>\n<ul>\n<li aria-level=\"1\"><span style=\"font-weight: 400;\">Expectorante<\/span><\/li>\n<\/ul>\n<ul>\n<li aria-level=\"1\"><span style=\"font-weight: 400;\">Combate c\u00f3lico menstruales<\/span><\/li>\n<\/ul>\n<ul>\n<li aria-level=\"1\"><span style=\"font-weight: 400;\">Diur\u00e9tico<\/span><\/li>\n<\/ul>\n<ul>\n<li aria-level=\"1\"><span style=\"font-weight: 400;\">Contrarresta inflamaciones de garganta y boca<\/span><\/li>\n<\/ul>\n<ul>\n<li aria-level=\"1\"><span style=\"font-weight: 400;\">Regulador de ciclos menstruales<\/span><\/li>\n<\/ul>\n<ul>\n<li aria-level=\"1\"><span style=\"font-weight: 400;\">Aumenta la producci\u00f3n de leche en mujeres y animales<\/span><\/li>\n<\/ul>\n<ul>\n<li aria-level=\"1\"><span style=\"font-weight: 400;\">Aumenta el apetito<\/span><\/li>\n<\/ul>\n<ul>\n<li aria-level=\"1\"><span style=\"font-weight: 400;\">El an\u00eds estrellado por el contrario es neurot\u00f3xico y est\u00e1 contraindicado en beb\u00e9s y lactantes.<\/span><\/li>\n<\/ul>\n<ul>\n<li aria-level=\"1\"><span style=\"font-weight: 400;\">Es un ant\u00eddoto de la nicotina: limpiando los bronquios de mucosidades irritantes y facilita la regeneraci\u00f3n de las c\u00e9lulas\u00a0<\/span><\/li>\n<\/ul>\n<ul>\n<li aria-level=\"1\"><span style=\"font-weight: 400;\">Estimula el sistema nervioso central<\/span><\/li>\n<\/ul>\n<p>&nbsp;<\/p>\n<p><b>PROPIEDADES TERAP\u00c9UTICAS ENERG\u00c9TICAS<\/b><\/p>\n<ul>\n<li><span style=\"font-weight: 400;\">Calma los niveles de estr\u00e9s<\/span><\/li>\n<li><span style=\"font-weight: 400;\">Disminuye la ansiedad<\/span><\/li>\n<li style=\"list-style-type: none;\"><\/li>\n<\/ul>\n<ul>\n<li aria-level=\"1\"><span style=\"font-weight: 400;\">Energ\u00e9ticamente tiene un efecto protector.<\/span><\/li>\n<\/ul>\n<ul>\n<li aria-level=\"1\"><span style=\"font-weight: 400;\">Purifica los espacios llen\u00e1ndolos de bienestar y armon\u00eda<\/span><\/li>\n<\/ul>\n<ul>\n<li aria-level=\"1\"><span style=\"font-weight: 400;\">Es activador de la abundancia y prosperidad por su energ\u00eda transmutadora<\/span><\/li>\n<\/ul>\n<ul>\n<li aria-level=\"1\"><span style=\"font-weight: 400;\">Abre caminos<\/span><\/li>\n<\/ul>\n<ul>\n<li aria-level=\"1\"><span style=\"font-weight: 400;\">Nos da flexibilidad cuando el estado de rigidez emocional nos lleva a comportamientos obsesivos<\/span><\/li>\n<\/ul>\n<ul>\n<li aria-level=\"1\"><span style=\"font-weight: 400;\">Favorece la expresi\u00f3n y la creaci\u00f3n.<\/span><\/li>\n<\/ul>\n<p>&nbsp;<\/p>\n<p>&nbsp;<\/p>\n","protected":false},"excerpt":{"rendered":"<p><b>FLEXIBILIDAD.\u00a0<\/b><span style=\"font-weight: 400;\">Nos da flexibilidad cuando el estado de rigidez emocional nos lleva a comportamientos obsesivos.\u00a0<\/span><span style=\"font-weight: 400;\">Favorece la expresi\u00f3n y la creaci\u00f3n.<\/span><\/p>\n","protected":false},"featured_media":930,"comment_status":"open","ping_status":"closed","template":"","meta":{"_monsterinsights_skip_tracking":false,"_monsterinsights_sitenote_active":false,"_monsterinsights_sitenote_note":"","_monsterinsights_sitenote_category":0,"_joinchat":[]},"product_brand":[],"product_cat":[26],"product_tag":[],"class_list":{"0":"post-929","1":"product","2":"type-product","3":"status-publish","4":"has-post-thumbnail","6":"product_cat-aceites-sagrados","8":"first","9":"instock","10":"shipping-taxable","11":"purchasable","12":"product-type-simple"},"aioseo_notices":[],"_links":{"self":[{"href":"https:\/\/sietecolores.co\/index.php?rest_route=\/wp\/v2\/product\/929","targetHints":{"allow":["GET"]}}],"collection":[{"href":"https:\/\/sietecolores.co\/index.php?rest_route=\/wp\/v2\/product"}],"about":[{"href":"https:\/\/sietecolores.co\/index.php?rest_route=\/wp\/v2\/types\/product"}],"replies":[{"embeddable":true,"href":"https:\/\/sietecolores.co\/index.php?rest_route=%2Fwp%2Fv2%2Fcomments&post=929"}],"wp:featuredmedia":[{"embeddable":true,"href":"https:\/\/sietecolores.co\/index.php?rest_route=\/wp\/v2\/media\/930"}],"wp:attachment":[{"href":"https:\/\/sietecolores.co\/index.php?rest_route=%2Fwp%2Fv2%2Fmedia&parent=929"}],"wp:term":[{"taxonomy":"product_brand","embeddable":true,"href":"https:\/\/sietecolores.co\/index.php?rest_route=%2Fwp%2Fv2%2Fproduct_brand&post=929"},{"taxonomy":"product_cat","embeddable":true,"href":"https:\/\/sietecolores.co\/index.php?rest_route=%2Fwp%2Fv2%2Fproduct_cat&post=929"},{"taxonomy":"product_tag","embeddable":true,"href":"https:\/\/sietecolores.co\/index.php?rest_route=%2Fwp%2Fv2%2Fproduct_tag&post=929"}],"curies":[{"name":"wp","href":"https:\/\/api.w.org\/{rel}","templated":true}]}}