{"id":938,"date":"2023-11-23T02:44:07","date_gmt":"2023-11-23T02:44:07","guid":{"rendered":"https:\/\/sietecolores.co\/?post_type=product&#038;p=938"},"modified":"2023-12-06T16:53:24","modified_gmt":"2023-12-06T16:53:24","slug":"difusor-300-ml","status":"publish","type":"product","link":"https:\/\/sietecolores.co\/?product=difusor-300-ml","title":{"rendered":"Difusor 300 ML"},"content":{"rendered":"<p><span data-sheets-root=\"1\" data-sheets-value=\"{&quot;1&quot;:2,&quot;2&quot;:&quot;Son dispositivos que gracias a su tecnolog\u00eda de ultrasonido hacen vibrar el agua produciendo una mezcla de microparticulas de agua y aceites esenciales. Las part\u00edculas emitidas son muy peque\u00f1as para poder ser inhaladas y as\u00ed actuar a trav\u00e9s de nuestro sistema olfatorio en nuestro cuerpo f\u00edsico mental y espiritual.\\n\\nEsta pulverizaci\u00f3n de el agua sucede en fr\u00edo, no hay fuente de calor y de est\u00e1 manera se protege el aceite esencial.\\n\\nDIFUSOR con capacidad de 300 ml, con temporizador para 1,3 o 6 horas y apagado\u00a0autom\u00e1tico.&quot;}\" data-sheets-userformat=\"{&quot;2&quot;:829,&quot;3&quot;:{&quot;1&quot;:0},&quot;5&quot;:{&quot;1&quot;:[{&quot;1&quot;:2,&quot;2&quot;:0,&quot;5&quot;:{&quot;1&quot;:2,&quot;2&quot;:0}},{&quot;1&quot;:0,&quot;2&quot;:0,&quot;3&quot;:3},{&quot;1&quot;:1,&quot;2&quot;:0,&quot;4&quot;:1}]},&quot;6&quot;:{&quot;1&quot;:[{&quot;1&quot;:2,&quot;2&quot;:0,&quot;5&quot;:{&quot;1&quot;:2,&quot;2&quot;:0}},{&quot;1&quot;:0,&quot;2&quot;:0,&quot;3&quot;:3},{&quot;1&quot;:1,&quot;2&quot;:0,&quot;4&quot;:1}]},&quot;7&quot;:{&quot;1&quot;:[{&quot;1&quot;:2,&quot;2&quot;:0,&quot;5&quot;:{&quot;1&quot;:2,&quot;2&quot;:0}},{&quot;1&quot;:0,&quot;2&quot;:0,&quot;3&quot;:3},{&quot;1&quot;:1,&quot;2&quot;:0,&quot;4&quot;:1}]},&quot;8&quot;:{&quot;1&quot;:[{&quot;1&quot;:2,&quot;2&quot;:0,&quot;5&quot;:{&quot;1&quot;:2,&quot;2&quot;:0}},{&quot;1&quot;:0,&quot;2&quot;:0,&quot;3&quot;:3},{&quot;1&quot;:1,&quot;2&quot;:0,&quot;4&quot;:1}]},&quot;11&quot;:4,&quot;12&quot;:0}\">Son dispositivos que gracias a su tecnolog\u00eda de ultrasonido hacen vibrar el agua produciendo una mezcla de micropart\u00edculas de agua y aceites esenciales. Las part\u00edculas emitidas son muy peque\u00f1as para poder ser inhaladas y as\u00ed actuar a trav\u00e9s de nuestro sistema olfatorio en nuestro cuerpo f\u00edsico mental y espiritual.<\/span><\/p>\n<p>Esta pulverizaci\u00f3n de el agua sucede en fr\u00edo, no hay fuente de calor y de est\u00e1 manera se protege el aceite esencial.<\/p>\n<p>DIFUSOR con capacidad de 300 ml, con temporizador para 1,3 o 6 horas y apagado\u00a0autom\u00e1tico.<\/p>\n","protected":false},"excerpt":{"rendered":"<p>Son dispositivos que gracias a su tecnolog\u00eda de ultrasonido hacen vibrar el agua produciendo una mezcla de micropart\u00edculas de agua y aceites esenciales. Las part\u00edculas emitidas son muy peque\u00f1as para poder ser inhaladas y as\u00ed actuar a trav\u00e9s de nuestro sistema olfatorio en nuestro cuerpo f\u00edsico mental y espiritual. Esta pulverizaci\u00f3n de el agua sucede [&hellip;]<\/p>\n","protected":false},"featured_media":1056,"comment_status":"open","ping_status":"closed","template":"","meta":{"_monsterinsights_skip_tracking":false,"_monsterinsights_sitenote_active":false,"_monsterinsights_sitenote_note":"","_monsterinsights_sitenote_category":0,"_joinchat":[]},"product_brand":[],"product_cat":[29],"product_tag":[],"class_list":{"0":"post-938","1":"product","2":"type-product","3":"status-publish","4":"has-post-thumbnail","6":"product_cat-complementos","8":"first","9":"instock","10":"shipping-taxable","11":"purchasable","12":"product-type-simple"},"aioseo_notices":[],"_links":{"self":[{"href":"https:\/\/sietecolores.co\/index.php?rest_route=\/wp\/v2\/product\/938","targetHints":{"allow":["GET"]}}],"collection":[{"href":"https:\/\/sietecolores.co\/index.php?rest_route=\/wp\/v2\/product"}],"about":[{"href":"https:\/\/sietecolores.co\/index.php?rest_route=\/wp\/v2\/types\/product"}],"replies":[{"embeddable":true,"href":"https:\/\/sietecolores.co\/index.php?rest_route=%2Fwp%2Fv2%2Fcomments&post=938"}],"wp:featuredmedia":[{"embeddable":true,"href":"https:\/\/sietecolores.co\/index.php?rest_route=\/wp\/v2\/media\/1056"}],"wp:attachment":[{"href":"https:\/\/sietecolores.co\/index.php?rest_route=%2Fwp%2Fv2%2Fmedia&parent=938"}],"wp:term":[{"taxonomy":"product_brand","embeddable":true,"href":"https:\/\/sietecolores.co\/index.php?rest_route=%2Fwp%2Fv2%2Fproduct_brand&post=938"},{"taxonomy":"product_cat","embeddable":true,"href":"https:\/\/sietecolores.co\/index.php?rest_route=%2Fwp%2Fv2%2Fproduct_cat&post=938"},{"taxonomy":"product_tag","embeddable":true,"href":"https:\/\/sietecolores.co\/index.php?rest_route=%2Fwp%2Fv2%2Fproduct_tag&post=938"}],"curies":[{"name":"wp","href":"https:\/\/api.w.org\/{rel}","templated":true}]}}