{"id":973,"date":"2023-11-24T14:00:15","date_gmt":"2023-11-24T14:00:15","guid":{"rendered":"https:\/\/sietecolores.co\/?post_type=product&#038;p=973"},"modified":"2023-11-28T18:08:36","modified_gmt":"2023-11-28T18:08:36","slug":"petit-grain","status":"publish","type":"product","link":"https:\/\/sietecolores.co\/?product=petit-grain","title":{"rendered":"Petit grain"},"content":{"rendered":"<p><b>PETIT GRAIN (Citrus aurantium)<\/b><\/p>\n<p><b>REGULADOR<\/b><\/p>\n<p><span style=\"font-weight: 400;\">Orden: Sapindales<\/span><\/p>\n<p><span style=\"font-weight: 400;\">Familia: Rutaceae<\/span><\/p>\n<p><span style=\"font-weight: 400;\">G\u00e9nero: Citrus<\/span><\/p>\n<p><span style=\"font-weight: 400;\">Especie: C. Aurantium\u00a0\u00a0\u00a0\u00a0<\/span><\/p>\n<p><span style=\"font-weight: 400;\">El Citrus aurantium es un naranjo agrio, tambi\u00e9n llamado naranjo amargo, es un \u00e1rbol c\u00edtrico originario del sur de China, pero hoy difundido por todo el planeta.\u00a0 Es un h\u00edbrido entre dos c\u00edtricos C. m\u00e1xima y C. reticulata.<\/span><\/p>\n<p><span style=\"font-weight: 400;\">El naranjo amargo produce tres tipos de aceite por destilaci\u00f3n a vapor: el aceite esencial de naranjo amargo de la c\u00e1scara de sus frutos, el aceite esencial de Neroli o azahar de sus flores y el aceite esencial de Petit grain de las hojas, ramas y frutas no maduras que se conservan a\u00fan verdes.\u00a0<\/span><\/p>\n<p><span style=\"font-weight: 400;\">\u00a0El aceite esencial de Petit grain es llamado tambi\u00e9n Granito de arena.\u00a0 Este aceite es ampliamente usado en perfumer\u00eda ya que tiene un toque herb\u00e1ceo, fresco, c\u00edtrico y tambi\u00e9n floral.<\/span><\/p>\n<p><span style=\"font-weight: 400;\">El nombre Petit grain es una palabra francesa que se traduce como granos peque\u00f1os.\u00a0 Se le dio este nombre porque el fruto del naranjo amargo es bastante peque\u00f1o para una fruta c\u00edtrica, del tama\u00f1o de una cereza.\u00a0<\/span><\/p>\n<p><span style=\"font-weight: 400;\">En general la extracci\u00f3n de las hojas y tallos de los c\u00edtricos da como resultado el Petit grain, pero es m\u00e1s frecuente su extracci\u00f3n del C. aurantium. La variedad Amara es el m\u00e1s conocido en el mundo para la destilaci\u00f3n de Petit grain.\u00a0<\/span><\/p>\n<p><span style=\"font-weight: 400;\">Comparte una mol\u00e9cula con la lavanda y el neroli que tiene propiedades calmantes<\/span><\/p>\n<p>&nbsp;<\/p>\n<p><b>PROPIEDADES TERAP\u00c9UTICAS F\u00cdSICAS<\/b><\/p>\n<p>&nbsp;<\/p>\n<ul>\n<li aria-level=\"1\"><span style=\"font-weight: 400;\">Estimula sistema cardiovascular<\/span><\/li>\n<\/ul>\n<ul>\n<li aria-level=\"1\"><span style=\"font-weight: 400;\">Propiedades regenerativas<\/span><\/li>\n<\/ul>\n<ul>\n<li aria-level=\"1\"><span style=\"font-weight: 400;\">Tiene propiedades calmantes para el cuerpo y la mente<\/span><\/li>\n<\/ul>\n<ul>\n<li aria-level=\"1\"><span style=\"font-weight: 400;\">A nivel cut\u00e1neo tiene propiedades reguladoras inhibiendo la superproducci\u00f3n de sebo siendo ideal para pieles grasas<\/span><\/li>\n<\/ul>\n<ul>\n<li aria-level=\"1\"><span style=\"font-weight: 400;\">Indicado para pieles apagadas que necesitan luminosidad<\/span><\/li>\n<\/ul>\n<ul>\n<li aria-level=\"1\"><span style=\"font-weight: 400;\">Antis\u00e9ptico<\/span><\/li>\n<\/ul>\n<ul>\n<li aria-level=\"1\"><span style=\"font-weight: 400;\">Antiinflamatorio<\/span><\/li>\n<\/ul>\n<ul>\n<li aria-level=\"1\"><span style=\"font-weight: 400;\">Sedante<\/span><\/li>\n<\/ul>\n<ul>\n<li aria-level=\"1\"><span style=\"font-weight: 400;\">Antiespasm\u00f3dico, muy \u00fatil para el control de calambres musculares, molestias gastrointestinales y la tos excesiva.<\/span><\/li>\n<\/ul>\n<ul>\n<li aria-level=\"1\"><span style=\"font-weight: 400;\">Es un t\u00f3nico natural para reducir los poros<\/span><\/li>\n<\/ul>\n<ul>\n<li aria-level=\"1\"><span style=\"font-weight: 400;\">\u00a0Desodorante, controla la sudoraci\u00f3n excesiva<\/span><\/li>\n<\/ul>\n<ul>\n<li aria-level=\"1\"><span style=\"font-weight: 400;\">Activa el sistema inmune<\/span><\/li>\n<\/ul>\n<p>&nbsp;<\/p>\n<p><b>PROPIEDADES TERAP\u00c9UTICAS ENERG\u00c9TICAS<\/b><\/p>\n<ul>\n<li style=\"font-weight: 400;\" aria-level=\"1\"><span style=\"font-weight: 400;\">Afrodis\u00edaco<\/span><\/li>\n<li style=\"font-weight: 400;\" aria-level=\"1\"><span style=\"font-weight: 400;\">Ayuda a aliviar la ansiedad y los estados de estr\u00e9s<\/span><\/li>\n<li style=\"font-weight: 400;\" aria-level=\"1\"><span style=\"font-weight: 400;\">Controla los estados de enfado repentino<\/span><\/li>\n<li style=\"font-weight: 400;\" aria-level=\"1\"><span style=\"font-weight: 400;\">S\u00edmbolo de prosperidad y fecundidad<\/span><\/li>\n<li style=\"font-weight: 400;\" aria-level=\"1\"><span style=\"font-weight: 400;\">Promueve pensamientos positivos<\/span><\/li>\n<li style=\"font-weight: 400;\" aria-level=\"1\"><span style=\"font-weight: 400;\">Nos permite liberarnos del autojuicio<\/span><\/li>\n<\/ul>\n<p>&nbsp;<\/p>\n<p>&nbsp;<\/p>\n","protected":false},"excerpt":{"rendered":"<p><span style=\"font-weight: 400;\"><b>REGULADOR.\u00a0<\/b>Ayuda a aliviar la ansiedad y los estados de estr\u00e9s.\u00a0<\/span><span style=\"font-weight: 400;\">Activa el sistema inmune<\/span><\/p>\n","protected":false},"featured_media":974,"comment_status":"open","ping_status":"closed","template":"","meta":{"_monsterinsights_skip_tracking":false,"_monsterinsights_sitenote_active":false,"_monsterinsights_sitenote_note":"","_monsterinsights_sitenote_category":0,"_joinchat":[]},"product_brand":[],"product_cat":[26],"product_tag":[],"class_list":{"0":"post-973","1":"product","2":"type-product","3":"status-publish","4":"has-post-thumbnail","6":"product_cat-aceites-sagrados","8":"first","9":"instock","10":"shipping-taxable","11":"purchasable","12":"product-type-simple"},"aioseo_notices":[],"_links":{"self":[{"href":"https:\/\/sietecolores.co\/index.php?rest_route=\/wp\/v2\/product\/973","targetHints":{"allow":["GET"]}}],"collection":[{"href":"https:\/\/sietecolores.co\/index.php?rest_route=\/wp\/v2\/product"}],"about":[{"href":"https:\/\/sietecolores.co\/index.php?rest_route=\/wp\/v2\/types\/product"}],"replies":[{"embeddable":true,"href":"https:\/\/sietecolores.co\/index.php?rest_route=%2Fwp%2Fv2%2Fcomments&post=973"}],"wp:featuredmedia":[{"embeddable":true,"href":"https:\/\/sietecolores.co\/index.php?rest_route=\/wp\/v2\/media\/974"}],"wp:attachment":[{"href":"https:\/\/sietecolores.co\/index.php?rest_route=%2Fwp%2Fv2%2Fmedia&parent=973"}],"wp:term":[{"taxonomy":"product_brand","embeddable":true,"href":"https:\/\/sietecolores.co\/index.php?rest_route=%2Fwp%2Fv2%2Fproduct_brand&post=973"},{"taxonomy":"product_cat","embeddable":true,"href":"https:\/\/sietecolores.co\/index.php?rest_route=%2Fwp%2Fv2%2Fproduct_cat&post=973"},{"taxonomy":"product_tag","embeddable":true,"href":"https:\/\/sietecolores.co\/index.php?rest_route=%2Fwp%2Fv2%2Fproduct_tag&post=973"}],"curies":[{"name":"wp","href":"https:\/\/api.w.org\/{rel}","templated":true}]}}