{"id":975,"date":"2023-11-24T14:10:33","date_gmt":"2023-11-24T14:10:33","guid":{"rendered":"https:\/\/sietecolores.co\/?post_type=product&#038;p=975"},"modified":"2023-11-24T14:10:33","modified_gmt":"2023-11-24T14:10:33","slug":"geranio-rosa","status":"publish","type":"product","link":"https:\/\/sietecolores.co\/?product=geranio-rosa","title":{"rendered":"Geranio rosa"},"content":{"rendered":"<p><b>GERANIO (Pelargonium graveolens)<\/b><\/p>\n<p>&nbsp;<\/p>\n<p><span style=\"font-weight: 400;\">Orden: Geraniales<\/span><\/p>\n<p><span style=\"font-weight: 400;\">Familia: Geraniaceas<\/span><\/p>\n<p><span style=\"font-weight: 400;\">G\u00e9nero: Pelargonium<\/span><span style=\"font-weight: 400;\">\u00a0<\/span><\/p>\n<p><span style=\"font-weight: 400;\">Especie: P. Graveolens<\/span><span style=\"font-weight: 400;\">\u00a0<\/span><\/p>\n<p>&nbsp;<\/p>\n<p><b>GESTIONA EMOCIONES<\/b><\/p>\n<p><b>CARACTER\u00cdSTICAS<\/b><\/p>\n<p><span style=\"font-weight: 400;\">Nativo de Sud\u00e1frica y Mozambique. El Pelargonium est\u00e1 compuesto por 200 especies entre arbustos, plantas suculentas y herb\u00e1ceas de la familia Gerani\u00e1ceas.<\/span><\/p>\n<p><span style=\"font-weight: 400;\">Se conoce como el Geranio de olor o Geranio rosa<\/span><\/p>\n<p><span style=\"font-weight: 400;\">Son arbustos perennifolios de porte erecto muy ramificados que no superan 1.5 metros de altura. Es de r\u00e1pido crecimiento.\u00a0 Tiene hojas en forma de palma, muy lobuladas y de bordes irregulares, de color verde vivo, textura aterciopelada y muy arom\u00e1ticas.\u00a0 Las flores son en forma de sombrillas y pueden ser blancas o rosas, pueden hacer dibujos en rosado intenso.\u00a0 Necesita una exposici\u00f3n al sol y clima c\u00e1lido, pueden soportar heladas.\u00a0 Necesitan buen drenaje, pero resisten suelos pobres y arenosos. Tienen gran tolerancia a las sequ\u00edas.\u00a0<\/span><\/p>\n<p><span style=\"font-weight: 400;\">Ya existen muchos cruces entre los ejemplares Pelargonium y esto ha producido diferentes perfumes a rosas, c\u00edtricos, canela o menta.<\/span><\/p>\n<p>&nbsp;<\/p>\n<p><b>PROPIEDADES TERAP\u00c9UTICAS F\u00cdSICAS<\/b><\/p>\n<ul>\n<li aria-level=\"1\"><span style=\"font-weight: 400;\">Le proporciona brillo a la piel<\/span><\/li>\n<\/ul>\n<ul>\n<li aria-level=\"1\"><span style=\"font-weight: 400;\">Le da salud y brillo al cabello<\/span><\/li>\n<\/ul>\n<ul>\n<li aria-level=\"1\"><span style=\"font-weight: 400;\">Usos dermatol\u00f3gicos: rotura de capilares, dermatitis, pieles congestionadas, pieles envejecidas, pieles grasas.<\/span><\/li>\n<\/ul>\n<ul>\n<li aria-level=\"1\"><span style=\"font-weight: 400;\">Potente astringente<\/span><\/li>\n<\/ul>\n<ul>\n<li aria-level=\"1\"><span style=\"font-weight: 400;\">Hemost\u00e1tico<\/span><\/li>\n<\/ul>\n<ul>\n<li aria-level=\"1\"><span style=\"font-weight: 400;\">Cicatrizante: regenerador de la piel<\/span><\/li>\n<\/ul>\n<ul>\n<li aria-level=\"1\"><span style=\"font-weight: 400;\">Diur\u00e9tico<\/span><\/li>\n<\/ul>\n<ul>\n<li aria-level=\"1\"><span style=\"font-weight: 400;\">Promueve la equitativa distribuci\u00f3n de la melanina<\/span><\/li>\n<\/ul>\n<ul>\n<li style=\"font-weight: 400;\" aria-level=\"1\"><span style=\"font-weight: 400;\">S\u00edndrome premenstrual SPM: Apoya los ciclos femeninos regulando la menstruaci\u00f3n y la menopausia.<\/span><\/li>\n<li style=\"font-weight: 400;\" aria-level=\"1\"><span style=\"font-weight: 400;\">Antidepresivo<\/span><\/li>\n<li style=\"font-weight: 400;\" aria-level=\"1\"><span style=\"font-weight: 400;\">Ideal para adolecentes\u00a0<\/span><\/li>\n<li style=\"font-weight: 400;\" aria-level=\"1\"><span style=\"font-weight: 400;\">Equilibra gl\u00e1ndulas suprarrenales<\/span><\/li>\n<\/ul>\n<p>&nbsp;<\/p>\n<p><b>PROPIEDADES TERAP\u00c9UTICAS ENERG\u00c9TICAS<\/b><\/p>\n<ul>\n<li style=\"font-weight: 400;\" aria-level=\"1\"><span style=\"font-weight: 400;\">Genera sentimientos de paz y serenidad.<\/span><\/li>\n<li style=\"font-weight: 400;\" aria-level=\"1\"><span style=\"font-weight: 400;\">Equilibra el exceso de sensibilidad<\/span><\/li>\n<li style=\"font-weight: 400;\" aria-level=\"1\"><span style=\"font-weight: 400;\">Promueve equilibrio y armon\u00eda de las emociones<\/span><\/li>\n<li style=\"font-weight: 400;\" aria-level=\"1\"><span style=\"font-weight: 400;\">Combate las tristezas del alma<\/span><\/li>\n<li style=\"font-weight: 400;\" aria-level=\"1\"><span style=\"font-weight: 400;\">Suaviza y armoniza sentimientos de amargura, resentimientos, duelos, irascibilidad.<\/span><\/li>\n<li style=\"font-weight: 400;\" aria-level=\"1\"><span style=\"font-weight: 400;\">\u00datil para apoyar adicciones<\/span><\/li>\n<li style=\"font-weight: 400;\" aria-level=\"1\"><span style=\"font-weight: 400;\">Fortalece el amor propio<\/span><\/li>\n<li style=\"font-weight: 400;\" aria-level=\"1\"><span style=\"font-weight: 400;\">Estabiliza el \u00e1nimo c\u00edclico y explosivo provocado por cambios hormonales.<\/span><\/li>\n<li style=\"font-weight: 400;\" aria-level=\"1\"><span style=\"font-weight: 400;\">Controla cambios abruptos de humor<\/span><\/li>\n<li style=\"font-weight: 400;\" aria-level=\"1\"><span style=\"font-weight: 400;\">Disipa los malos recuerdos<\/span><\/li>\n<li style=\"font-weight: 400;\" aria-level=\"1\"><span style=\"font-weight: 400;\">Restablece el ritmo cuando la mente va m\u00e1s r\u00e1pido que el cuerpo.<\/span><\/li>\n<li style=\"font-weight: 400;\" aria-level=\"1\"><span style=\"font-weight: 400;\">Nos conecta con el sol, la luna, las mareas y las estaciones; nos conecta con los ritmos fundamentales de nuestra vida.<\/span><\/li>\n<\/ul>\n<p>&nbsp;<\/p>\n<p><b>GESTIONA EMOCIONES<\/b><\/p>\n","protected":false},"excerpt":{"rendered":"<p>GERANIO (Pelargonium graveolens) &nbsp; Orden: Geraniales Familia: Geraniaceas G\u00e9nero: Pelargonium\u00a0 Especie: P. Graveolens\u00a0 &nbsp; GESTIONA EMOCIONES CARACTER\u00cdSTICAS Nativo de Sud\u00e1frica y Mozambique. El Pelargonium est\u00e1 compuesto por 200 especies entre arbustos, plantas suculentas y herb\u00e1ceas de la familia Gerani\u00e1ceas. Se conoce como el Geranio de olor o Geranio rosa Son arbustos perennifolios de porte erecto [&hellip;]<\/p>\n","protected":false},"featured_media":0,"comment_status":"open","ping_status":"closed","template":"","meta":{"_monsterinsights_skip_tracking":false,"_monsterinsights_sitenote_active":false,"_monsterinsights_sitenote_note":"","_monsterinsights_sitenote_category":0,"_joinchat":[]},"product_brand":[],"product_cat":[26],"product_tag":[],"class_list":{"0":"post-975","1":"product","2":"type-product","3":"status-publish","5":"product_cat-aceites-sagrados","7":"first","8":"instock","9":"shipping-taxable","10":"purchasable","11":"product-type-simple"},"aioseo_notices":[],"_links":{"self":[{"href":"https:\/\/sietecolores.co\/index.php?rest_route=\/wp\/v2\/product\/975","targetHints":{"allow":["GET"]}}],"collection":[{"href":"https:\/\/sietecolores.co\/index.php?rest_route=\/wp\/v2\/product"}],"about":[{"href":"https:\/\/sietecolores.co\/index.php?rest_route=\/wp\/v2\/types\/product"}],"replies":[{"embeddable":true,"href":"https:\/\/sietecolores.co\/index.php?rest_route=%2Fwp%2Fv2%2Fcomments&post=975"}],"wp:attachment":[{"href":"https:\/\/sietecolores.co\/index.php?rest_route=%2Fwp%2Fv2%2Fmedia&parent=975"}],"wp:term":[{"taxonomy":"product_brand","embeddable":true,"href":"https:\/\/sietecolores.co\/index.php?rest_route=%2Fwp%2Fv2%2Fproduct_brand&post=975"},{"taxonomy":"product_cat","embeddable":true,"href":"https:\/\/sietecolores.co\/index.php?rest_route=%2Fwp%2Fv2%2Fproduct_cat&post=975"},{"taxonomy":"product_tag","embeddable":true,"href":"https:\/\/sietecolores.co\/index.php?rest_route=%2Fwp%2Fv2%2Fproduct_tag&post=975"}],"curies":[{"name":"wp","href":"https:\/\/api.w.org\/{rel}","templated":true}]}}