{"id":978,"date":"2023-11-24T14:17:00","date_gmt":"2023-11-24T14:17:00","guid":{"rendered":"https:\/\/sietecolores.co\/?post_type=product&#038;p=978"},"modified":"2023-11-29T14:11:41","modified_gmt":"2023-11-29T14:11:41","slug":"cedro","status":"publish","type":"product","link":"https:\/\/sietecolores.co\/?product=cedro","title":{"rendered":"Cedro"},"content":{"rendered":"<p><b>CEDRO DEL ATLAS: <\/b><b><i>(Cedrus atl\u00e1ntica)<\/i><\/b><\/p>\n<p><b>ENRAIZAMIENTO<\/b><\/p>\n<p><span style=\"font-weight: 400;\">Orden: Pinales\u00a0<\/span><\/p>\n<p><span style=\"font-weight: 400;\">Familia: Con\u00edfera Pin\u00e1cea\u00a0<\/span><\/p>\n<p><span style=\"font-weight: 400;\">G\u00e9nero: Cedrus\u00a0<\/span><\/p>\n<p><span style=\"font-weight: 400;\">Especie: Cedro del atlas <\/span><i><span style=\"font-weight: 400;\">(Cedrus atl\u00e1ntica)<\/span><\/i><\/p>\n<p><span style=\"font-weight: 400;\">\u00a0\u00a0\u00a0\u00a0\u00a0Cedro del L\u00edbano <\/span><i><span style=\"font-weight: 400;\">(Cedrus Livani)<\/span><\/i><\/p>\n<p><span style=\"font-weight: 400;\">\u00a0\u00a0\u00a0\u00a0\u00a0Cedro de Chipre <\/span><i><span style=\"font-weight: 400;\">(Cedrus Brevifolia)<\/span><\/i><\/p>\n<p><span style=\"font-weight: 400;\"> \u00a0 \u00a0 Cedro del Himalaya <\/span><i><span style=\"font-weight: 400;\">(Cedrus deodara)<\/span><\/i><\/p>\n<p><span style=\"font-weight: 400;\">Hay otros cedros en Am\u00e9rica de un orden, familia y g\u00e9nero diferentes, pero no es tan com\u00fan en ellos la extracci\u00f3n de su aceite esencial. Por ejemplo, el Cedro Americano <\/span><i><span style=\"font-weight: 400;\">(Cedrela oderata)<\/span><\/i><span style=\"font-weight: 400;\">.\u00a0<\/span><\/p>\n<p><span style=\"font-weight: 400;\">El Cedro del Atlas crece en Oriente Medio, Himalaya y Norte de \u00c1frica. Es un \u00e1rbol grande y ancho que puede alcanzar 50 metros de altura y puede llegar a durar 2000 a\u00f1os.\u00a0<\/span><\/p>\n<p><span style=\"font-weight: 400;\">El Cedro se desarrolla en climas c\u00e1lidos \u2013 h\u00famedos, en donde exista una estaci\u00f3n seca bien definida.\u00a0<\/span><\/p>\n<p><span style=\"font-weight: 400;\">El suelo donde crecen debe ser profundo, fresco y bien drenado, para permitir el desarrollo de sus ra\u00edces. Es resistente a las sequ\u00edas una vez se ha establecido.\u00a0<\/span><\/p>\n<p><span style=\"font-weight: 400;\">El aceite esencial de Cedro se extrae por destilaci\u00f3n a vapor de su madera, es un aceite con un olor caliente, amaderado, dulce y bals\u00e1mico<\/span><\/p>\n<p>&nbsp;<\/p>\n<p><span style=\"font-weight: 400;\">\u00a0<\/span><b>PROPIEDADES TERAP\u00c9UTICAS F\u00cdSICAS<\/b><\/p>\n<ul>\n<li style=\"font-weight: 400;\" aria-level=\"1\"><span style=\"font-weight: 400;\">Antis\u00e9ptico, antif\u00fangico y antibacteriano\u00a0\u00a0<\/span><\/li>\n<li style=\"font-weight: 400;\" aria-level=\"1\"><span style=\"font-weight: 400;\">Desodorante natural\u00a0<\/span><\/li>\n<li style=\"font-weight: 400;\" aria-level=\"1\"><span style=\"font-weight: 400;\">Combate la celulitis porque promueve la circulaci\u00f3n y es lipolitico\u00a0<\/span><\/li>\n<li style=\"font-weight: 400;\" aria-level=\"1\"><span style=\"font-weight: 400;\">Drenador y diur\u00e9tico: desintoxica\u00a0<\/span><\/li>\n<li style=\"font-weight: 400;\" aria-level=\"1\"><span style=\"font-weight: 400;\">Promueve la circulaci\u00f3n: controla venas varices\u00a0<\/span><\/li>\n<li style=\"font-weight: 400;\" aria-level=\"1\"><span style=\"font-weight: 400;\">Promueve el buen funcionamiento del sistema respiratorio: resfriados, asmas, bronquitis, alergias respiratorias y expectorante.\u00a0<\/span><\/li>\n<li style=\"font-weight: 400;\" aria-level=\"1\"><span style=\"font-weight: 400;\">Promueve y estimula el crecimiento del cabello y evita su ca\u00edda, ya que estimula la circulaci\u00f3n sangu\u00ednea del cuero cabelludo; t\u00f3nico capilar; antiseborreico.\u00a0<\/span><\/li>\n<li style=\"font-weight: 400;\" aria-level=\"1\"><span style=\"font-weight: 400;\">Antiinflamatorio<\/span><\/li>\n<li style=\"font-weight: 400;\" aria-level=\"1\"><span style=\"font-weight: 400;\">Repelente contra insectos\u00a0<\/span><\/li>\n<li style=\"font-weight: 400;\" aria-level=\"1\"><span style=\"font-weight: 400;\">Aumenta la melatonina induciendo el sue\u00f1o\u00a0<\/span><\/li>\n<li style=\"font-weight: 400;\" aria-level=\"1\"><span style=\"font-weight: 400;\">Alivia el acn\u00e9\u00a0<\/span><\/li>\n<li style=\"font-weight: 400;\" aria-level=\"1\"><span style=\"font-weight: 400;\">Cicatrizante de la piel: regenerador cut\u00e1neo\u00a0<\/span><\/li>\n<\/ul>\n<p>&nbsp;<\/p>\n<p><b>PROPIEDADES TERAP\u00c9UTICAS ENERG\u00c9TICAS:<\/b><\/p>\n<ul>\n<li style=\"font-weight: 400;\" aria-level=\"1\"><span style=\"font-weight: 400;\">Conecta la energ\u00eda de la tierra con la del cielo.<\/span><\/li>\n<li style=\"font-weight: 400;\" aria-level=\"1\"><span style=\"font-weight: 400;\">Es un \u00e1rbol alto y s\u00f3lido s\u00edmbolo de resistencia, equilibrio, protecci\u00f3n y seguridad a nivel emocional.\u00a0<\/span><\/li>\n<li style=\"font-weight: 400;\" aria-level=\"1\"><span style=\"font-weight: 400;\">Nos centra y endereza an\u00edmicamente recuperando la serenidad y la confianza\u00a0<\/span><\/li>\n<li style=\"font-weight: 400;\" aria-level=\"1\"><span style=\"font-weight: 400;\">Ayuda a fijar objetivos y alcanzarlos con valent\u00eda, nos hace fuertes ante una crisis o desestabilizaci\u00f3n.\u00a0<\/span><\/li>\n<li style=\"font-weight: 400;\" aria-level=\"1\"><span style=\"font-weight: 400;\">Nos hace sentir enraizados y con los pies en la tierra\u00a0<\/span><\/li>\n<li style=\"font-weight: 400;\" aria-level=\"1\"><span style=\"font-weight: 400;\">Por su poder reconfortante aumenta la confianza en uno mismo y da coraje frente a situaciones dif\u00edciles trayendo tranquilidad.\u00a0<\/span><\/li>\n<li style=\"font-weight: 400;\" aria-level=\"1\"><span style=\"font-weight: 400;\">Es \u00fatil para acompa\u00f1ar procesos de adicci\u00f3n (alcoholismo \u2013 drogadicci\u00f3n)<\/span><\/li>\n<li style=\"font-weight: 400;\" aria-level=\"1\"><span style=\"font-weight: 400;\">Ayuda a liberarnos de preocupaciones, ansiedades y miedos\u00a0<\/span><\/li>\n<li style=\"font-weight: 400;\" aria-level=\"1\"><span style=\"font-weight: 400;\">Nos ayuda a meditar mejorando nuestra conexi\u00f3n interior; aquieta la mente.\u00a0<\/span><\/li>\n<li style=\"font-weight: 400;\" aria-level=\"1\"><span style=\"font-weight: 400;\">Es un aceite de centramiento; mejora la concentraci\u00f3n y el aprendizaje<\/span><\/li>\n<li style=\"font-weight: 400;\" aria-level=\"1\"><span style=\"font-weight: 400;\">Armoniza la energ\u00eda en grupos\u00a0<\/span><\/li>\n<li style=\"font-weight: 400;\" aria-level=\"1\"><span style=\"font-weight: 400;\">Limpia y purifica el ambiente de negatividad<\/span><\/li>\n<li style=\"font-weight: 400;\" aria-level=\"1\"><span style=\"font-weight: 400;\">Principio de vida: confianza y enraizamiento\u00a0<\/span><\/li>\n<li style=\"font-weight: 400;\" aria-level=\"1\"><span style=\"font-weight: 400;\">Act\u00faa sobre el chacra 1 (ra\u00edz) y chacra 7 (coronilla)<\/span><\/li>\n<li style=\"font-weight: 400;\" aria-level=\"1\"><span style=\"font-weight: 400;\">Energ\u00eda del Sol: energ\u00eda Yang<\/span><\/li>\n<li style=\"font-weight: 400;\" aria-level=\"1\"><span style=\"font-weight: 400;\">Elementos tierra y fuego\u00a0<\/span><\/li>\n<\/ul>\n<p>&nbsp;<\/p>\n","protected":false},"excerpt":{"rendered":"<p><b>ENRAIZAMIENTO.\u00a0<\/b><span style=\"font-weight: 400;\">Desodorante natural.\u00a0<\/span><span style=\"font-weight: 400;\">Conecta la energ\u00eda de la tierra con la del cielo.<\/span><\/p>\n","protected":false},"featured_media":979,"comment_status":"open","ping_status":"closed","template":"","meta":{"_monsterinsights_skip_tracking":false,"_monsterinsights_sitenote_active":false,"_monsterinsights_sitenote_note":"","_monsterinsights_sitenote_category":0,"_joinchat":[]},"product_brand":[],"product_cat":[26],"product_tag":[],"class_list":{"0":"post-978","1":"product","2":"type-product","3":"status-publish","4":"has-post-thumbnail","6":"product_cat-aceites-sagrados","8":"first","9":"instock","10":"shipping-taxable","11":"purchasable","12":"product-type-simple"},"aioseo_notices":[],"_links":{"self":[{"href":"https:\/\/sietecolores.co\/index.php?rest_route=\/wp\/v2\/product\/978","targetHints":{"allow":["GET"]}}],"collection":[{"href":"https:\/\/sietecolores.co\/index.php?rest_route=\/wp\/v2\/product"}],"about":[{"href":"https:\/\/sietecolores.co\/index.php?rest_route=\/wp\/v2\/types\/product"}],"replies":[{"embeddable":true,"href":"https:\/\/sietecolores.co\/index.php?rest_route=%2Fwp%2Fv2%2Fcomments&post=978"}],"wp:featuredmedia":[{"embeddable":true,"href":"https:\/\/sietecolores.co\/index.php?rest_route=\/wp\/v2\/media\/979"}],"wp:attachment":[{"href":"https:\/\/sietecolores.co\/index.php?rest_route=%2Fwp%2Fv2%2Fmedia&parent=978"}],"wp:term":[{"taxonomy":"product_brand","embeddable":true,"href":"https:\/\/sietecolores.co\/index.php?rest_route=%2Fwp%2Fv2%2Fproduct_brand&post=978"},{"taxonomy":"product_cat","embeddable":true,"href":"https:\/\/sietecolores.co\/index.php?rest_route=%2Fwp%2Fv2%2Fproduct_cat&post=978"},{"taxonomy":"product_tag","embeddable":true,"href":"https:\/\/sietecolores.co\/index.php?rest_route=%2Fwp%2Fv2%2Fproduct_tag&post=978"}],"curies":[{"name":"wp","href":"https:\/\/api.w.org\/{rel}","templated":true}]}}