{"id":982,"date":"2023-11-24T14:22:10","date_gmt":"2023-11-24T14:22:10","guid":{"rendered":"https:\/\/sietecolores.co\/?post_type=product&#038;p=982"},"modified":"2023-11-29T14:10:20","modified_gmt":"2023-11-29T14:10:20","slug":"lavanda","status":"publish","type":"product","link":"https:\/\/sietecolores.co\/?product=lavanda","title":{"rendered":"Lavanda"},"content":{"rendered":"<p><b>LAVANDA (Lav\u00e1ndula Officinalis-Lav\u00e1ndula Angustifolia)<\/b><\/p>\n<p><span style=\"font-weight: 400;\">Orden: Lamiales<\/span><\/p>\n<p><span style=\"font-weight: 400;\">Familia: Labiadas (Lamiaceae)<\/span><\/p>\n<p><span style=\"font-weight: 400;\">G\u00e9nero: Lav\u00e1ndula<\/span><\/p>\n<p><span style=\"font-weight: 400;\">Especie: Lav\u00e1ndula Officinalis, Lav\u00e1ndula Angustifolia.<\/span><\/p>\n<p>&nbsp;<\/p>\n<p><b>\u00a0PUREZA Y PROTECCI\u00d3N\u00a0\u00a0\u00a0<\/b><\/p>\n<p><span style=\"font-weight: 400;\">El g\u00e9nero de la lav\u00e1ndula tiene m\u00e1s de 60 especies, es originaria de los pa\u00edses del Mediterr\u00e1neo, aunque ya crece en muchos lugares. Se encuentra en Europa Occidental, Estados Unidos, Brasil, Argentina, Jap\u00f3n, etc.\u00a0 Una de las m\u00e1s conocidas por su pureza y aroma es la Lavanda Francesa.<\/span><\/p>\n<p><span style=\"font-weight: 400;\">Es una planta perenne que se adapta a suelos secos, altas temperaturas y resiste heladas puntuales. Se desarrolla en altitudes no menores de 600 msnm y un m\u00e1ximo de 1.800 msnm.<\/span><\/p>\n<p><span style=\"font-weight: 400;\">Necesita una exposici\u00f3n directa al sol, prefiere los suelos f\u00e9rtiles y bien drenados, es muy sensible a los encharcamientos produci\u00e9ndole la muerte. Necesita suelos sueltos, no muy \u00e1cidos, con suficiente ox\u00edgeno para que sus ra\u00edces puedan respirar<\/span><\/p>\n<p><span style=\"font-weight: 400;\">Es un arbusto que crece hasta 1 mt de altura, de tallos muy ramificados, el tallo es cuadrangular muy caracter\u00edstico de la familia; tiene hojas estrechas ubicadas de forma opuesta sobre el tallo.\u00a0<\/span><\/p>\n<p><span style=\"font-weight: 400;\">Las flores est\u00e1n dispuestas en espigas de 10 a 30 cm y son de color violeta.<\/span><\/p>\n<p>&nbsp;<\/p>\n<p><span style=\"font-weight: 400;\">El aceite esencial se extrae por destilaci\u00f3n al vapor de sus flores. La lavanda se cosecha en la floraci\u00f3n y las flores recogidas en la ma\u00f1ana contienen m\u00e1s aceite esencial y son m\u00e1s arom\u00e1ticas.<\/span><\/p>\n<p><span style=\"font-weight: 400;\">Su aceite esencial tiene una nota arom\u00e1tica de intensidad media; su perfume es floral, herb\u00e1ceo y refrescante. No es irritante ni sensibilizante. Puede ser usado en beb\u00e9s.<\/span><\/p>\n<p><span style=\"font-weight: 400;\">La planta y el aceite esencial de lavanda son muy usados desde la antig\u00fcedad. Los romanos la utilizaban en ba\u00f1os relajantes, para lavarse y purificarse y la ofrendaban a sus dioses. Los griegos la usaban como perfume.\u00a0 Los hebreos lo usaron como insecticida.\u00a0 En la Edad Media fue usada como hierba medicinal, como ambientador y aromatizante para la ropa. Los egipcios la usaron en cosm\u00e9ticos y para embalsamamiento.<\/span><\/p>\n<p>&nbsp;<\/p>\n<p><b>PROPIEDADES TERAP\u00c9UTICAS F\u00cdSICAS<\/b><\/p>\n<ul>\n<li style=\"font-weight: 400;\" aria-level=\"1\"><span style=\"font-weight: 400;\">Controla el estr\u00e9s mental, el agotamiento f\u00edsico, la ansiedad y el nerviosismo cr\u00f3nico.<\/span><\/li>\n<li style=\"font-weight: 400;\" aria-level=\"1\"><span style=\"font-weight: 400;\">Act\u00faa en trastornos del sue\u00f1o.<\/span><\/li>\n<li style=\"font-weight: 400;\" aria-level=\"1\"><span style=\"font-weight: 400;\">Controla s\u00edntomas producidos por estr\u00e9s como la migra\u00f1a, la fibromialgia, el s\u00edndrome de cansancio cr\u00f3nico, el s\u00edndrome de p\u00e1nico, taquicardias o palpitaciones sin origen coronario, y trastornos del sue\u00f1o.<\/span><\/li>\n<li style=\"font-weight: 400;\" aria-level=\"1\"><span style=\"font-weight: 400;\">Antimicrobiano: antiviral, antibacteriano (elimina bacterias y virus responsables de enfermedades respiratorias) y antimic\u00f3tico (contra hongos presentes en el Pie de Atleta y contra la C\u00e1ndida Albicans); microorganismos responsables de infecciones vaginales.<\/span><\/li>\n<li style=\"font-weight: 400;\" aria-level=\"1\"><span style=\"font-weight: 400;\">Antiinflamatorio.<\/span><\/li>\n<li style=\"font-weight: 400;\" aria-level=\"1\"><span style=\"font-weight: 400;\">Analg\u00e9sico.<\/span><\/li>\n<li style=\"font-weight: 400;\" aria-level=\"1\"><span style=\"font-weight: 400;\">Desinfectante: Limpia y desinfecta heridas.<\/span><\/li>\n<li style=\"font-weight: 400;\" aria-level=\"1\"><span style=\"font-weight: 400;\">En piel:\u00a0 enfermedades de la piel como eczemas, dermatitis, \u00falceras, heridas, alergias, psoriasis (mejora las manifestaciones y reduce el picor); picaduras de insectos (disminuye la hinchaz\u00f3n y mejora el picor); hematomas y moretones; sarna; quemaduras, cicatrices. En general para pieles sensibles y delicadas<\/span><\/li>\n<li style=\"font-weight: 400;\" aria-level=\"1\"><span style=\"font-weight: 400;\">Favorece la cicatrizaci\u00f3n y la regeneraci\u00f3n de la piel.<\/span><\/li>\n<li style=\"font-weight: 400;\" aria-level=\"1\"><span style=\"font-weight: 400;\">Para la ca\u00edda del cabello, relaja el fol\u00edculo piloso y aumenta el riego sangu\u00edneo fortificando as\u00ed la ra\u00edz.<\/span><\/li>\n<li style=\"font-weight: 400;\" aria-level=\"1\"><span style=\"font-weight: 400;\">Antiespasm\u00f3dico por ser calmante y relajante act\u00faa en c\u00f3licos y calambres del plexo solar.<\/span><\/li>\n<li style=\"font-weight: 400;\" aria-level=\"1\"><span style=\"font-weight: 400;\">Desintoxicante.<\/span><\/li>\n<li style=\"font-weight: 400;\" aria-level=\"1\"><span style=\"font-weight: 400;\">Inhalandola descongestiona v\u00edas respiratorias.<\/span><\/li>\n<li style=\"font-weight: 400;\" aria-level=\"1\"><span style=\"font-weight: 400;\">Ayuda a conciliar el sue\u00f1o reparador.<\/span><\/li>\n<li style=\"font-weight: 400;\" aria-level=\"1\"><span style=\"font-weight: 400;\">Elimina polillas e insectos dejando una mota en la ropa.<\/span><\/li>\n<li style=\"font-weight: 400;\" aria-level=\"1\"><span style=\"font-weight: 400;\">Est\u00e1 muy indicada para beb\u00e9s.<\/span><\/li>\n<\/ul>\n<p>&nbsp;<\/p>\n<p><b>PROPIEDADES TERAP\u00c9UTICAS ENERG\u00c9TICAS<\/b><\/p>\n<ul>\n<li aria-level=\"1\"><span style=\"font-weight: 400;\">Atrae energ\u00edas positivas y protectoras.<\/span><\/li>\n<\/ul>\n<ul>\n<li aria-level=\"1\"><span style=\"font-weight: 400;\">Ayuda en la sanaci\u00f3n espiritual, a liberar bloqueos personales y a afrontar miedos y temores.<\/span><\/li>\n<\/ul>\n<ul>\n<li aria-level=\"1\"><span style=\"font-weight: 400;\">Atrae la prosperidad, el \u00e9xito y la fecundidad.<\/span><\/li>\n<\/ul>\n<ul>\n<li aria-level=\"1\"><span style=\"font-weight: 400;\">Purifica la energ\u00eda protegiendo los espacios y nuestro cuerpo de la influencia externa; ya que limpia y purifica desde el punto de vista f\u00edsico y energ\u00e9tico<\/span><\/li>\n<\/ul>\n<ul>\n<li aria-level=\"1\"><span style=\"font-weight: 400;\">Atrae el amor y dulcifica las relaciones sentimentales.<\/span><\/li>\n<\/ul>\n<ul>\n<li aria-level=\"1\"><span style=\"font-weight: 400;\">Poner un algodoncito bajo la almohada nos protege de energ\u00edas negativas e induce un sue\u00f1o reparador.<\/span><\/li>\n<\/ul>\n<ul>\n<li aria-level=\"1\"><span style=\"font-weight: 400;\">Nos ayuda a sentirnos mejor cuando hemos tenido un mal d\u00eda o una ruptura sentimental.<\/span><\/li>\n<\/ul>\n<ul>\n<li aria-level=\"1\"><span style=\"font-weight: 400;\">Nos da longevidad y juventud.<\/span><\/li>\n<\/ul>\n<ul>\n<li aria-level=\"1\"><span style=\"font-weight: 400;\">Equilibra el Ying y el Yang en el lado femenino.<\/span><\/li>\n<\/ul>\n<ul>\n<li aria-level=\"1\"><span style=\"font-weight: 400;\">Nos da armon\u00eda y equilibrio; relaja, tranquiliza, apacigua emociones como el nerviosismo, la ansiedad, la hipermotividad, las fobias, los miedos, las tensiones nerviosas y los trastornos del sue\u00f1o. Nos conecta con la consciencia y el amor espiritual.<\/span><\/li>\n<\/ul>\n<ul>\n<li aria-level=\"1\"><span style=\"font-weight: 400;\">Ayuda a superar los esquemas educativos, a aceptar la individualidad y a encontrar la orientaci\u00f3n de uno mismo.<\/span><\/li>\n<\/ul>\n<ul>\n<li aria-level=\"1\"><span style=\"font-weight: 400;\">Conduce hacia el respeto por m\u00ed y por los dem\u00e1s.<\/span><\/li>\n<\/ul>\n<ul>\n<li aria-level=\"1\"><span style=\"font-weight: 400;\">Favorece la inspiraci\u00f3n y nos da claridad en las ideas.<\/span><\/li>\n<\/ul>\n<ul>\n<li aria-level=\"1\"><span style=\"font-weight: 400;\">Nos apoya en estados de meditaci\u00f3n.<\/span><\/li>\n<\/ul>\n<ul>\n<li aria-level=\"1\"><span style=\"font-weight: 400;\">Favorece la compasi\u00f3n y la amabilidad hacia los dem\u00e1s.<\/span><\/li>\n<\/ul>\n<ul>\n<li aria-level=\"1\"><span style=\"font-weight: 400;\">Calma la violencia emocional y fortalece la raz\u00f3n.<\/span><\/li>\n<\/ul>\n<ul>\n<li aria-level=\"1\"><span style=\"font-weight: 400;\">Otorga paz y felicidad.<\/span><\/li>\n<\/ul>\n<ul>\n<li aria-level=\"1\"><span style=\"font-weight: 400;\">Eleva el esp\u00edritu.<\/span><\/li>\n<\/ul>\n<ul>\n<li aria-level=\"1\"><span style=\"font-weight: 400;\">Nos apoya permitiendo la claridad en las visualizaciones (clarividencia).<\/span><\/li>\n<\/ul>\n<ul>\n<li aria-level=\"1\"><span style=\"font-weight: 400;\">Enriquece la paciencia.<\/span><\/li>\n<\/ul>\n<ul>\n<li aria-level=\"1\"><span style=\"font-weight: 400;\">Apertura a la consciencia superior.<\/span><\/li>\n<\/ul>\n<ul>\n<li aria-level=\"1\"><span style=\"font-weight: 400;\">Lava heridas tanto f\u00edsicas como emocionales.<\/span><\/li>\n<li style=\"font-weight: 400;\" aria-level=\"1\"><span style=\"font-weight: 400;\">Aspecto del alma: Limpieza, Pureza\u00a0<\/span><\/li>\n<li style=\"font-weight: 400;\" aria-level=\"1\"><span style=\"font-weight: 400;\">\u00a0Abluci\u00f3n (rito purificador).<\/span><\/li>\n<li style=\"font-weight: 400;\" aria-level=\"1\"><span style=\"font-weight: 400;\">Purificador de energ\u00eda<\/span><\/li>\n<li style=\"font-weight: 400;\" aria-level=\"1\"><span style=\"font-weight: 400;\">La inmunidad que nos da el Mastranto la Lavanda lo potencia purificando la inmunidad recibida.<\/span><\/li>\n<li style=\"font-weight: 400;\" aria-level=\"1\"><span style=\"font-weight: 400;\">Asociado a Chacra Coronal; color violeta.<\/span><\/li>\n<li style=\"font-weight: 400;\" aria-level=\"1\"><span style=\"font-weight: 400;\">Regida por Mercurio, planeta relacionado con la evoluci\u00f3n consciente.<\/span><\/li>\n<li style=\"font-weight: 400;\" aria-level=\"1\"><span style=\"font-weight: 400;\">Amatista: Cristal que apoya en vibraci\u00f3n.<\/span><\/li>\n<\/ul>\n","protected":false},"excerpt":{"rendered":"<p><b>\u00a0PUREZA Y PROTECCI\u00d3N.\u00a0<\/b><span style=\"font-weight: 400;\">Purificador de energ\u00eda.\u00a0<\/span><span style=\"font-weight: 400;\">Favorece la inspiraci\u00f3n y nos da claridad en las ideas.\u00a0<\/span><span style=\"font-weight: 400;\">Elimina polillas e insectos dejando una mota en la ropa.<\/span><\/p>\n","protected":false},"featured_media":983,"comment_status":"open","ping_status":"closed","template":"","meta":{"_monsterinsights_skip_tracking":false,"_monsterinsights_sitenote_active":false,"_monsterinsights_sitenote_note":"","_monsterinsights_sitenote_category":0,"_joinchat":[]},"product_brand":[],"product_cat":[26],"product_tag":[],"class_list":{"0":"post-982","1":"product","2":"type-product","3":"status-publish","4":"has-post-thumbnail","6":"product_cat-aceites-sagrados","8":"first","9":"instock","10":"shipping-taxable","11":"purchasable","12":"product-type-simple"},"aioseo_notices":[],"_links":{"self":[{"href":"https:\/\/sietecolores.co\/index.php?rest_route=\/wp\/v2\/product\/982","targetHints":{"allow":["GET"]}}],"collection":[{"href":"https:\/\/sietecolores.co\/index.php?rest_route=\/wp\/v2\/product"}],"about":[{"href":"https:\/\/sietecolores.co\/index.php?rest_route=\/wp\/v2\/types\/product"}],"replies":[{"embeddable":true,"href":"https:\/\/sietecolores.co\/index.php?rest_route=%2Fwp%2Fv2%2Fcomments&post=982"}],"wp:featuredmedia":[{"embeddable":true,"href":"https:\/\/sietecolores.co\/index.php?rest_route=\/wp\/v2\/media\/983"}],"wp:attachment":[{"href":"https:\/\/sietecolores.co\/index.php?rest_route=%2Fwp%2Fv2%2Fmedia&parent=982"}],"wp:term":[{"taxonomy":"product_brand","embeddable":true,"href":"https:\/\/sietecolores.co\/index.php?rest_route=%2Fwp%2Fv2%2Fproduct_brand&post=982"},{"taxonomy":"product_cat","embeddable":true,"href":"https:\/\/sietecolores.co\/index.php?rest_route=%2Fwp%2Fv2%2Fproduct_cat&post=982"},{"taxonomy":"product_tag","embeddable":true,"href":"https:\/\/sietecolores.co\/index.php?rest_route=%2Fwp%2Fv2%2Fproduct_tag&post=982"}],"curies":[{"name":"wp","href":"https:\/\/api.w.org\/{rel}","templated":true}]}}