{"id":984,"date":"2023-11-24T14:26:04","date_gmt":"2023-11-24T14:26:04","guid":{"rendered":"https:\/\/sietecolores.co\/?post_type=product&#038;p=984"},"modified":"2023-11-28T17:44:29","modified_gmt":"2023-11-28T17:44:29","slug":"bergamota","status":"publish","type":"product","link":"https:\/\/sietecolores.co\/?product=bergamota","title":{"rendered":"Bergamota"},"content":{"rendered":"<p><b>BERGAMOTA (Citrus Bergamia<\/b><span style=\"font-weight: 400;\">)<\/span><\/p>\n<p><b>ALEGRIA<\/b><\/p>\n<p><span style=\"font-weight: 400;\">Orden: Sapindales<\/span><\/p>\n<p><span style=\"font-weight: 400;\">Familia: Rutaceae (Ros\u00e1ceas)<\/span><\/p>\n<p><span style=\"font-weight: 400;\">G\u00e9nero: Citrus<\/span><\/p>\n<p><span style=\"font-weight: 400;\">Especie: Bergamia<\/span><\/p>\n<p><span style=\"font-weight: 400;\">\u00a0<\/span><\/p>\n<p><span style=\"font-weight: 400;\">Es un \u00e1rbol c\u00edtrico originario de regiones tropicales de Asia y norte de \u00c1frica.\u00a0 Crece en Italia, Costa de Marfil, Argentina; Marruecos, Espa\u00f1a, Turqu\u00eda y el estado de Georgia en Estados Unidos.<\/span><\/p>\n<p><span style=\"font-weight: 400;\">Una de las extracciones de mejor calidad esta en Italia en la regi\u00f3n costera de Reggio de Calabria provincia de B\u00e9rgamo de Lombard\u00eda, de ah\u00ed proviene su nombre porque antiguamente se llamaba Pera del Bey. En Italia aparece en el siglo XV.<\/span><\/p>\n<p><span style=\"font-weight: 400;\">Es un arbusto de 4 a 5 metros de alto, es m\u00e1s peque\u00f1o que el de otros c\u00edtricos, espinoso, con hojas alargadas y brillantes, las flores crecen al final de la rama y son arom\u00e1ticas; crece en regiones c\u00e1lidas con temperaturas estables libres de heladas; el suelo requiere un riego frecuente.<\/span><\/p>\n<p><span style=\"font-weight: 400;\">Su fruto es redondo de c\u00e1scara gruesa a veces con forma de pera, \u00e1cidos y amargos<\/span><\/p>\n<p><span style=\"font-weight: 400;\">Este naranjo amargo es la mezcla entre lim\u00f3n y naranja.<\/span><\/p>\n<p><span style=\"font-weight: 400;\">El Citrus Aurantium es nuestra naranja agria.<\/span><\/p>\n<p><span style=\"font-weight: 400;\">El aceite esencial de Bergamota se extrae de la cascara de sus frutos maduros por prensado en frio o por destilaci\u00f3n al vapor.<\/span><\/p>\n<p><span style=\"font-weight: 400;\">Su aceite es color amarillo dorado, su olor es dulce, c\u00edtrico, frutal, fresco, sutil y penetrante, c\u00e1lido y refrescante.<\/span><\/p>\n<p>&nbsp;<\/p>\n<p><b>Propiedades terap\u00e9uticas energ\u00e9ticas<\/b><\/p>\n<ul>\n<li style=\"font-weight: 400;\" aria-level=\"1\"><span style=\"font-weight: 400;\">Inspira sentimientos de alegr\u00eda, amor y plenitud.<\/span><\/li>\n<li style=\"font-weight: 400;\" aria-level=\"1\"><span style=\"font-weight: 400;\">Abre puertas dimensionales, mejorando nuestra percepci\u00f3n del universo, del medio astral y del campo energ\u00e9tico que nos rodea.<\/span><\/li>\n<li style=\"font-weight: 400;\" aria-level=\"1\"><span style=\"font-weight: 400;\">Equilibra las actividades del hipot\u00e1lamo estimulando y tonificando las emociones y los estados de \u00e1nimo, controla la ansiedad, la tristeza, el miedo, el agotamiento nervioso y mejora los comportamientos compulsivos.<\/span><\/li>\n<li style=\"font-weight: 400;\" aria-level=\"1\"><span style=\"font-weight: 400;\">Nos protege contra las tensiones diarias en el trabajo, en la casa, en la calle, en el tr\u00e1fico, etc.<\/span><\/li>\n<li style=\"font-weight: 400;\" aria-level=\"1\"><span style=\"font-weight: 400;\">Calma la ira<\/span><\/li>\n<li style=\"font-weight: 400;\" aria-level=\"1\"><span style=\"font-weight: 400;\">Elimina obst\u00e1culos mentales y energ\u00e9ticos que bloquean nuestra imaginaci\u00f3n y creatividad inhibiendo nuestra capacidad de crear a todos los niveles.<\/span><\/li>\n<li style=\"font-weight: 400;\" aria-level=\"1\"><span style=\"font-weight: 400;\">Nos da las condiciones energ\u00e9ticas para atraer la abundancia y la prosperidad.<\/span><\/li>\n<li style=\"font-weight: 400;\" aria-level=\"1\"><span style=\"font-weight: 400;\">Logra curar heridas psicol\u00f3gicas, sentimentales y emocionales; alejando las dudas, los celos, obsesiones, enfados, odios.<\/span><\/li>\n<\/ul>\n<p>&nbsp;<\/p>\n<p><b>Propiedades terap\u00e9uticas f\u00edsicas<\/b><\/p>\n<ul>\n<li aria-level=\"1\"><span style=\"font-weight: 400;\">Antibacteriano: Se ha demostrado en investigaciones que act\u00faa contra enterococos faecium y enterococos fecalis que participan en infecciones de tracto urinario, bacteremias, endocarditis y meningitis.<\/span><\/li>\n<\/ul>\n<p><span style=\"font-weight: 400;\">Se recomienda en ba\u00f1os de asiento para prevenir propagaci\u00f3n de infecciones bacterianas de la uretra hacia vejiga y ri\u00f1ones<\/span><\/p>\n<ul>\n<li aria-level=\"1\"><span style=\"font-weight: 400;\">Antiviral: act\u00faa sobre el Herpes Zoster en varicela, culebrilla y herpes en general.\u00a0 Se puede aplicar localmente acelerando el proceso de cicatrizaci\u00f3n en herpes labial, aftas y herpes en general.<\/span><\/li>\n<\/ul>\n<ul>\n<li aria-level=\"1\"><span style=\"font-weight: 400;\">Antis\u00e9ptico: desodoriza y elimina olores<\/span><\/li>\n<\/ul>\n<ul>\n<li aria-level=\"1\"><span style=\"font-weight: 400;\">Analg\u00e9sico: reduce la sensaci\u00f3n de dolor corporal ya que estimula la secreci\u00f3n de hormonas que disminuyen el dolor<\/span><\/li>\n<\/ul>\n<ul>\n<li aria-level=\"1\"><span style=\"font-weight: 400;\">Antiespasm\u00f3dico<\/span><\/li>\n<\/ul>\n<ul>\n<li aria-level=\"1\"><span style=\"font-weight: 400;\">Repelente natural contra mosquitos<\/span><\/li>\n<\/ul>\n<ul>\n<li aria-level=\"1\"><span style=\"font-weight: 400;\">Contra la pediculosis (piojos)<\/span><\/li>\n<\/ul>\n<ul>\n<li aria-level=\"1\"><span style=\"font-weight: 400;\">Cicatrizante: posee un agente activo que distribuye uniformemente los pigmentos de la melanina en la piel que ayuda a eliminar manchas y cicatrices; por eso es bueno para acn\u00e9, psoriasis, dermatitis, etc.<\/span><\/li>\n<\/ul>\n<ul>\n<li aria-level=\"1\"><span style=\"font-weight: 400;\">Estimula el sistema inmunol\u00f3gico.<\/span><\/li>\n<\/ul>\n<ul>\n<li aria-level=\"1\"><span style=\"font-weight: 400;\">Se utiliza para proteger los cultivos de plagas sembr\u00e1ndolo cerca ya que sus ra\u00edces tienen un fuerte olor.<\/span><\/li>\n<\/ul>\n<ul>\n<li aria-level=\"1\"><span style=\"font-weight: 400;\">Antidepresivo<\/span><\/li>\n<\/ul>\n<ul>\n<li aria-level=\"1\"><span style=\"font-weight: 400;\">Es fotosensible: no debe usarse cuando hay exposici\u00f3n al sol porque puede producir manchas<\/span><\/li>\n<\/ul>\n<p>&nbsp;<\/p>\n<p><b>Aspectos a tener en cuenta<\/b><\/p>\n<p>&nbsp;<\/p>\n<p><span style=\"font-weight: 400;\">Principio de vida: alegr\u00eda<\/span><\/p>\n<p><span style=\"font-weight: 400;\">Chakra: Plexo solar o Manipura (Chakra 3)<\/span><\/p>\n<p><span style=\"font-weight: 400;\">Energ\u00eda del Sol: Yang<\/span><\/p>\n<p><span style=\"font-weight: 400;\">Elementos: aire y fuego<\/span><\/p>\n<p><span style=\"font-weight: 400;\">Arc\u00e1ngel: Jofiel<\/span><\/p>\n<p><span style=\"font-weight: 400;\">\u00c1mbar y Citrino: Cristales que apoyan la vibraci\u00f3n de la bergamota.<\/span><\/p>\n<p>&nbsp;<\/p>\n<p>&nbsp;<\/p>\n","protected":false},"excerpt":{"rendered":"<p><b>ALEGRIA.\u00a0<\/b><span style=\"font-weight: 400;\">Inspira sentimientos de alegr\u00eda, amor y plenitud.\u00a0<\/span><span style=\"font-weight: 400;\">Antidepresivo<\/span><\/p>\n","protected":false},"featured_media":985,"comment_status":"open","ping_status":"closed","template":"","meta":{"_monsterinsights_skip_tracking":false,"_monsterinsights_sitenote_active":false,"_monsterinsights_sitenote_note":"","_monsterinsights_sitenote_category":0,"_joinchat":[]},"product_brand":[],"product_cat":[27],"product_tag":[],"class_list":{"0":"post-984","1":"product","2":"type-product","3":"status-publish","4":"has-post-thumbnail","6":"product_cat-aceites-esenciales","8":"first","9":"instock","10":"shipping-taxable","11":"purchasable","12":"product-type-simple"},"aioseo_notices":[],"_links":{"self":[{"href":"https:\/\/sietecolores.co\/index.php?rest_route=\/wp\/v2\/product\/984","targetHints":{"allow":["GET"]}}],"collection":[{"href":"https:\/\/sietecolores.co\/index.php?rest_route=\/wp\/v2\/product"}],"about":[{"href":"https:\/\/sietecolores.co\/index.php?rest_route=\/wp\/v2\/types\/product"}],"replies":[{"embeddable":true,"href":"https:\/\/sietecolores.co\/index.php?rest_route=%2Fwp%2Fv2%2Fcomments&post=984"}],"wp:featuredmedia":[{"embeddable":true,"href":"https:\/\/sietecolores.co\/index.php?rest_route=\/wp\/v2\/media\/985"}],"wp:attachment":[{"href":"https:\/\/sietecolores.co\/index.php?rest_route=%2Fwp%2Fv2%2Fmedia&parent=984"}],"wp:term":[{"taxonomy":"product_brand","embeddable":true,"href":"https:\/\/sietecolores.co\/index.php?rest_route=%2Fwp%2Fv2%2Fproduct_brand&post=984"},{"taxonomy":"product_cat","embeddable":true,"href":"https:\/\/sietecolores.co\/index.php?rest_route=%2Fwp%2Fv2%2Fproduct_cat&post=984"},{"taxonomy":"product_tag","embeddable":true,"href":"https:\/\/sietecolores.co\/index.php?rest_route=%2Fwp%2Fv2%2Fproduct_tag&post=984"}],"curies":[{"name":"wp","href":"https:\/\/api.w.org\/{rel}","templated":true}]}}