{"id":986,"date":"2023-11-24T14:29:09","date_gmt":"2023-11-24T14:29:09","guid":{"rendered":"https:\/\/sietecolores.co\/?post_type=product&#038;p=986"},"modified":"2023-11-28T17:28:11","modified_gmt":"2023-11-28T17:28:11","slug":"jazmin","status":"publish","type":"product","link":"https:\/\/sietecolores.co\/?product=jazmin","title":{"rendered":"Jazmin"},"content":{"rendered":"<p>&nbsp;<\/p>\n<p><b>JAZM\u00cdN (Jasminum Officinale)<\/b><\/p>\n<p><b>BELLEZA<\/b><\/p>\n<p><span style=\"font-weight: 400;\">Orden: Lamiales<\/span><\/p>\n<p><span style=\"font-weight: 400;\">Familia: Ole\u00e1ceas<\/span><span style=\"font-weight: 400;\">\u00a0<\/span><\/p>\n<p><span style=\"font-weight: 400;\">G\u00e9nero: Jasminum<\/span><span style=\"font-weight: 400;\">\u00a0<\/span><\/p>\n<p><span style=\"font-weight: 400;\">Especie: Jasminum Officinalis,\u00a0<\/span><\/p>\n<p><span style=\"font-weight: 400;\">Es una planta trepadora que puede alcanzar 4 metros. Los tallos son cuadrados verdes o gris\u00e1ceos, que requieren un apoyo para crecer,\u00a0 las flores son blancas y crecen en racimos. Son plantas que necesitan mucha luz y no soportan las heladas. La fragancia que emiten las flores es muy intensa y dulce.<\/span><\/p>\n<p><span style=\"font-weight: 400;\">Su origen est\u00e1 en Asia, pero ya se cultiva en el mundo entero, en este momento el mejor aceite se extrae en Grasse una Villa al sur de Francia. Las flores se deben recoger en la noche y en la ma\u00f1ana, ya que antes de que salga el sol se inicia su extracci\u00f3n.<\/span><\/p>\n<p><span style=\"font-weight: 400;\">El aceite esencial se extrae por destilaci\u00f3n a vapor de sus flores, su aroma es floral, c\u00e1lido, almizclado y ex\u00f3tico.<\/span><\/p>\n<p><span style=\"font-weight: 400;\">Se le conoce como el \u201crey de los aceites\u201d. El Jazm\u00edn simboliza la belleza femenina.<\/span><\/p>\n<p>&nbsp;<\/p>\n<p><b>PROPIEDADES TERAP\u00c9UTICAS F\u00cdSICAS<\/b><\/p>\n<ul>\n<li style=\"font-weight: 400;\" aria-level=\"1\"><span style=\"font-weight: 400;\">Antibacteriano y antiviral<\/span><\/li>\n<li style=\"font-weight: 400;\" aria-level=\"1\"><span style=\"font-weight: 400;\">Antidepresivo<\/span><\/li>\n<li style=\"font-weight: 400;\" aria-level=\"1\"><span style=\"font-weight: 400;\">Uso dermatol\u00f3gico: hidrata, nutre y rejuvenece la piel<\/span><\/li>\n<li style=\"font-weight: 400;\" aria-level=\"1\"><span style=\"font-weight: 400;\">Analg\u00e9sico contra dolores menstruales<\/span><\/li>\n<li style=\"font-weight: 400;\" aria-level=\"1\"><span style=\"font-weight: 400;\">Equilibra las hormonas<\/span><\/li>\n<li style=\"font-weight: 400;\" aria-level=\"1\"><span style=\"font-weight: 400;\">Ideal para depresi\u00f3n postparto<\/span><\/li>\n<li style=\"font-weight: 400;\" aria-level=\"1\"><span style=\"font-weight: 400;\">Ayuda a regular el ciclo menstrual<\/span><\/li>\n<li style=\"font-weight: 400;\" aria-level=\"1\"><span style=\"font-weight: 400;\">Durante el parto favorece las contracciones\u00a0<\/span><\/li>\n<li style=\"font-weight: 400;\" aria-level=\"1\"><span style=\"font-weight: 400;\">Facilita la lactancia<\/span><\/li>\n<li style=\"font-weight: 400;\" aria-level=\"1\"><span style=\"font-weight: 400;\">Es antiespasm\u00f3dico favoreciendo la tos, las contracciones musculares, c\u00f3licos menstruales, calambres<\/span><\/li>\n<li style=\"font-weight: 400;\" aria-level=\"1\"><span style=\"font-weight: 400;\">Apoya en la eyaculaci\u00f3n precoz e impotencia<\/span><\/li>\n<li style=\"font-weight: 400;\" aria-level=\"1\"><span style=\"font-weight: 400;\">Regula la temperatura corporal<\/span><\/li>\n<\/ul>\n<p>&nbsp;<\/p>\n<p><b>PROPIEDADES TERAP\u00c9UTICAS ENERG\u00c9TICAS<\/b><\/p>\n<ul>\n<li style=\"font-weight: 400;\" aria-level=\"1\"><span style=\"font-weight: 400;\">Es afrodis\u00edaco<\/span><\/li>\n<li style=\"font-weight: 400;\" aria-level=\"1\"><span style=\"font-weight: 400;\">Potencia y restaura la energ\u00eda sexual<\/span><\/li>\n<li style=\"font-weight: 400;\" aria-level=\"1\"><span style=\"font-weight: 400;\">Se considera el perfume del amor<\/span><\/li>\n<li style=\"font-weight: 400;\" aria-level=\"1\"><span style=\"font-weight: 400;\">Tiene cualidades seductoras<\/span><\/li>\n<li style=\"font-weight: 400;\" aria-level=\"1\"><span style=\"font-weight: 400;\">Mejora el estado de \u00e1nimo a trav\u00e9s del optimismo y la euforia<\/span><\/li>\n<li style=\"font-weight: 400;\" aria-level=\"1\"><span style=\"font-weight: 400;\">Usado en yoga calma la mente<\/span><\/li>\n<li style=\"font-weight: 400;\" aria-level=\"1\"><span style=\"font-weight: 400;\">Relaja y eleva el esp\u00edritu<\/span><\/li>\n<li style=\"font-weight: 400;\" aria-level=\"1\"><span style=\"font-weight: 400;\">Promueve sentimientos de alegr\u00eda y confianza<\/span><\/li>\n<li style=\"font-weight: 400;\" aria-level=\"1\"><span style=\"font-weight: 400;\">Su planeta regente es Venus<\/span><\/li>\n<li style=\"font-weight: 400;\" aria-level=\"1\"><span style=\"font-weight: 400;\">En China se le atribuyen poderes para conservar la belleza<\/span><\/li>\n<li style=\"font-weight: 400;\" aria-level=\"1\"><span style=\"font-weight: 400;\">Act\u00faa con m\u00e1s poder sobre los signos Tauro y Libra; potenciando en ellos su energ\u00eda sexual y su belleza<\/span><\/li>\n<\/ul>\n<p>&nbsp;<\/p>\n","protected":false},"excerpt":{"rendered":"<p><span style=\"font-weight: 400;\"><b>BELLEZA.\u00a0<\/b>Relaja y eleva el esp\u00edritu.\u00a0<\/span><span style=\"font-weight: 400;\">Equilibra las hormonas.\u00a0<\/span><\/p>\n","protected":false},"featured_media":987,"comment_status":"open","ping_status":"closed","template":"","meta":{"_monsterinsights_skip_tracking":false,"_monsterinsights_sitenote_active":false,"_monsterinsights_sitenote_note":"","_monsterinsights_sitenote_category":0,"_joinchat":[]},"product_brand":[],"product_cat":[27],"product_tag":[],"class_list":{"0":"post-986","1":"product","2":"type-product","3":"status-publish","4":"has-post-thumbnail","6":"product_cat-aceites-esenciales","8":"first","9":"instock","10":"shipping-taxable","11":"purchasable","12":"product-type-simple"},"aioseo_notices":[],"_links":{"self":[{"href":"https:\/\/sietecolores.co\/index.php?rest_route=\/wp\/v2\/product\/986","targetHints":{"allow":["GET"]}}],"collection":[{"href":"https:\/\/sietecolores.co\/index.php?rest_route=\/wp\/v2\/product"}],"about":[{"href":"https:\/\/sietecolores.co\/index.php?rest_route=\/wp\/v2\/types\/product"}],"replies":[{"embeddable":true,"href":"https:\/\/sietecolores.co\/index.php?rest_route=%2Fwp%2Fv2%2Fcomments&post=986"}],"wp:featuredmedia":[{"embeddable":true,"href":"https:\/\/sietecolores.co\/index.php?rest_route=\/wp\/v2\/media\/987"}],"wp:attachment":[{"href":"https:\/\/sietecolores.co\/index.php?rest_route=%2Fwp%2Fv2%2Fmedia&parent=986"}],"wp:term":[{"taxonomy":"product_brand","embeddable":true,"href":"https:\/\/sietecolores.co\/index.php?rest_route=%2Fwp%2Fv2%2Fproduct_brand&post=986"},{"taxonomy":"product_cat","embeddable":true,"href":"https:\/\/sietecolores.co\/index.php?rest_route=%2Fwp%2Fv2%2Fproduct_cat&post=986"},{"taxonomy":"product_tag","embeddable":true,"href":"https:\/\/sietecolores.co\/index.php?rest_route=%2Fwp%2Fv2%2Fproduct_tag&post=986"}],"curies":[{"name":"wp","href":"https:\/\/api.w.org\/{rel}","templated":true}]}}