{"id":995,"date":"2023-11-25T01:26:21","date_gmt":"2023-11-25T01:26:21","guid":{"rendered":"https:\/\/sietecolores.co\/?post_type=product&#038;p=995"},"modified":"2023-11-28T17:03:54","modified_gmt":"2023-11-28T17:03:54","slug":"sandalo","status":"publish","type":"product","link":"https:\/\/sietecolores.co\/?product=sandalo","title":{"rendered":"S\u00e1ndalo"},"content":{"rendered":"<p><b>S\u00c1NDALO (Santalum \u00e1lbum)<\/b><\/p>\n<p><b>PACIFICADOR<\/b><\/p>\n<p><span style=\"font-weight: 400;\">Orden: Santalales<\/span><\/p>\n<p><span style=\"font-weight: 400;\">Familia: Santalaceae<\/span><\/p>\n<p><span style=\"font-weight: 400;\">G\u00e9nero: Santalum<\/span><span style=\"font-weight: 400;\">\u00a0<\/span><\/p>\n<p><span style=\"font-weight: 400;\">Especie: S.album<\/span><\/p>\n<p>&nbsp;<\/p>\n<p><span style=\"font-weight: 400;\">Es un \u00e1rbol originario de la India y considerado sagrado, puede llegar a los 10 metros de altura.<\/span><\/p>\n<p><span style=\"font-weight: 400;\">El aceite se extrae de su corteza y tambi\u00e9n sus ra\u00edces por destilaci\u00f3n de arrastre a vapor. Es el coraz\u00f3n del \u00e1rbol el que contiene la mayor cantidad de aceite. El aceite obtenido es viscoso con olor ligero amaderado y bals\u00e1mico.<\/span><\/p>\n<p><span style=\"font-weight: 400;\">Su aroma se ha usado en perfumer\u00eda desde la antig\u00fcedad.<\/span><\/p>\n<p><span style=\"font-weight: 400;\">Es uno de los aceites base de la Medicina Ayurv\u00e9dica y tambi\u00e9n muy usado en la Medicina China.<\/span><\/p>\n<p>&nbsp;<\/p>\n<p><b>PROPIEDADES TERAP\u00c9UTICAS F\u00cdSICAS<\/b><\/p>\n<ul>\n<li style=\"font-weight: 400;\" aria-level=\"1\"><span style=\"font-weight: 400;\">Hidrata la piel, sin dejar una sensaci\u00f3n grasosa, aportando nutrientes que favorecen la regeneraci\u00f3n de las c\u00e9lulas, por lo que es ideal para pieles deshidratadas, envejecidas o muy secas.<\/span><\/li>\n<li style=\"font-weight: 400;\" aria-level=\"1\"><span style=\"font-weight: 400;\">Es un aliado para la piel y el cabello<\/span><\/li>\n<li style=\"font-weight: 400;\" aria-level=\"1\"><span style=\"font-weight: 400;\">Antioxidante: tiene la capacidad de capturar los radicales libres responsables del envejecimiento celular<\/span><\/li>\n<li style=\"font-weight: 400;\" aria-level=\"1\"><span style=\"font-weight: 400;\">Aumenta el ciclo de vida de la c\u00e9lula del fol\u00edculo piloso.<\/span><\/li>\n<li style=\"font-weight: 400;\" aria-level=\"1\"><span style=\"font-weight: 400;\">Ayuda a eliminar cicatrices y estr\u00edas<\/span><\/li>\n<li style=\"font-weight: 400;\" aria-level=\"1\"><span style=\"font-weight: 400;\">Antimicrobiano<\/span><\/li>\n<li style=\"font-weight: 400;\" aria-level=\"1\"><span style=\"font-weight: 400;\">Restablece los niveles de serotonina<\/span><\/li>\n<li style=\"font-weight: 400;\" aria-level=\"1\"><span style=\"font-weight: 400;\">Regula los niveles adecuados de presi\u00f3n controlando la hipertensi\u00f3n<\/span><\/li>\n<li style=\"font-weight: 400;\" aria-level=\"1\"><span style=\"font-weight: 400;\">Afrodis\u00edaco natural<\/span><\/li>\n<\/ul>\n<p>&nbsp;<\/p>\n<p><b>PROPIEDADES TERAP\u00c9UTICAS ENERG\u00c9TICAS<\/b><\/p>\n<ul>\n<li style=\"font-weight: 400;\" aria-level=\"1\"><span style=\"font-weight: 400;\">Propicia la relajaci\u00f3n y la paz<\/span><\/li>\n<li style=\"font-weight: 400;\" aria-level=\"1\"><span style=\"font-weight: 400;\">Ayuda a la meditaci\u00f3n\u00a0<\/span><\/li>\n<li style=\"font-weight: 400;\" aria-level=\"1\"><span style=\"font-weight: 400;\">Propicia la b\u00fasqueda del equilibrio interior<\/span><\/li>\n<li style=\"font-weight: 400;\" aria-level=\"1\"><span style=\"font-weight: 400;\">Promueve la calma en estados de estr\u00e9s, ansiedad, tensi\u00f3n nerviosa o insomnio<\/span><\/li>\n<li style=\"font-weight: 400;\" aria-level=\"1\"><span style=\"font-weight: 400;\">Relaja y estimula la mente<\/span><\/li>\n<li style=\"font-weight: 400;\" aria-level=\"1\"><span style=\"font-weight: 400;\">Para tener conversaciones conciliatorias favorece la armon\u00eda y la paz<\/span><\/li>\n<li style=\"font-weight: 400;\" aria-level=\"1\"><span style=\"font-weight: 400;\">Limpia de pensamientos negativos<\/span><\/li>\n<li style=\"font-weight: 400;\" aria-level=\"1\"><span style=\"font-weight: 400;\">Promueve la comunicaci\u00f3n espirituales\u00a0<\/span><\/li>\n<li style=\"font-weight: 400;\" aria-level=\"1\"><span style=\"font-weight: 400;\">Suaviza el car\u00e1cter<\/span><\/li>\n<li style=\"font-weight: 400;\" aria-level=\"1\"><span style=\"font-weight: 400;\">Disminuye la negatividad en personas y lugares<\/span><\/li>\n<li style=\"font-weight: 400;\" aria-level=\"1\"><span style=\"font-weight: 400;\">Estimula la creatividad<\/span><\/li>\n<li style=\"font-weight: 400;\" aria-level=\"1\"><span style=\"font-weight: 400;\">Activa la prosperidad<\/span><\/li>\n<li style=\"font-weight: 400;\" aria-level=\"1\"><span style=\"font-weight: 400;\">Despeja energ\u00edas de baja vibraci\u00f3n para permitirnos fluir m\u00e1s libremente<\/span><\/li>\n<\/ul>\n<p>&nbsp;<\/p>\n<p>&nbsp;<\/p>\n","protected":false},"excerpt":{"rendered":"<p><span style=\"font-weight: 400;\"><b>PACIFICADOR.\u00a0<\/b>Hidrata la piel, sin dejar una sensaci\u00f3n grasosa, aportando nutrientes que favorecen la regeneraci\u00f3n de las c\u00e9lulas, por lo que es ideal para pieles deshidratadas, envejecidas o muy secas.\u00a0<\/span><span style=\"font-weight: 400;\">Suaviza el car\u00e1cter<\/span><\/p>\n","protected":false},"featured_media":996,"comment_status":"open","ping_status":"closed","template":"","meta":{"_monsterinsights_skip_tracking":false,"_monsterinsights_sitenote_active":false,"_monsterinsights_sitenote_note":"","_monsterinsights_sitenote_category":0,"_joinchat":[]},"product_brand":[],"product_cat":[27],"product_tag":[],"class_list":{"0":"post-995","1":"product","2":"type-product","3":"status-publish","4":"has-post-thumbnail","6":"product_cat-aceites-esenciales","8":"first","9":"instock","10":"shipping-taxable","11":"purchasable","12":"product-type-simple"},"aioseo_notices":[],"_links":{"self":[{"href":"https:\/\/sietecolores.co\/index.php?rest_route=\/wp\/v2\/product\/995","targetHints":{"allow":["GET"]}}],"collection":[{"href":"https:\/\/sietecolores.co\/index.php?rest_route=\/wp\/v2\/product"}],"about":[{"href":"https:\/\/sietecolores.co\/index.php?rest_route=\/wp\/v2\/types\/product"}],"replies":[{"embeddable":true,"href":"https:\/\/sietecolores.co\/index.php?rest_route=%2Fwp%2Fv2%2Fcomments&post=995"}],"wp:featuredmedia":[{"embeddable":true,"href":"https:\/\/sietecolores.co\/index.php?rest_route=\/wp\/v2\/media\/996"}],"wp:attachment":[{"href":"https:\/\/sietecolores.co\/index.php?rest_route=%2Fwp%2Fv2%2Fmedia&parent=995"}],"wp:term":[{"taxonomy":"product_brand","embeddable":true,"href":"https:\/\/sietecolores.co\/index.php?rest_route=%2Fwp%2Fv2%2Fproduct_brand&post=995"},{"taxonomy":"product_cat","embeddable":true,"href":"https:\/\/sietecolores.co\/index.php?rest_route=%2Fwp%2Fv2%2Fproduct_cat&post=995"},{"taxonomy":"product_tag","embeddable":true,"href":"https:\/\/sietecolores.co\/index.php?rest_route=%2Fwp%2Fv2%2Fproduct_tag&post=995"}],"curies":[{"name":"wp","href":"https:\/\/api.w.org\/{rel}","templated":true}]}}