{"id":997,"date":"2023-11-25T01:28:39","date_gmt":"2023-11-25T01:28:39","guid":{"rendered":"https:\/\/sietecolores.co\/?post_type=product&#038;p=997"},"modified":"2023-11-28T17:01:37","modified_gmt":"2023-11-28T17:01:37","slug":"mirra","status":"publish","type":"product","link":"https:\/\/sietecolores.co\/?product=mirra","title":{"rendered":"Mirra"},"content":{"rendered":"<p><b>MIRRA <\/b><span style=\"font-weight: 400;\">(<\/span><b>Commiphora myrrha)<\/b><\/p>\n<p><b>\u00a0ELEVACI\u00d3N<\/b><\/p>\n<p><span style=\"font-weight: 400;\">Orden: Sapindales<\/span><\/p>\n<p><span style=\"font-weight: 400;\">Familia:<\/span> <span style=\"font-weight: 400;\">Burseraceae<\/span><span style=\"font-weight: 400;\">\u00a0<\/span><\/p>\n<p><span style=\"font-weight: 400;\">G\u00e9nero: Commiphora<\/span><span style=\"font-weight: 400;\">\u00a0<\/span><\/p>\n<p><span style=\"font-weight: 400;\">Especie: Myrrha<\/span><\/p>\n<p>&nbsp;<\/p>\n<p><span style=\"font-weight: 400;\">Originario de regiones de \u00c1frica, Arabia y Turqu\u00eda.\u00a0 El Commiphora myrrha es un \u00e1rbol peque\u00f1o, de 5 metros de altura que produce una savia que se endurece en la resina conocida como mirra. Es un \u00e1rbol o arbusto espinoso, de corteza delgada, flores blancas, con ramificaciones anudadas, angulosas y rugosas y de pocas hojas.<\/span><\/p>\n<p><span style=\"font-weight: 400;\">As\u00ed empieza la historia de la Mirra: Incienso, mirra y oro era el regalo de los Reyes Magos a Jes\u00fas; esto nos muestra como desde la antig\u00fcedad era valorada la mirra y que en esa \u00e9poca solo las personas adineradas ten\u00edan acceso a ella. A\u00fan hoy, obtener la pureza del aceite esencial de Mirra es costoso y los m\u00e1s puros quedan en manos de personas con poder.<\/span><\/p>\n<p><span style=\"font-weight: 400;\">Los egipcios hac\u00edan uso de la Mirra para embalsamar a sus muertos y para sus rituales a los Dioses. Los romanos la usaban como anest\u00e9sico para los condenados a muerte. As\u00ed por su naturaleza arom\u00e1tica fue usada en las medicinas de la \u00e9poca, con prop\u00f3sitos religiosos y en ceremonias funerarias.<\/span><\/p>\n<p><span style=\"font-weight: 400;\">Cuando se extrae la savia del \u00e1rbol de mirra, tambi\u00e9n conocida como goma de mirra, finalmente se endurece y se seca en resina de mirra, cuando se seca pasa de un tono amarillento a un color rojizo, cuando se cosecha el \u00e1rbol de mirra, &#8220;sangra&#8221; la savia del \u00e1rbol, que luego se vuelve dura y brillante. Mediante la destilaci\u00f3n al vapor, la resina de mirra se convierte en un aceite esencial con un aroma seco, herb\u00e1ceo y amaderado.<\/span><\/p>\n<p>&nbsp;<\/p>\n<p><b>PROPIEDADES TERAP\u00c9UTICAS F\u00cdSICAS<\/b><\/p>\n<p>&nbsp;<\/p>\n<ul>\n<li style=\"font-weight: 400;\" aria-level=\"1\"><span style=\"font-weight: 400;\">Tiene gran capacidad para limpiar la boca y la garganta. Puedes incorporarlo a tu rutina diaria de higiene bucal agregando una gota de aceite esencial de mirra en \u00bd vaso de agua, para un enjuague bucal.\u00a0<\/span><\/li>\n<li style=\"font-weight: 400;\" aria-level=\"1\"><span style=\"font-weight: 400;\">Es excelente para la piel d\u00e1ndole una sensaci\u00f3n calmante y una apariencia juvenil.\u00a0 Ayuda a disminuir la aparici\u00f3n de l\u00edneas de expresi\u00f3n y arrugas<\/span><\/li>\n<li style=\"font-weight: 400;\" aria-level=\"1\"><span style=\"font-weight: 400;\">Muy \u00fatil en el fortalecimiento de las u\u00f1as<\/span><\/li>\n<li style=\"font-weight: 400;\" aria-level=\"1\"><span style=\"font-weight: 400;\">Es antioxidante evitando el envejecimiento prematuro<\/span><\/li>\n<li style=\"font-weight: 400;\" aria-level=\"1\"><span style=\"font-weight: 400;\">Antiinflamatorio<\/span><\/li>\n<li style=\"font-weight: 400;\" aria-level=\"1\"><span style=\"font-weight: 400;\">Antimicrobiano<\/span><\/li>\n<li style=\"font-weight: 400;\" aria-level=\"1\"><span style=\"font-weight: 400;\">Expectorante<\/span><\/li>\n<\/ul>\n<p>&nbsp;<\/p>\n<p><b>PROPIEDADES TERAP\u00c9UTICAS ENERG\u00c9TICAS<\/b><\/p>\n<ul>\n<li aria-level=\"1\"><span style=\"font-weight: 400;\">Promueve el equilibrio emocional.<\/span><\/li>\n<\/ul>\n<ul>\n<li aria-level=\"1\"><span style=\"font-weight: 400;\">Eleva el estado de \u00e1nimo<\/span><\/li>\n<\/ul>\n<ul>\n<li aria-level=\"1\"><span style=\"font-weight: 400;\">Promueve estados elevados de consciencia<\/span><\/li>\n<\/ul>\n<ul>\n<li aria-level=\"1\"><span style=\"font-weight: 400;\">Mantiene sentimientos de paz en los hogares<\/span><\/li>\n<\/ul>\n<ul>\n<li aria-level=\"1\"><span style=\"font-weight: 400;\">Ahuyenta energ\u00edas negativas<\/span><\/li>\n<\/ul>\n<ul>\n<li aria-level=\"1\"><span style=\"font-weight: 400;\">Crea ambientes espiritualmente armoniosos<\/span><\/li>\n<li aria-level=\"1\"><span style=\"font-weight: 400;\">Purifica espacios y personas<\/span><\/li>\n<li style=\"font-weight: 400;\" aria-level=\"1\"><span style=\"font-weight: 400;\">Calma la mente y promueve la concentraci\u00f3n<\/span><\/li>\n<li style=\"font-weight: 400;\" aria-level=\"1\"><span style=\"font-weight: 400;\">Facilita estados de meditaci\u00f3n profunda<\/span><\/li>\n<li style=\"font-weight: 400;\" aria-level=\"1\"><span style=\"font-weight: 400;\">Eleva las intenciones hacia lo sagrado creando un espacio adecuado para la introspecci\u00f3n, la contemplaci\u00f3n y la conexi\u00f3n con lo divino\u00a0<\/span><\/li>\n<li style=\"font-weight: 400;\" aria-level=\"1\"><span style=\"font-weight: 400;\">Deja atr\u00e1s lo antiguo y abre espacio para lo nuevo<\/span><\/li>\n<li style=\"font-weight: 400;\" aria-level=\"1\"><span style=\"font-weight: 400;\">Favorece la liberaci\u00f3n de viejos patrones<\/span><\/li>\n<li style=\"font-weight: 400;\" aria-level=\"1\"><span style=\"font-weight: 400;\">Crea escudos de protecci\u00f3n frente a energ\u00edas de baja vibraci\u00f3n<\/span><\/li>\n<\/ul>\n<p>&nbsp;<\/p>\n<p>&nbsp;<\/p>\n","protected":false},"excerpt":{"rendered":"<p><b>\u00a0ELEVACI\u00d3N.\u00a0<\/b><span style=\"font-weight: 400;\">Tiene gran capacidad para limpiar la boca y la garganta. Puedes incorporarlo a tu rutina diaria de higiene bucal agregando una gota de aceite esencial de mirra en \u00bd vaso de agua, para un enjuague bucal. \u00a0<\/span><b><\/b><span style=\"font-weight: 400;\">Eleva el estado de \u00e1nimo<\/span><\/p>\n","protected":false},"featured_media":998,"comment_status":"open","ping_status":"closed","template":"","meta":{"_monsterinsights_skip_tracking":false,"_monsterinsights_sitenote_active":false,"_monsterinsights_sitenote_note":"","_monsterinsights_sitenote_category":0,"_joinchat":[]},"product_brand":[],"product_cat":[27],"product_tag":[],"class_list":{"0":"post-997","1":"product","2":"type-product","3":"status-publish","4":"has-post-thumbnail","6":"product_cat-aceites-esenciales","8":"first","9":"instock","10":"shipping-taxable","11":"purchasable","12":"product-type-simple"},"aioseo_notices":[],"_links":{"self":[{"href":"https:\/\/sietecolores.co\/index.php?rest_route=\/wp\/v2\/product\/997","targetHints":{"allow":["GET"]}}],"collection":[{"href":"https:\/\/sietecolores.co\/index.php?rest_route=\/wp\/v2\/product"}],"about":[{"href":"https:\/\/sietecolores.co\/index.php?rest_route=\/wp\/v2\/types\/product"}],"replies":[{"embeddable":true,"href":"https:\/\/sietecolores.co\/index.php?rest_route=%2Fwp%2Fv2%2Fcomments&post=997"}],"wp:featuredmedia":[{"embeddable":true,"href":"https:\/\/sietecolores.co\/index.php?rest_route=\/wp\/v2\/media\/998"}],"wp:attachment":[{"href":"https:\/\/sietecolores.co\/index.php?rest_route=%2Fwp%2Fv2%2Fmedia&parent=997"}],"wp:term":[{"taxonomy":"product_brand","embeddable":true,"href":"https:\/\/sietecolores.co\/index.php?rest_route=%2Fwp%2Fv2%2Fproduct_brand&post=997"},{"taxonomy":"product_cat","embeddable":true,"href":"https:\/\/sietecolores.co\/index.php?rest_route=%2Fwp%2Fv2%2Fproduct_cat&post=997"},{"taxonomy":"product_tag","embeddable":true,"href":"https:\/\/sietecolores.co\/index.php?rest_route=%2Fwp%2Fv2%2Fproduct_tag&post=997"}],"curies":[{"name":"wp","href":"https:\/\/api.w.org\/{rel}","templated":true}]}}