{"id":999,"date":"2023-11-25T01:31:58","date_gmt":"2023-11-25T01:31:58","guid":{"rendered":"https:\/\/sietecolores.co\/?post_type=product&#038;p=999"},"modified":"2023-11-28T16:58:00","modified_gmt":"2023-11-28T16:58:00","slug":"vainilla","status":"publish","type":"product","link":"https:\/\/sietecolores.co\/?product=vainilla","title":{"rendered":"Vainilla"},"content":{"rendered":"<p><b>VAINILLA (Vanilla planifolia)<\/b><\/p>\n<p><b>ABRE CAMINOS<\/b><\/p>\n<p><span style=\"font-weight: 400;\">Orden: Orchidales<\/span><\/p>\n<p><span style=\"font-weight: 400;\">Familia: Orchidaceae<\/span><\/p>\n<p><span style=\"font-weight: 400;\">G\u00e9nero: Vanilla<\/span><\/p>\n<p><span style=\"font-weight: 400;\">Especie: V. planifolia<\/span><span style=\"font-weight: 400;\">\u00a0 <\/span><\/p>\n<p>&nbsp;<\/p>\n<p><span style=\"font-weight: 400;\">La Vainilla es una planta perteneciente al g\u00e9nero de orqu\u00eddeas con alrededor de 110 especies distribuidas por las regiones tropicales del planeta: Am\u00e9rica tropical, Asia tropical y \u00c1frica occidental. Sus frutos son conocidos como vainillas.<\/span><\/p>\n<p><span style=\"font-weight: 400;\">Es originaria de M\u00e9xico, Centroam\u00e9rica. Fue introducida a Europa por los colonizadores espa\u00f1oles, siendo as\u00ed una exquisita aportaci\u00f3n del mundo prehisp\u00e1nico al viejo mundo.<\/span><\/p>\n<p><span style=\"font-weight: 400;\">En M\u00e9xico su cultivo por Aztecas y Totonacas era considerada una actividad m\u00edstico religiosa.<\/span><\/p>\n<p><span style=\"font-weight: 400;\">M\u00e9xico tuvo un monopolio con el cultivo de la vainilla hasta mediados del siglo<\/span> <span style=\"font-weight: 400;\">19 cuando los franceses las llevaron a algunas islas del Oc\u00e9ano \u00cdndico, incluyendo a Madagascar.\u00a0 En M\u00e9xico la polinizaci\u00f3n depend\u00eda de la abeja melipona, pero en Madagascar no exist\u00eda esta abeja por lo que los franceses aprendieron a polinizar las flores a mano. Hoy en d\u00eda incluso en M\u00e9xico se hace esta polinizaci\u00f3n manualmente.<\/span><\/p>\n<p><span style=\"font-weight: 400;\">La ciudad de Papantla es en M\u00e9xico todav\u00eda el coraz\u00f3n de la regi\u00f3n de la vainilla. Ciudad monta\u00f1osa, en el estado de Veracruz.<\/span><\/p>\n<p><span style=\"font-weight: 400;\">La vainilla crece en combinaci\u00f3n con una planta tutora; naranjo, cedro y otros tipos de \u00e1rboles o estacas solo para apoyo, no se alimentan de estos, y est\u00e1n realmente enraizadas en el suelo<\/span><span style=\"font-weight: 400;\">.\u00a0<\/span><\/p>\n<p><span style=\"font-weight: 400;\">El trabajo de recolecci\u00f3n y polinizaci\u00f3n debe ser manual y es en parte una de las razones del alto costo de la vainilla.\u00a0<\/span><\/p>\n<p><span style=\"font-weight: 400;\">La Vainilla es una planta trepadora y epifita, es decir que usa otra planta como sost\u00e9n. <\/span><span style=\"font-weight: 400;\">Tiene unas temperaturas \u00f3ptimas de crecimiento de<\/span><b>\u00a0<\/b><span style=\"font-weight: 400;\">20<\/span><b>\u00a0<\/b><span style=\"font-weight: 400;\">\u00baC hasta 30 \u00ba C y requiere sombra.<\/span><\/p>\n<p><span style=\"font-weight: 400;\">Sus flores son de corta duraci\u00f3n, abren en el amanecer y cierran en el atardecer, solo duran 1 d\u00eda y son altamente arom\u00e1ticas.<\/span><\/p>\n<p><span style=\"font-weight: 400;\">La vaina suele medir entre 15 y 23 cm de largo, es delgada y contiene una pulpa oleosa y numerosas semillas de tama\u00f1o min\u00fasculo.<\/span> <span style=\"font-weight: 400;\">De cada vaina solo se obtiene un 2% de vainilla, el principio arom\u00e1tico que se utiliza para dar sabor a diversos alimentos y para la extracci\u00f3n de su aceite esencial.<\/span><\/p>\n<p><b>PROPIEDADES TERAP\u00c9UTICAS F\u00cdSICAS<\/b><\/p>\n<ul>\n<li aria-level=\"1\"><span style=\"font-weight: 400;\">Promueve el crecimiento del cabello<\/span><\/li>\n<\/ul>\n<ul>\n<li aria-level=\"1\"><span style=\"font-weight: 400;\">T\u00f3nico cardiaco<\/span><\/li>\n<\/ul>\n<ul>\n<li aria-level=\"1\"><span style=\"font-weight: 400;\">Aumenta la energ\u00eda vital<\/span><\/li>\n<\/ul>\n<ul>\n<li aria-level=\"1\"><span style=\"font-weight: 400;\">Ideal para periodos pos convalecencia<\/span><\/li>\n<\/ul>\n<ul>\n<li aria-level=\"1\"><span style=\"font-weight: 400;\">Revitaliza f\u00edsica y emocionalmente<\/span><\/li>\n<\/ul>\n<ul>\n<li aria-level=\"1\"><span style=\"font-weight: 400;\">Antioxidante<\/span><\/li>\n<\/ul>\n<ul>\n<li aria-level=\"1\"><span style=\"font-weight: 400;\">Antidepresivo<\/span><\/li>\n<\/ul>\n<p><b>PROPIEDADES TERAP\u00c9UTICAS ENERG\u00c9TICAS<\/b><\/p>\n<ul>\n<li style=\"font-weight: 400;\" aria-level=\"1\"><span style=\"font-weight: 400;\">Afrodisiaco<\/span><\/li>\n<li style=\"font-weight: 400;\" aria-level=\"1\"><span style=\"font-weight: 400;\">Atrae el amor<\/span><\/li>\n<li style=\"font-weight: 400;\" aria-level=\"1\"><span style=\"font-weight: 400;\">Permite fluir abriendo caminos de abundancia y prosperidad<\/span><\/li>\n<\/ul>\n<p><b>ABRE CAMINOS<\/b><span style=\"font-weight: 400;\">.<\/span><\/p>\n","protected":false},"excerpt":{"rendered":"<p><span style=\"font-weight: 400;\"><b>ABRE CAMINOS.\u00a0<\/b>Promueve el crecimiento del cabello.\u00a0<\/span><span style=\"font-weight: 400;\">Permite fluir abriendo caminos de abundancia y prosperidad<\/span><\/p>\n","protected":false},"featured_media":1000,"comment_status":"open","ping_status":"closed","template":"","meta":{"_monsterinsights_skip_tracking":false,"_monsterinsights_sitenote_active":false,"_monsterinsights_sitenote_note":"","_monsterinsights_sitenote_category":0,"_joinchat":[]},"product_brand":[],"product_cat":[27],"product_tag":[],"class_list":{"0":"post-999","1":"product","2":"type-product","3":"status-publish","4":"has-post-thumbnail","6":"product_cat-aceites-esenciales","8":"first","9":"instock","10":"shipping-taxable","11":"purchasable","12":"product-type-simple"},"aioseo_notices":[],"_links":{"self":[{"href":"https:\/\/sietecolores.co\/index.php?rest_route=\/wp\/v2\/product\/999","targetHints":{"allow":["GET"]}}],"collection":[{"href":"https:\/\/sietecolores.co\/index.php?rest_route=\/wp\/v2\/product"}],"about":[{"href":"https:\/\/sietecolores.co\/index.php?rest_route=\/wp\/v2\/types\/product"}],"replies":[{"embeddable":true,"href":"https:\/\/sietecolores.co\/index.php?rest_route=%2Fwp%2Fv2%2Fcomments&post=999"}],"wp:featuredmedia":[{"embeddable":true,"href":"https:\/\/sietecolores.co\/index.php?rest_route=\/wp\/v2\/media\/1000"}],"wp:attachment":[{"href":"https:\/\/sietecolores.co\/index.php?rest_route=%2Fwp%2Fv2%2Fmedia&parent=999"}],"wp:term":[{"taxonomy":"product_brand","embeddable":true,"href":"https:\/\/sietecolores.co\/index.php?rest_route=%2Fwp%2Fv2%2Fproduct_brand&post=999"},{"taxonomy":"product_cat","embeddable":true,"href":"https:\/\/sietecolores.co\/index.php?rest_route=%2Fwp%2Fv2%2Fproduct_cat&post=999"},{"taxonomy":"product_tag","embeddable":true,"href":"https:\/\/sietecolores.co\/index.php?rest_route=%2Fwp%2Fv2%2Fproduct_tag&post=999"}],"curies":[{"name":"wp","href":"https:\/\/api.w.org\/{rel}","templated":true}]}}